{"id":8448,"date":"2023-02-26T22:33:52","date_gmt":"2023-02-26T21:33:52","guid":{"rendered":"https:\/\/bukiboek.nl\/?post_type=product&#038;p=8448"},"modified":"2026-04-07T10:14:39","modified_gmt":"2026-04-07T08:14:39","slug":"ben-lang-de-xuexiao-shenghuo","status":"publish","type":"product","link":"https:\/\/bukiboek.nl\/en\/product\/ben-lang-de-xuexiao-shenghuo\/","title":{"rendered":"B\u00e8n l\u00e1ng de xu\u00e9xi\u00e0o sh\u0113nghu\u00f3"},"content":{"rendered":"<p>&#8220;Domme wolfs Schoolleven &#8221; vertelt het verhaal van het schoolleven van domme Wolf. Er zijn zoveel klasgenoten op de bosschool en het schoolleven is echt kleurrijk.<\/p>\n<p>Bruine Beer had geen muziekboek bij zich, Domme Wolf leende hem het boek zonder aarzelen, maar Bruine Beer nam het als zijn eigen boek. Toen hij zag dat het varkentje de laatste plaats in het examen haalde en drie maaltijden geen eten kreeg van zijn ouders, besloot Domme Wolf om het varkentje te redden. Vanaf dat moment zorgden de Domme Wolf dat hij de laatste plaats van de school kreeg&#8230; Auteur Tang Sulan gebruikt een humoristische toon om de kinderen te vermaken en brengt op een rustige manier het goede karakter van vriendelijkheid over.<\/p>","protected":false},"excerpt":{"rendered":"<p>&#8220;Domme wolfs Schoolleven &#8221; vertelt het verhaal van het schoolleven van domme Wolf. Er zijn zoveel klasgenoten op de bosschool en het schoolleven is echt kleurrijk. Bruine Beer had geen muziekboek bij zich, Domme Wolf leende hem het boek zonder aarzelen, maar Bruine Beer nam het als zijn eigen boek. Toen hij zag dat het [&hellip;]<\/p>\n","protected":false},"featured_media":8440,"comment_status":"open","ping_status":"closed","template":"","meta":{"site-sidebar-layout":"default","site-content-layout":"","ast-site-content-layout":"default","site-content-style":"default","site-sidebar-style":"default","ast-global-header-display":"","ast-banner-title-visibility":"","ast-main-header-display":"","ast-hfb-above-header-display":"","ast-hfb-below-header-display":"","ast-hfb-mobile-header-display":"","site-post-title":"","ast-breadcrumbs-content":"","ast-featured-img":"","footer-sml-layout":"","theme-transparent-header-meta":"default","adv-header-id-meta":"","stick-header-meta":"","header-above-stick-meta":"","header-main-stick-meta":"","header-below-stick-meta":"","astra-migrate-meta-layouts":"set","ast-page-background-enabled":"default","ast-page-background-meta":{"desktop":{"background-color":"","background-image":"","background-repeat":"repeat","background-position":"center center","background-size":"auto","background-attachment":"scroll","background-type":"","background-media":"","overlay-type":"","overlay-color":"","overlay-opacity":"","overlay-gradient":""},"tablet":{"background-color":"","background-image":"","background-repeat":"repeat","background-position":"center center","background-size":"auto","background-attachment":"scroll","background-type":"","background-media":"","overlay-type":"","overlay-color":"","overlay-opacity":"","overlay-gradient":""},"mobile":{"background-color":"","background-image":"","background-repeat":"repeat","background-position":"center center","background-size":"auto","background-attachment":"scroll","background-type":"","background-media":"","overlay-type":"","overlay-color":"","overlay-opacity":"","overlay-gradient":""}},"ast-content-background-meta":{"desktop":{"background-color":"var(--ast-global-color-5)","background-image":"","background-repeat":"repeat","background-position":"center center","background-size":"auto","background-attachment":"scroll","background-type":"","background-media":"","overlay-type":"","overlay-color":"","overlay-opacity":"","overlay-gradient":""},"tablet":{"background-color":"var(--ast-global-color-5)","background-image":"","background-repeat":"repeat","background-position":"center center","background-size":"auto","background-attachment":"scroll","background-type":"","background-media":"","overlay-type":"","overlay-color":"","overlay-opacity":"","overlay-gradient":""},"mobile":{"background-color":"var(--ast-global-color-5)","background-image":"","background-repeat":"repeat","background-position":"center center","background-size":"auto","background-attachment":"scroll","background-type":"","background-media":"","overlay-type":"","overlay-color":"","overlay-opacity":"","overlay-gradient":""}}},"product_brand":[],"product_cat":[27],"product_tag":[42,43],"klant-ref":[],"class_list":{"0":"post-8448","1":"product","2":"type-product","3":"status-publish","4":"has-post-thumbnail","6":"product_cat-chinese-kinderboeken","7":"product_tag-0-tot-3-jaar","8":"product_tag-4-tot-6-jaar","9":"desktop-align-left","10":"tablet-align-left","11":"mobile-align-left","13":"first","14":"onbackorder","15":"taxable","16":"shipping-taxable","17":"purchasable","18":"product-type-simple"},"yoast_head":"<!-- This site is optimized with the Yoast SEO plugin v27.4 - https:\/\/yoast.com\/product\/yoast-seo-wordpress\/ -->\n<title>B\u00e8n l\u00e1ng de xu\u00e9xi\u00e0o sh\u0113nghu\u00f3 - BukiBoek<\/title>\n<meta name=\"robots\" content=\"index, follow, max-snippet:-1, max-image-preview:large, max-video-preview:-1\" \/>\n<link rel=\"canonical\" href=\"https:\/\/bukiboek.nl\/en\/product\/ben-lang-de-xuexiao-shenghuo\/\" \/>\n<meta property=\"og:locale\" content=\"en_GB\" \/>\n<meta property=\"og:type\" content=\"article\" \/>\n<meta property=\"og:title\" content=\"B\u00e8n l\u00e1ng de xu\u00e9xi\u00e0o sh\u0113nghu\u00f3 - BukiBoek\" \/>\n<meta property=\"og:description\" content=\"&#8220;Domme wolfs Schoolleven &#8221; vertelt het verhaal van het schoolleven van domme Wolf. Er zijn zoveel klasgenoten op de bosschool en het schoolleven is echt kleurrijk. Bruine Beer had geen muziekboek bij zich, Domme Wolf leende hem het boek zonder aarzelen, maar Bruine Beer nam het als zijn eigen boek. Toen hij zag dat het [&hellip;]\" \/>\n<meta property=\"og:url\" content=\"https:\/\/bukiboek.nl\/en\/product\/ben-lang-de-xuexiao-shenghuo\/\" \/>\n<meta property=\"og:site_name\" content=\"BukiBoek\" \/>\n<meta property=\"article:modified_time\" content=\"2026-04-07T08:14:39+00:00\" \/>\n<meta property=\"og:image\" content=\"https:\/\/bukiboek.nl\/wp-content\/uploads\/2023\/02\/37-e1754319994426.png\" \/>\n\t<meta property=\"og:image:width\" content=\"590\" \/>\n\t<meta property=\"og:image:height\" content=\"930\" \/>\n\t<meta property=\"og:image:type\" content=\"image\/png\" \/>\n<meta name=\"twitter:card\" content=\"summary_large_image\" \/>\n<meta name=\"twitter:label1\" content=\"Estimated reading time\" \/>\n\t<meta name=\"twitter:data1\" content=\"1 minute\" \/>\n<script type=\"application\/ld+json\" class=\"yoast-schema-graph\">{\"@context\":\"https:\\\/\\\/schema.org\",\"@graph\":[{\"@type\":\"WebPage\",\"@id\":\"https:\\\/\\\/bukiboek.nl\\\/product\\\/ben-lang-de-xuexiao-shenghuo\\\/\",\"url\":\"https:\\\/\\\/bukiboek.nl\\\/product\\\/ben-lang-de-xuexiao-shenghuo\\\/\",\"name\":\"B\u00e8n l\u00e1ng de xu\u00e9xi\u00e0o sh\u0113nghu\u00f3 - BukiBoek\",\"isPartOf\":{\"@id\":\"https:\\\/\\\/bukiboek.nl\\\/en\\\/#website\"},\"primaryImageOfPage\":{\"@id\":\"https:\\\/\\\/bukiboek.nl\\\/product\\\/ben-lang-de-xuexiao-shenghuo\\\/#primaryimage\"},\"image\":{\"@id\":\"https:\\\/\\\/bukiboek.nl\\\/product\\\/ben-lang-de-xuexiao-shenghuo\\\/#primaryimage\"},\"thumbnailUrl\":\"https:\\\/\\\/bukiboek.nl\\\/wp-content\\\/uploads\\\/2023\\\/02\\\/37-e1754319994426.png\",\"datePublished\":\"2023-02-26T21:33:52+00:00\",\"dateModified\":\"2026-04-07T08:14:39+00:00\",\"breadcrumb\":{\"@id\":\"https:\\\/\\\/bukiboek.nl\\\/product\\\/ben-lang-de-xuexiao-shenghuo\\\/#breadcrumb\"},\"inLanguage\":\"en-GB\",\"potentialAction\":[{\"@type\":\"ReadAction\",\"target\":[\"https:\\\/\\\/bukiboek.nl\\\/product\\\/ben-lang-de-xuexiao-shenghuo\\\/\"]}]},{\"@type\":\"ImageObject\",\"inLanguage\":\"en-GB\",\"@id\":\"https:\\\/\\\/bukiboek.nl\\\/product\\\/ben-lang-de-xuexiao-shenghuo\\\/#primaryimage\",\"url\":\"https:\\\/\\\/bukiboek.nl\\\/wp-content\\\/uploads\\\/2023\\\/02\\\/37-e1754319994426.png\",\"contentUrl\":\"https:\\\/\\\/bukiboek.nl\\\/wp-content\\\/uploads\\\/2023\\\/02\\\/37-e1754319994426.png\",\"width\":590,\"height\":930},{\"@type\":\"BreadcrumbList\",\"@id\":\"https:\\\/\\\/bukiboek.nl\\\/product\\\/ben-lang-de-xuexiao-shenghuo\\\/#breadcrumb\",\"itemListElement\":[{\"@type\":\"ListItem\",\"position\":1,\"name\":\"Home\",\"item\":\"https:\\\/\\\/bukiboek.nl\\\/\"},{\"@type\":\"ListItem\",\"position\":2,\"name\":\"B\u00e8n l\u00e1ng de xu\u00e9xi\u00e0o sh\u0113nghu\u00f3\"}]},{\"@type\":\"WebSite\",\"@id\":\"https:\\\/\\\/bukiboek.nl\\\/en\\\/#website\",\"url\":\"https:\\\/\\\/bukiboek.nl\\\/en\\\/\",\"name\":\"BukiBoek\",\"description\":\"Kinderboeken in verschillende talen\",\"publisher\":{\"@id\":\"https:\\\/\\\/bukiboek.nl\\\/en\\\/#organization\"},\"potentialAction\":[{\"@type\":\"SearchAction\",\"target\":{\"@type\":\"EntryPoint\",\"urlTemplate\":\"https:\\\/\\\/bukiboek.nl\\\/en\\\/?s={search_term_string}\"},\"query-input\":{\"@type\":\"PropertyValueSpecification\",\"valueRequired\":true,\"valueName\":\"search_term_string\"}}],\"inLanguage\":\"en-GB\"},{\"@type\":\"Organization\",\"@id\":\"https:\\\/\\\/bukiboek.nl\\\/en\\\/#organization\",\"name\":\"BukiBoek\",\"url\":\"https:\\\/\\\/bukiboek.nl\\\/en\\\/\",\"logo\":{\"@type\":\"ImageObject\",\"inLanguage\":\"en-GB\",\"@id\":\"https:\\\/\\\/bukiboek.nl\\\/en\\\/#\\\/schema\\\/logo\\\/image\\\/\",\"url\":\"https:\\\/\\\/bukiboek.nl\\\/wp-content\\\/uploads\\\/2023\\\/01\\\/cropped-cropped-Transparent-Logo-1-e1675407711486.png\",\"contentUrl\":\"https:\\\/\\\/bukiboek.nl\\\/wp-content\\\/uploads\\\/2023\\\/01\\\/cropped-cropped-Transparent-Logo-1-e1675407711486.png\",\"width\":600,\"height\":662,\"caption\":\"BukiBoek\"},\"image\":{\"@id\":\"https:\\\/\\\/bukiboek.nl\\\/en\\\/#\\\/schema\\\/logo\\\/image\\\/\"},\"sameAs\":[\"https:\\\/\\\/www.linkedin.com\\\/company\\\/74944248\\\/\"]}]}<\/script>\n<!-- \/ Yoast SEO plugin. -->","yoast_head_json":{"title":"B\u00e8n l\u00e1ng de xu\u00e9xi\u00e0o sh\u0113nghu\u00f3 - BukiBoek","robots":{"index":"index","follow":"follow","max-snippet":"max-snippet:-1","max-image-preview":"max-image-preview:large","max-video-preview":"max-video-preview:-1"},"canonical":"https:\/\/bukiboek.nl\/en\/product\/ben-lang-de-xuexiao-shenghuo\/","og_locale":"en_GB","og_type":"article","og_title":"B\u00e8n l\u00e1ng de xu\u00e9xi\u00e0o sh\u0113nghu\u00f3 - BukiBoek","og_description":"&#8220;Domme wolfs Schoolleven &#8221; vertelt het verhaal van het schoolleven van domme Wolf. Er zijn zoveel klasgenoten op de bosschool en het schoolleven is echt kleurrijk. Bruine Beer had geen muziekboek bij zich, Domme Wolf leende hem het boek zonder aarzelen, maar Bruine Beer nam het als zijn eigen boek. Toen hij zag dat het [&hellip;]","og_url":"https:\/\/bukiboek.nl\/en\/product\/ben-lang-de-xuexiao-shenghuo\/","og_site_name":"BukiBoek","article_modified_time":"2026-04-07T08:14:39+00:00","og_image":[{"width":590,"height":930,"url":"https:\/\/bukiboek.nl\/wp-content\/uploads\/2023\/02\/37-e1754319994426.png","type":"image\/png"}],"twitter_card":"summary_large_image","twitter_misc":{"Estimated reading time":"1 minute"},"schema":{"@context":"https:\/\/schema.org","@graph":[{"@type":"WebPage","@id":"https:\/\/bukiboek.nl\/product\/ben-lang-de-xuexiao-shenghuo\/","url":"https:\/\/bukiboek.nl\/product\/ben-lang-de-xuexiao-shenghuo\/","name":"B\u00e8n l\u00e1ng de xu\u00e9xi\u00e0o sh\u0113nghu\u00f3 - BukiBoek","isPartOf":{"@id":"https:\/\/bukiboek.nl\/en\/#website"},"primaryImageOfPage":{"@id":"https:\/\/bukiboek.nl\/product\/ben-lang-de-xuexiao-shenghuo\/#primaryimage"},"image":{"@id":"https:\/\/bukiboek.nl\/product\/ben-lang-de-xuexiao-shenghuo\/#primaryimage"},"thumbnailUrl":"https:\/\/bukiboek.nl\/wp-content\/uploads\/2023\/02\/37-e1754319994426.png","datePublished":"2023-02-26T21:33:52+00:00","dateModified":"2026-04-07T08:14:39+00:00","breadcrumb":{"@id":"https:\/\/bukiboek.nl\/product\/ben-lang-de-xuexiao-shenghuo\/#breadcrumb"},"inLanguage":"en-GB","potentialAction":[{"@type":"ReadAction","target":["https:\/\/bukiboek.nl\/product\/ben-lang-de-xuexiao-shenghuo\/"]}]},{"@type":"ImageObject","inLanguage":"en-GB","@id":"https:\/\/bukiboek.nl\/product\/ben-lang-de-xuexiao-shenghuo\/#primaryimage","url":"https:\/\/bukiboek.nl\/wp-content\/uploads\/2023\/02\/37-e1754319994426.png","contentUrl":"https:\/\/bukiboek.nl\/wp-content\/uploads\/2023\/02\/37-e1754319994426.png","width":590,"height":930},{"@type":"BreadcrumbList","@id":"https:\/\/bukiboek.nl\/product\/ben-lang-de-xuexiao-shenghuo\/#breadcrumb","itemListElement":[{"@type":"ListItem","position":1,"name":"Home","item":"https:\/\/bukiboek.nl\/"},{"@type":"ListItem","position":2,"name":"B\u00e8n l\u00e1ng de xu\u00e9xi\u00e0o sh\u0113nghu\u00f3"}]},{"@type":"WebSite","@id":"https:\/\/bukiboek.nl\/en\/#website","url":"https:\/\/bukiboek.nl\/en\/","name":"BukiBook","description":"Children&#039;s books in different languages","publisher":{"@id":"https:\/\/bukiboek.nl\/en\/#organization"},"potentialAction":[{"@type":"SearchAction","target":{"@type":"EntryPoint","urlTemplate":"https:\/\/bukiboek.nl\/en\/?s={search_term_string}"},"query-input":{"@type":"PropertyValueSpecification","valueRequired":true,"valueName":"search_term_string"}}],"inLanguage":"en-GB"},{"@type":"Organization","@id":"https:\/\/bukiboek.nl\/en\/#organization","name":"BukiBook","url":"https:\/\/bukiboek.nl\/en\/","logo":{"@type":"ImageObject","inLanguage":"en-GB","@id":"https:\/\/bukiboek.nl\/en\/#\/schema\/logo\/image\/","url":"https:\/\/bukiboek.nl\/wp-content\/uploads\/2023\/01\/cropped-cropped-Transparent-Logo-1-e1675407711486.png","contentUrl":"https:\/\/bukiboek.nl\/wp-content\/uploads\/2023\/01\/cropped-cropped-Transparent-Logo-1-e1675407711486.png","width":600,"height":662,"caption":"BukiBoek"},"image":{"@id":"https:\/\/bukiboek.nl\/en\/#\/schema\/logo\/image\/"},"sameAs":["https:\/\/www.linkedin.com\/company\/74944248\/"]}]}},"_links":{"self":[{"href":"https:\/\/bukiboek.nl\/en\/wp-json\/wp\/v2\/product\/8448","targetHints":{"allow":["GET"]}}],"collection":[{"href":"https:\/\/bukiboek.nl\/en\/wp-json\/wp\/v2\/product"}],"about":[{"href":"https:\/\/bukiboek.nl\/en\/wp-json\/wp\/v2\/types\/product"}],"replies":[{"embeddable":true,"href":"https:\/\/bukiboek.nl\/en\/wp-json\/wp\/v2\/comments?post=8448"}],"wp:featuredmedia":[{"embeddable":true,"href":"https:\/\/bukiboek.nl\/en\/wp-json\/wp\/v2\/media\/8440"}],"wp:attachment":[{"href":"https:\/\/bukiboek.nl\/en\/wp-json\/wp\/v2\/media?parent=8448"}],"wp:term":[{"taxonomy":"product_brand","embeddable":true,"href":"https:\/\/bukiboek.nl\/en\/wp-json\/wp\/v2\/product_brand?post=8448"},{"taxonomy":"product_cat","embeddable":true,"href":"https:\/\/bukiboek.nl\/en\/wp-json\/wp\/v2\/product_cat?post=8448"},{"taxonomy":"product_tag","embeddable":true,"href":"https:\/\/bukiboek.nl\/en\/wp-json\/wp\/v2\/product_tag?post=8448"},{"taxonomy":"klant-ref","embeddable":true,"href":"https:\/\/bukiboek.nl\/en\/wp-json\/wp\/v2\/klant-ref?post=8448"}],"curies":[{"name":"wp","href":"https:\/\/api.w.org\/{rel}","templated":true}]}}