{"id":6787,"date":"2022-06-08T11:36:28","date_gmt":"2022-06-08T09:36:28","guid":{"rendered":"https:\/\/bukiboek.nl\/bekijk-alle-talen\/niet-gecategoriseerd\/biraye-emmaye-nexwes-e\/"},"modified":"2026-04-25T03:26:09","modified_gmt":"2026-04-25T01:26:09","slug":"biraye-emmaye-nexwes-e","status":"publish","type":"product","link":"https:\/\/bukiboek.nl\/en\/product\/biraye-emmaye-nexwes-e\/","title":{"rendered":"Biray\u00ea Emmay\u00ea nexwe\u015f e"},"content":{"rendered":"<p>Emma&#8217;s broertje is ziek is een herkenbaar prentenboek van Gunilla Wolde over wat er in huis verandert als een broertje of zusje ziek is. In het Koerdisch, ideaal voor gezinnen met jonge kinderen.<\/p>","protected":false},"excerpt":{"rendered":"<p>Emma&#8217;s broertje is ziek is een herkenbaar prentenboek van Gunilla Wolde over wat er in huis verandert als een broertje of zusje ziek is. In het Koerdisch, ideaal voor gezinnen met jonge kinderen.<\/p>","protected":false},"featured_media":6809,"comment_status":"open","ping_status":"closed","template":"","meta":{"site-sidebar-layout":"default","site-content-layout":"default","ast-site-content-layout":"default","site-content-style":"default","site-sidebar-style":"default","ast-global-header-display":"","ast-banner-title-visibility":"","ast-main-header-display":"","ast-hfb-above-header-display":"","ast-hfb-below-header-display":"","ast-hfb-mobile-header-display":"","site-post-title":"","ast-breadcrumbs-content":"","ast-featured-img":"","footer-sml-layout":"","theme-transparent-header-meta":"default","adv-header-id-meta":"","stick-header-meta":"","header-above-stick-meta":"","header-main-stick-meta":"","header-below-stick-meta":"","astra-migrate-meta-layouts":"set","ast-page-background-enabled":"default","ast-page-background-meta":{"desktop":{"background-color":"","background-image":"","background-repeat":"repeat","background-position":"center center","background-size":"auto","background-attachment":"scroll","background-type":"","background-media":"","overlay-type":"","overlay-color":"","overlay-opacity":"","overlay-gradient":""},"tablet":{"background-color":"","background-image":"","background-repeat":"repeat","background-position":"center center","background-size":"auto","background-attachment":"scroll","background-type":"","background-media":"","overlay-type":"","overlay-color":"","overlay-opacity":"","overlay-gradient":""},"mobile":{"background-color":"","background-image":"","background-repeat":"repeat","background-position":"center center","background-size":"auto","background-attachment":"scroll","background-type":"","background-media":"","overlay-type":"","overlay-color":"","overlay-opacity":"","overlay-gradient":""}},"ast-content-background-meta":{"desktop":{"background-color":"var(--ast-global-color-5)","background-image":"","background-repeat":"repeat","background-position":"center center","background-size":"auto","background-attachment":"scroll","background-type":"","background-media":"","overlay-type":"","overlay-color":"","overlay-opacity":"","overlay-gradient":""},"tablet":{"background-color":"var(--ast-global-color-5)","background-image":"","background-repeat":"repeat","background-position":"center center","background-size":"auto","background-attachment":"scroll","background-type":"","background-media":"","overlay-type":"","overlay-color":"","overlay-opacity":"","overlay-gradient":""},"mobile":{"background-color":"var(--ast-global-color-5)","background-image":"","background-repeat":"repeat","background-position":"center center","background-size":"auto","background-attachment":"scroll","background-type":"","background-media":"","overlay-type":"","overlay-color":"","overlay-opacity":"","overlay-gradient":""}}},"product_brand":[],"product_cat":[47],"product_tag":[42,43],"klant-ref":[],"class_list":{"0":"post-6787","1":"product","2":"type-product","3":"status-publish","4":"has-post-thumbnail","6":"product_cat-koerdische-kinderboeken","7":"product_tag-0-tot-3-jaar","8":"product_tag-4-tot-6-jaar","9":"desktop-align-left","10":"tablet-align-left","11":"mobile-align-left","13":"first","14":"instock","15":"taxable","16":"shipping-taxable","17":"purchasable","18":"product-type-simple"},"yoast_head":"<!-- This site is optimized with the Yoast SEO plugin v27.4 - https:\/\/yoast.com\/product\/yoast-seo-wordpress\/ -->\n<title>Biray\u00ea Emmay\u00ea nexwe\u015f e - BukiBoek<\/title>\n<meta name=\"robots\" content=\"index, follow, max-snippet:-1, max-image-preview:large, max-video-preview:-1\" \/>\n<link rel=\"canonical\" href=\"https:\/\/bukiboek.nl\/en\/product\/biraye-emmaye-nexwes-e\/\" \/>\n<meta property=\"og:locale\" content=\"en_GB\" \/>\n<meta property=\"og:type\" content=\"article\" \/>\n<meta property=\"og:title\" content=\"Biray\u00ea Emmay\u00ea nexwe\u015f e - BukiBoek\" \/>\n<meta property=\"og:description\" content=\"Emma&#8217;s broertje is ziek is een herkenbaar prentenboek van Gunilla Wolde over wat er in huis verandert als een broertje of zusje ziek is. In het Koerdisch, ideaal voor gezinnen met jonge kinderen.\" \/>\n<meta property=\"og:url\" content=\"https:\/\/bukiboek.nl\/en\/product\/biraye-emmaye-nexwes-e\/\" \/>\n<meta property=\"og:site_name\" content=\"BukiBoek\" \/>\n<meta property=\"article:modified_time\" content=\"2026-04-25T01:26:09+00:00\" \/>\n<meta property=\"og:image\" content=\"https:\/\/bukiboek.nl\/wp-content\/uploads\/2022\/06\/22-e1754385911853.jpg\" \/>\n\t<meta property=\"og:image:width\" content=\"722\" \/>\n\t<meta property=\"og:image:height\" content=\"747\" \/>\n\t<meta property=\"og:image:type\" content=\"image\/jpeg\" \/>\n<meta name=\"twitter:card\" content=\"summary_large_image\" \/>\n<meta name=\"twitter:label1\" content=\"Estimated reading time\" \/>\n\t<meta name=\"twitter:data1\" content=\"1 minute\" \/>\n<script type=\"application\/ld+json\" class=\"yoast-schema-graph\">{\"@context\":\"https:\\\/\\\/schema.org\",\"@graph\":[{\"@type\":\"WebPage\",\"@id\":\"https:\\\/\\\/bukiboek.nl\\\/product\\\/biraye-emmaye-nexwes-e\\\/\",\"url\":\"https:\\\/\\\/bukiboek.nl\\\/product\\\/biraye-emmaye-nexwes-e\\\/\",\"name\":\"Biray\u00ea Emmay\u00ea nexwe\u015f e - BukiBoek\",\"isPartOf\":{\"@id\":\"https:\\\/\\\/bukiboek.nl\\\/en\\\/#website\"},\"primaryImageOfPage\":{\"@id\":\"https:\\\/\\\/bukiboek.nl\\\/product\\\/biraye-emmaye-nexwes-e\\\/#primaryimage\"},\"image\":{\"@id\":\"https:\\\/\\\/bukiboek.nl\\\/product\\\/biraye-emmaye-nexwes-e\\\/#primaryimage\"},\"thumbnailUrl\":\"https:\\\/\\\/bukiboek.nl\\\/wp-content\\\/uploads\\\/2022\\\/06\\\/22-e1754385911853.jpg\",\"datePublished\":\"2022-06-08T09:36:28+00:00\",\"dateModified\":\"2026-04-25T01:26:09+00:00\",\"breadcrumb\":{\"@id\":\"https:\\\/\\\/bukiboek.nl\\\/product\\\/biraye-emmaye-nexwes-e\\\/#breadcrumb\"},\"inLanguage\":\"en-GB\",\"potentialAction\":[{\"@type\":\"ReadAction\",\"target\":[\"https:\\\/\\\/bukiboek.nl\\\/product\\\/biraye-emmaye-nexwes-e\\\/\"]}]},{\"@type\":\"ImageObject\",\"inLanguage\":\"en-GB\",\"@id\":\"https:\\\/\\\/bukiboek.nl\\\/product\\\/biraye-emmaye-nexwes-e\\\/#primaryimage\",\"url\":\"https:\\\/\\\/bukiboek.nl\\\/wp-content\\\/uploads\\\/2022\\\/06\\\/22-e1754385911853.jpg\",\"contentUrl\":\"https:\\\/\\\/bukiboek.nl\\\/wp-content\\\/uploads\\\/2022\\\/06\\\/22-e1754385911853.jpg\",\"width\":722,\"height\":747,\"caption\":\"Biray\u00ea Emmay\u00ea nexwe\u015f e - Koerdische kinderboeken\"},{\"@type\":\"BreadcrumbList\",\"@id\":\"https:\\\/\\\/bukiboek.nl\\\/product\\\/biraye-emmaye-nexwes-e\\\/#breadcrumb\",\"itemListElement\":[{\"@type\":\"ListItem\",\"position\":1,\"name\":\"Home\",\"item\":\"https:\\\/\\\/bukiboek.nl\\\/\"},{\"@type\":\"ListItem\",\"position\":2,\"name\":\"Biray\u00ea Emmay\u00ea nexwe\u015f e\"}]},{\"@type\":\"WebSite\",\"@id\":\"https:\\\/\\\/bukiboek.nl\\\/en\\\/#website\",\"url\":\"https:\\\/\\\/bukiboek.nl\\\/en\\\/\",\"name\":\"BukiBoek\",\"description\":\"Kinderboeken in verschillende talen\",\"publisher\":{\"@id\":\"https:\\\/\\\/bukiboek.nl\\\/en\\\/#organization\"},\"potentialAction\":[{\"@type\":\"SearchAction\",\"target\":{\"@type\":\"EntryPoint\",\"urlTemplate\":\"https:\\\/\\\/bukiboek.nl\\\/en\\\/?s={search_term_string}\"},\"query-input\":{\"@type\":\"PropertyValueSpecification\",\"valueRequired\":true,\"valueName\":\"search_term_string\"}}],\"inLanguage\":\"en-GB\"},{\"@type\":\"Organization\",\"@id\":\"https:\\\/\\\/bukiboek.nl\\\/en\\\/#organization\",\"name\":\"BukiBoek\",\"url\":\"https:\\\/\\\/bukiboek.nl\\\/en\\\/\",\"logo\":{\"@type\":\"ImageObject\",\"inLanguage\":\"en-GB\",\"@id\":\"https:\\\/\\\/bukiboek.nl\\\/en\\\/#\\\/schema\\\/logo\\\/image\\\/\",\"url\":\"https:\\\/\\\/bukiboek.nl\\\/wp-content\\\/uploads\\\/2023\\\/01\\\/cropped-cropped-Transparent-Logo-1-e1675407711486.png\",\"contentUrl\":\"https:\\\/\\\/bukiboek.nl\\\/wp-content\\\/uploads\\\/2023\\\/01\\\/cropped-cropped-Transparent-Logo-1-e1675407711486.png\",\"width\":600,\"height\":662,\"caption\":\"BukiBoek\"},\"image\":{\"@id\":\"https:\\\/\\\/bukiboek.nl\\\/en\\\/#\\\/schema\\\/logo\\\/image\\\/\"},\"sameAs\":[\"https:\\\/\\\/www.linkedin.com\\\/company\\\/74944248\\\/\"]}]}<\/script>\n<!-- \/ Yoast SEO plugin. -->","yoast_head_json":{"title":"Biray\u00ea Emmay\u00ea nexwe\u015f e - BukiBoek","robots":{"index":"index","follow":"follow","max-snippet":"max-snippet:-1","max-image-preview":"max-image-preview:large","max-video-preview":"max-video-preview:-1"},"canonical":"https:\/\/bukiboek.nl\/en\/product\/biraye-emmaye-nexwes-e\/","og_locale":"en_GB","og_type":"article","og_title":"Biray\u00ea Emmay\u00ea nexwe\u015f e - BukiBoek","og_description":"Emma&#8217;s broertje is ziek is een herkenbaar prentenboek van Gunilla Wolde over wat er in huis verandert als een broertje of zusje ziek is. In het Koerdisch, ideaal voor gezinnen met jonge kinderen.","og_url":"https:\/\/bukiboek.nl\/en\/product\/biraye-emmaye-nexwes-e\/","og_site_name":"BukiBoek","article_modified_time":"2026-04-25T01:26:09+00:00","og_image":[{"width":722,"height":747,"url":"https:\/\/bukiboek.nl\/wp-content\/uploads\/2022\/06\/22-e1754385911853.jpg","type":"image\/jpeg"}],"twitter_card":"summary_large_image","twitter_misc":{"Estimated reading time":"1 minute"},"schema":{"@context":"https:\/\/schema.org","@graph":[{"@type":"WebPage","@id":"https:\/\/bukiboek.nl\/product\/biraye-emmaye-nexwes-e\/","url":"https:\/\/bukiboek.nl\/product\/biraye-emmaye-nexwes-e\/","name":"Biray\u00ea Emmay\u00ea nexwe\u015f e - BukiBoek","isPartOf":{"@id":"https:\/\/bukiboek.nl\/en\/#website"},"primaryImageOfPage":{"@id":"https:\/\/bukiboek.nl\/product\/biraye-emmaye-nexwes-e\/#primaryimage"},"image":{"@id":"https:\/\/bukiboek.nl\/product\/biraye-emmaye-nexwes-e\/#primaryimage"},"thumbnailUrl":"https:\/\/bukiboek.nl\/wp-content\/uploads\/2022\/06\/22-e1754385911853.jpg","datePublished":"2022-06-08T09:36:28+00:00","dateModified":"2026-04-25T01:26:09+00:00","breadcrumb":{"@id":"https:\/\/bukiboek.nl\/product\/biraye-emmaye-nexwes-e\/#breadcrumb"},"inLanguage":"en-GB","potentialAction":[{"@type":"ReadAction","target":["https:\/\/bukiboek.nl\/product\/biraye-emmaye-nexwes-e\/"]}]},{"@type":"ImageObject","inLanguage":"en-GB","@id":"https:\/\/bukiboek.nl\/product\/biraye-emmaye-nexwes-e\/#primaryimage","url":"https:\/\/bukiboek.nl\/wp-content\/uploads\/2022\/06\/22-e1754385911853.jpg","contentUrl":"https:\/\/bukiboek.nl\/wp-content\/uploads\/2022\/06\/22-e1754385911853.jpg","width":722,"height":747,"caption":"Biray\u00ea Emmay\u00ea nexwe\u015f e - Koerdische kinderboeken"},{"@type":"BreadcrumbList","@id":"https:\/\/bukiboek.nl\/product\/biraye-emmaye-nexwes-e\/#breadcrumb","itemListElement":[{"@type":"ListItem","position":1,"name":"Home","item":"https:\/\/bukiboek.nl\/"},{"@type":"ListItem","position":2,"name":"Biray\u00ea Emmay\u00ea nexwe\u015f e"}]},{"@type":"WebSite","@id":"https:\/\/bukiboek.nl\/en\/#website","url":"https:\/\/bukiboek.nl\/en\/","name":"BukiBook","description":"Children&#039;s books in different languages","publisher":{"@id":"https:\/\/bukiboek.nl\/en\/#organization"},"potentialAction":[{"@type":"SearchAction","target":{"@type":"EntryPoint","urlTemplate":"https:\/\/bukiboek.nl\/en\/?s={search_term_string}"},"query-input":{"@type":"PropertyValueSpecification","valueRequired":true,"valueName":"search_term_string"}}],"inLanguage":"en-GB"},{"@type":"Organization","@id":"https:\/\/bukiboek.nl\/en\/#organization","name":"BukiBook","url":"https:\/\/bukiboek.nl\/en\/","logo":{"@type":"ImageObject","inLanguage":"en-GB","@id":"https:\/\/bukiboek.nl\/en\/#\/schema\/logo\/image\/","url":"https:\/\/bukiboek.nl\/wp-content\/uploads\/2023\/01\/cropped-cropped-Transparent-Logo-1-e1675407711486.png","contentUrl":"https:\/\/bukiboek.nl\/wp-content\/uploads\/2023\/01\/cropped-cropped-Transparent-Logo-1-e1675407711486.png","width":600,"height":662,"caption":"BukiBoek"},"image":{"@id":"https:\/\/bukiboek.nl\/en\/#\/schema\/logo\/image\/"},"sameAs":["https:\/\/www.linkedin.com\/company\/74944248\/"]}]}},"_links":{"self":[{"href":"https:\/\/bukiboek.nl\/en\/wp-json\/wp\/v2\/product\/6787","targetHints":{"allow":["GET"]}}],"collection":[{"href":"https:\/\/bukiboek.nl\/en\/wp-json\/wp\/v2\/product"}],"about":[{"href":"https:\/\/bukiboek.nl\/en\/wp-json\/wp\/v2\/types\/product"}],"replies":[{"embeddable":true,"href":"https:\/\/bukiboek.nl\/en\/wp-json\/wp\/v2\/comments?post=6787"}],"wp:featuredmedia":[{"embeddable":true,"href":"https:\/\/bukiboek.nl\/en\/wp-json\/wp\/v2\/media\/6809"}],"wp:attachment":[{"href":"https:\/\/bukiboek.nl\/en\/wp-json\/wp\/v2\/media?parent=6787"}],"wp:term":[{"taxonomy":"product_brand","embeddable":true,"href":"https:\/\/bukiboek.nl\/en\/wp-json\/wp\/v2\/product_brand?post=6787"},{"taxonomy":"product_cat","embeddable":true,"href":"https:\/\/bukiboek.nl\/en\/wp-json\/wp\/v2\/product_cat?post=6787"},{"taxonomy":"product_tag","embeddable":true,"href":"https:\/\/bukiboek.nl\/en\/wp-json\/wp\/v2\/product_tag?post=6787"},{"taxonomy":"klant-ref","embeddable":true,"href":"https:\/\/bukiboek.nl\/en\/wp-json\/wp\/v2\/klant-ref?post=6787"}],"curies":[{"name":"wp","href":"https:\/\/api.w.org\/{rel}","templated":true}]}}