{"id":6691,"date":"2022-05-29T15:11:44","date_gmt":"2022-05-29T13:11:44","guid":{"rendered":"https:\/\/bukiboek.nl\/?post_type=product&#038;p=6691"},"modified":"2026-04-27T03:26:11","modified_gmt":"2026-04-27T01:26:11","slug":"zeynepin-kirmizi-cizmeleri","status":"publish","type":"product","link":"https:\/\/bukiboek.nl\/en\/product\/zeynepin-kirmizi-cizmeleri\/","title":{"rendered":"Zeynep&#039;in K\u0131rm\u0131z\u0131 \u00c7izmeleri"},"content":{"rendered":"<p>Zeynep krijgt rode laarzen en de wereld wordt er vrolijker op! Een kleurrijk en vrolijk prentenboek van Francesca Chessa over zelfvertrouwen, blijdschap en de magie van een mooi cadeau. Turkse editie.<\/p>","protected":false},"excerpt":{"rendered":"<p>Zeynep krijgt rode laarzen en de wereld wordt er vrolijker op! Een kleurrijk en vrolijk prentenboek van Francesca Chessa over zelfvertrouwen, blijdschap en de magie van een mooi cadeau. Turkse editie.<\/p>","protected":false},"featured_media":6729,"comment_status":"open","ping_status":"closed","template":"","meta":{"site-sidebar-layout":"default","site-content-layout":"default","ast-site-content-layout":"default","site-content-style":"default","site-sidebar-style":"default","ast-global-header-display":"","ast-banner-title-visibility":"","ast-main-header-display":"","ast-hfb-above-header-display":"","ast-hfb-below-header-display":"","ast-hfb-mobile-header-display":"","site-post-title":"","ast-breadcrumbs-content":"","ast-featured-img":"","footer-sml-layout":"","theme-transparent-header-meta":"default","adv-header-id-meta":"","stick-header-meta":"","header-above-stick-meta":"","header-main-stick-meta":"","header-below-stick-meta":"","astra-migrate-meta-layouts":"set","ast-page-background-enabled":"default","ast-page-background-meta":{"desktop":{"background-color":"","background-image":"","background-repeat":"repeat","background-position":"center center","background-size":"auto","background-attachment":"scroll","background-type":"","background-media":"","overlay-type":"","overlay-color":"","overlay-opacity":"","overlay-gradient":""},"tablet":{"background-color":"","background-image":"","background-repeat":"repeat","background-position":"center center","background-size":"auto","background-attachment":"scroll","background-type":"","background-media":"","overlay-type":"","overlay-color":"","overlay-opacity":"","overlay-gradient":""},"mobile":{"background-color":"","background-image":"","background-repeat":"repeat","background-position":"center center","background-size":"auto","background-attachment":"scroll","background-type":"","background-media":"","overlay-type":"","overlay-color":"","overlay-opacity":"","overlay-gradient":""}},"ast-content-background-meta":{"desktop":{"background-color":"var(--ast-global-color-5)","background-image":"","background-repeat":"repeat","background-position":"center center","background-size":"auto","background-attachment":"scroll","background-type":"","background-media":"","overlay-type":"","overlay-color":"","overlay-opacity":"","overlay-gradient":""},"tablet":{"background-color":"var(--ast-global-color-5)","background-image":"","background-repeat":"repeat","background-position":"center center","background-size":"auto","background-attachment":"scroll","background-type":"","background-media":"","overlay-type":"","overlay-color":"","overlay-opacity":"","overlay-gradient":""},"mobile":{"background-color":"var(--ast-global-color-5)","background-image":"","background-repeat":"repeat","background-position":"center center","background-size":"auto","background-attachment":"scroll","background-type":"","background-media":"","overlay-type":"","overlay-color":"","overlay-opacity":"","overlay-gradient":""}}},"product_brand":[],"product_cat":[32],"product_tag":[42,43],"klant-ref":[],"class_list":{"0":"post-6691","1":"product","2":"type-product","3":"status-publish","4":"has-post-thumbnail","6":"product_cat-turkse-kinderboeken","7":"product_tag-0-tot-3-jaar","8":"product_tag-4-tot-6-jaar","9":"desktop-align-left","10":"tablet-align-left","11":"mobile-align-left","13":"first","14":"instock","15":"taxable","16":"shipping-taxable","17":"purchasable","18":"product-type-simple"},"yoast_head":"<!-- This site is optimized with the Yoast SEO plugin v27.4 - https:\/\/yoast.com\/product\/yoast-seo-wordpress\/ -->\n<title>Zeynep&#039;in K\u0131rm\u0131z\u0131 \u00c7izmeleri - BukiBoek<\/title>\n<meta name=\"description\" content=\"Zeynep wilt in dit Turkse prentenboek een sneeuwpop maken, maar eerst moet ze haar rode laarzen vinden. Lukt het haar om deze te vinden?\u00a0\" \/>\n<meta name=\"robots\" content=\"index, follow, max-snippet:-1, max-image-preview:large, max-video-preview:-1\" \/>\n<link rel=\"canonical\" href=\"https:\/\/bukiboek.nl\/en\/product\/zeynepin-kirmizi-cizmeleri\/\" \/>\n<meta property=\"og:locale\" content=\"en_GB\" \/>\n<meta property=\"og:type\" content=\"article\" \/>\n<meta property=\"og:title\" content=\"Zeynep&#039;in K\u0131rm\u0131z\u0131 \u00c7izmeleri - BukiBoek\" \/>\n<meta property=\"og:description\" content=\"Zeynep wilt in dit Turkse prentenboek een sneeuwpop maken, maar eerst moet ze haar rode laarzen vinden. Lukt het haar om deze te vinden?\u00a0\" \/>\n<meta property=\"og:url\" content=\"https:\/\/bukiboek.nl\/en\/product\/zeynepin-kirmizi-cizmeleri\/\" \/>\n<meta property=\"og:site_name\" content=\"BukiBoek\" \/>\n<meta property=\"article:modified_time\" content=\"2026-04-27T01:26:11+00:00\" \/>\n<meta property=\"og:image\" content=\"https:\/\/bukiboek.nl\/wp-content\/uploads\/2022\/05\/6-e1754386070465.jpg\" \/>\n\t<meta property=\"og:image:width\" content=\"677\" \/>\n\t<meta property=\"og:image:height\" content=\"950\" \/>\n\t<meta property=\"og:image:type\" content=\"image\/jpeg\" \/>\n<meta name=\"twitter:card\" content=\"summary_large_image\" \/>\n<meta name=\"twitter:label1\" content=\"Estimated reading time\" \/>\n\t<meta name=\"twitter:data1\" content=\"1 minute\" \/>\n<script type=\"application\/ld+json\" class=\"yoast-schema-graph\">{\"@context\":\"https:\\\/\\\/schema.org\",\"@graph\":[{\"@type\":\"WebPage\",\"@id\":\"https:\\\/\\\/bukiboek.nl\\\/product\\\/zeynepin-kirmizi-cizmeleri\\\/\",\"url\":\"https:\\\/\\\/bukiboek.nl\\\/product\\\/zeynepin-kirmizi-cizmeleri\\\/\",\"name\":\"Zeynep'in K\u0131rm\u0131z\u0131 \u00c7izmeleri - BukiBoek\",\"isPartOf\":{\"@id\":\"https:\\\/\\\/bukiboek.nl\\\/en\\\/#website\"},\"primaryImageOfPage\":{\"@id\":\"https:\\\/\\\/bukiboek.nl\\\/product\\\/zeynepin-kirmizi-cizmeleri\\\/#primaryimage\"},\"image\":{\"@id\":\"https:\\\/\\\/bukiboek.nl\\\/product\\\/zeynepin-kirmizi-cizmeleri\\\/#primaryimage\"},\"thumbnailUrl\":\"https:\\\/\\\/bukiboek.nl\\\/wp-content\\\/uploads\\\/2022\\\/05\\\/6-e1754386070465.jpg\",\"datePublished\":\"2022-05-29T13:11:44+00:00\",\"dateModified\":\"2026-04-27T01:26:11+00:00\",\"description\":\"Zeynep wilt in dit Turkse prentenboek een sneeuwpop maken, maar eerst moet ze haar rode laarzen vinden. Lukt het haar om deze te vinden?\u00a0\",\"breadcrumb\":{\"@id\":\"https:\\\/\\\/bukiboek.nl\\\/product\\\/zeynepin-kirmizi-cizmeleri\\\/#breadcrumb\"},\"inLanguage\":\"en-GB\",\"potentialAction\":[{\"@type\":\"ReadAction\",\"target\":[\"https:\\\/\\\/bukiboek.nl\\\/product\\\/zeynepin-kirmizi-cizmeleri\\\/\"]}]},{\"@type\":\"ImageObject\",\"inLanguage\":\"en-GB\",\"@id\":\"https:\\\/\\\/bukiboek.nl\\\/product\\\/zeynepin-kirmizi-cizmeleri\\\/#primaryimage\",\"url\":\"https:\\\/\\\/bukiboek.nl\\\/wp-content\\\/uploads\\\/2022\\\/05\\\/6-e1754386070465.jpg\",\"contentUrl\":\"https:\\\/\\\/bukiboek.nl\\\/wp-content\\\/uploads\\\/2022\\\/05\\\/6-e1754386070465.jpg\",\"width\":677,\"height\":950,\"caption\":\"Zeynep'in K\u0131rm\u0131z\u0131 \u00c7izmeleri - Turkse kinderboek voor vele talen.\"},{\"@type\":\"BreadcrumbList\",\"@id\":\"https:\\\/\\\/bukiboek.nl\\\/product\\\/zeynepin-kirmizi-cizmeleri\\\/#breadcrumb\",\"itemListElement\":[{\"@type\":\"ListItem\",\"position\":1,\"name\":\"Home\",\"item\":\"https:\\\/\\\/bukiboek.nl\\\/\"},{\"@type\":\"ListItem\",\"position\":2,\"name\":\"Zeynep&#8217;in K\u0131rm\u0131z\u0131 \u00c7izmeleri\"}]},{\"@type\":\"WebSite\",\"@id\":\"https:\\\/\\\/bukiboek.nl\\\/en\\\/#website\",\"url\":\"https:\\\/\\\/bukiboek.nl\\\/en\\\/\",\"name\":\"BukiBoek\",\"description\":\"Kinderboeken in verschillende talen\",\"publisher\":{\"@id\":\"https:\\\/\\\/bukiboek.nl\\\/en\\\/#organization\"},\"potentialAction\":[{\"@type\":\"SearchAction\",\"target\":{\"@type\":\"EntryPoint\",\"urlTemplate\":\"https:\\\/\\\/bukiboek.nl\\\/en\\\/?s={search_term_string}\"},\"query-input\":{\"@type\":\"PropertyValueSpecification\",\"valueRequired\":true,\"valueName\":\"search_term_string\"}}],\"inLanguage\":\"en-GB\"},{\"@type\":\"Organization\",\"@id\":\"https:\\\/\\\/bukiboek.nl\\\/en\\\/#organization\",\"name\":\"BukiBoek\",\"url\":\"https:\\\/\\\/bukiboek.nl\\\/en\\\/\",\"logo\":{\"@type\":\"ImageObject\",\"inLanguage\":\"en-GB\",\"@id\":\"https:\\\/\\\/bukiboek.nl\\\/en\\\/#\\\/schema\\\/logo\\\/image\\\/\",\"url\":\"https:\\\/\\\/bukiboek.nl\\\/wp-content\\\/uploads\\\/2023\\\/01\\\/cropped-cropped-Transparent-Logo-1-e1675407711486.png\",\"contentUrl\":\"https:\\\/\\\/bukiboek.nl\\\/wp-content\\\/uploads\\\/2023\\\/01\\\/cropped-cropped-Transparent-Logo-1-e1675407711486.png\",\"width\":600,\"height\":662,\"caption\":\"BukiBoek\"},\"image\":{\"@id\":\"https:\\\/\\\/bukiboek.nl\\\/en\\\/#\\\/schema\\\/logo\\\/image\\\/\"},\"sameAs\":[\"https:\\\/\\\/www.linkedin.com\\\/company\\\/74944248\\\/\"]}]}<\/script>\n<!-- \/ Yoast SEO plugin. -->","yoast_head_json":{"title":"Zeynep'in K\u0131rm\u0131z\u0131 \u00c7izmeleri - BukiBoek","description":"Zeynep wilt in dit Turkse prentenboek een sneeuwpop maken, maar eerst moet ze haar rode laarzen vinden. Lukt het haar om deze te vinden?\u00a0","robots":{"index":"index","follow":"follow","max-snippet":"max-snippet:-1","max-image-preview":"max-image-preview:large","max-video-preview":"max-video-preview:-1"},"canonical":"https:\/\/bukiboek.nl\/en\/product\/zeynepin-kirmizi-cizmeleri\/","og_locale":"en_GB","og_type":"article","og_title":"Zeynep'in K\u0131rm\u0131z\u0131 \u00c7izmeleri - BukiBoek","og_description":"Zeynep wilt in dit Turkse prentenboek een sneeuwpop maken, maar eerst moet ze haar rode laarzen vinden. Lukt het haar om deze te vinden?\u00a0","og_url":"https:\/\/bukiboek.nl\/en\/product\/zeynepin-kirmizi-cizmeleri\/","og_site_name":"BukiBoek","article_modified_time":"2026-04-27T01:26:11+00:00","og_image":[{"width":677,"height":950,"url":"https:\/\/bukiboek.nl\/wp-content\/uploads\/2022\/05\/6-e1754386070465.jpg","type":"image\/jpeg"}],"twitter_card":"summary_large_image","twitter_misc":{"Estimated reading time":"1 minute"},"schema":{"@context":"https:\/\/schema.org","@graph":[{"@type":"WebPage","@id":"https:\/\/bukiboek.nl\/product\/zeynepin-kirmizi-cizmeleri\/","url":"https:\/\/bukiboek.nl\/product\/zeynepin-kirmizi-cizmeleri\/","name":"Zeynep'in K\u0131rm\u0131z\u0131 \u00c7izmeleri - BukiBoek","isPartOf":{"@id":"https:\/\/bukiboek.nl\/en\/#website"},"primaryImageOfPage":{"@id":"https:\/\/bukiboek.nl\/product\/zeynepin-kirmizi-cizmeleri\/#primaryimage"},"image":{"@id":"https:\/\/bukiboek.nl\/product\/zeynepin-kirmizi-cizmeleri\/#primaryimage"},"thumbnailUrl":"https:\/\/bukiboek.nl\/wp-content\/uploads\/2022\/05\/6-e1754386070465.jpg","datePublished":"2022-05-29T13:11:44+00:00","dateModified":"2026-04-27T01:26:11+00:00","description":"Zeynep wilt in dit Turkse prentenboek een sneeuwpop maken, maar eerst moet ze haar rode laarzen vinden. Lukt het haar om deze te vinden?\u00a0","breadcrumb":{"@id":"https:\/\/bukiboek.nl\/product\/zeynepin-kirmizi-cizmeleri\/#breadcrumb"},"inLanguage":"en-GB","potentialAction":[{"@type":"ReadAction","target":["https:\/\/bukiboek.nl\/product\/zeynepin-kirmizi-cizmeleri\/"]}]},{"@type":"ImageObject","inLanguage":"en-GB","@id":"https:\/\/bukiboek.nl\/product\/zeynepin-kirmizi-cizmeleri\/#primaryimage","url":"https:\/\/bukiboek.nl\/wp-content\/uploads\/2022\/05\/6-e1754386070465.jpg","contentUrl":"https:\/\/bukiboek.nl\/wp-content\/uploads\/2022\/05\/6-e1754386070465.jpg","width":677,"height":950,"caption":"Zeynep'in K\u0131rm\u0131z\u0131 \u00c7izmeleri - Turkse kinderboek voor vele talen."},{"@type":"BreadcrumbList","@id":"https:\/\/bukiboek.nl\/product\/zeynepin-kirmizi-cizmeleri\/#breadcrumb","itemListElement":[{"@type":"ListItem","position":1,"name":"Home","item":"https:\/\/bukiboek.nl\/"},{"@type":"ListItem","position":2,"name":"Zeynep&#8217;in K\u0131rm\u0131z\u0131 \u00c7izmeleri"}]},{"@type":"WebSite","@id":"https:\/\/bukiboek.nl\/en\/#website","url":"https:\/\/bukiboek.nl\/en\/","name":"BukiBook","description":"Children&#039;s books in different languages","publisher":{"@id":"https:\/\/bukiboek.nl\/en\/#organization"},"potentialAction":[{"@type":"SearchAction","target":{"@type":"EntryPoint","urlTemplate":"https:\/\/bukiboek.nl\/en\/?s={search_term_string}"},"query-input":{"@type":"PropertyValueSpecification","valueRequired":true,"valueName":"search_term_string"}}],"inLanguage":"en-GB"},{"@type":"Organization","@id":"https:\/\/bukiboek.nl\/en\/#organization","name":"BukiBook","url":"https:\/\/bukiboek.nl\/en\/","logo":{"@type":"ImageObject","inLanguage":"en-GB","@id":"https:\/\/bukiboek.nl\/en\/#\/schema\/logo\/image\/","url":"https:\/\/bukiboek.nl\/wp-content\/uploads\/2023\/01\/cropped-cropped-Transparent-Logo-1-e1675407711486.png","contentUrl":"https:\/\/bukiboek.nl\/wp-content\/uploads\/2023\/01\/cropped-cropped-Transparent-Logo-1-e1675407711486.png","width":600,"height":662,"caption":"BukiBoek"},"image":{"@id":"https:\/\/bukiboek.nl\/en\/#\/schema\/logo\/image\/"},"sameAs":["https:\/\/www.linkedin.com\/company\/74944248\/"]}]}},"_links":{"self":[{"href":"https:\/\/bukiboek.nl\/en\/wp-json\/wp\/v2\/product\/6691","targetHints":{"allow":["GET"]}}],"collection":[{"href":"https:\/\/bukiboek.nl\/en\/wp-json\/wp\/v2\/product"}],"about":[{"href":"https:\/\/bukiboek.nl\/en\/wp-json\/wp\/v2\/types\/product"}],"replies":[{"embeddable":true,"href":"https:\/\/bukiboek.nl\/en\/wp-json\/wp\/v2\/comments?post=6691"}],"wp:featuredmedia":[{"embeddable":true,"href":"https:\/\/bukiboek.nl\/en\/wp-json\/wp\/v2\/media\/6729"}],"wp:attachment":[{"href":"https:\/\/bukiboek.nl\/en\/wp-json\/wp\/v2\/media?parent=6691"}],"wp:term":[{"taxonomy":"product_brand","embeddable":true,"href":"https:\/\/bukiboek.nl\/en\/wp-json\/wp\/v2\/product_brand?post=6691"},{"taxonomy":"product_cat","embeddable":true,"href":"https:\/\/bukiboek.nl\/en\/wp-json\/wp\/v2\/product_cat?post=6691"},{"taxonomy":"product_tag","embeddable":true,"href":"https:\/\/bukiboek.nl\/en\/wp-json\/wp\/v2\/product_tag?post=6691"},{"taxonomy":"klant-ref","embeddable":true,"href":"https:\/\/bukiboek.nl\/en\/wp-json\/wp\/v2\/klant-ref?post=6691"}],"curies":[{"name":"wp","href":"https:\/\/api.w.org\/{rel}","templated":true}]}}