{"id":6685,"date":"2022-05-23T21:04:15","date_gmt":"2022-05-23T19:04:15","guid":{"rendered":"https:\/\/bukiboek.nl\/?post_type=product&#038;p=6685"},"modified":"2026-04-07T10:14:34","modified_gmt":"2026-04-07T08:14:34","slug":"ac-tirtil-rupsje-nooitgenoeg","status":"publish","type":"product","link":"https:\/\/bukiboek.nl\/en\/product\/ac-tirtil-rupsje-nooitgenoeg\/","title":{"rendered":"A\u00e7 T\u0131rt\u0131l (The Never Enough Caterpillar)"},"content":{"rendered":"<p class=\"v1p1\"><span class=\"v1s1\">The world famous story about the little caterpillar that turns into a beautiful butterfly.\u00a0<\/span><\/p>\n<p class=\"v1p1\"><span class=\"v1s1\">The Never Enough Caterpillar is hungry. So hungry he can&#039;t stop eating. If all the goodies that come his way, he eats. Every day of the week he gets a little fatter, until he gets terrible stomach aches. He builds a house around himself and at the end of the week he emerges as a beautiful butterfly!<\/span><\/p>","protected":false},"excerpt":{"rendered":"<p>Het wereldberoemde verhaal over de kleine rups die verandert in een prachtige vlinder.\u00a0 Rupsje Nooitgenoeg heeft honger. Zoveel honger dat hij niet kan stoppen met eten. Als al het lekkers wat op zijn pad komt eet hij op. Elke dag van de week wordt hij een beetje dikker, totdat hij verschrikkelijke buikpijn krijgt. Hij bouwt [&hellip;]<\/p>\n","protected":false},"featured_media":6724,"comment_status":"open","ping_status":"closed","template":"","meta":{"site-sidebar-layout":"default","site-content-layout":"default","ast-site-content-layout":"default","site-content-style":"default","site-sidebar-style":"default","ast-global-header-display":"","ast-banner-title-visibility":"","ast-main-header-display":"","ast-hfb-above-header-display":"","ast-hfb-below-header-display":"","ast-hfb-mobile-header-display":"","site-post-title":"","ast-breadcrumbs-content":"","ast-featured-img":"","footer-sml-layout":"","theme-transparent-header-meta":"default","adv-header-id-meta":"","stick-header-meta":"","header-above-stick-meta":"","header-main-stick-meta":"","header-below-stick-meta":"","astra-migrate-meta-layouts":"set","ast-page-background-enabled":"default","ast-page-background-meta":{"desktop":{"background-color":"","background-image":"","background-repeat":"repeat","background-position":"center center","background-size":"auto","background-attachment":"scroll","background-type":"","background-media":"","overlay-type":"","overlay-color":"","overlay-opacity":"","overlay-gradient":""},"tablet":{"background-color":"","background-image":"","background-repeat":"repeat","background-position":"center center","background-size":"auto","background-attachment":"scroll","background-type":"","background-media":"","overlay-type":"","overlay-color":"","overlay-opacity":"","overlay-gradient":""},"mobile":{"background-color":"","background-image":"","background-repeat":"repeat","background-position":"center center","background-size":"auto","background-attachment":"scroll","background-type":"","background-media":"","overlay-type":"","overlay-color":"","overlay-opacity":"","overlay-gradient":""}},"ast-content-background-meta":{"desktop":{"background-color":"var(--ast-global-color-5)","background-image":"","background-repeat":"repeat","background-position":"center center","background-size":"auto","background-attachment":"scroll","background-type":"","background-media":"","overlay-type":"","overlay-color":"","overlay-opacity":"","overlay-gradient":""},"tablet":{"background-color":"var(--ast-global-color-5)","background-image":"","background-repeat":"repeat","background-position":"center center","background-size":"auto","background-attachment":"scroll","background-type":"","background-media":"","overlay-type":"","overlay-color":"","overlay-opacity":"","overlay-gradient":""},"mobile":{"background-color":"var(--ast-global-color-5)","background-image":"","background-repeat":"repeat","background-position":"center center","background-size":"auto","background-attachment":"scroll","background-type":"","background-media":"","overlay-type":"","overlay-color":"","overlay-opacity":"","overlay-gradient":""}}},"product_brand":[],"product_cat":[32],"product_tag":[42,43],"class_list":{"0":"post-6685","1":"product","2":"type-product","3":"status-publish","4":"has-post-thumbnail","6":"product_cat-turkse-kinderboeken","7":"product_tag-0-tot-3-jaar","8":"product_tag-4-tot-6-jaar","9":"desktop-align-left","10":"tablet-align-left","11":"mobile-align-left","13":"first","14":"instock","15":"featured","16":"taxable","17":"shipping-taxable","18":"purchasable","19":"product-type-simple"},"supplier_id":8202,"supplier_sku":"","barcode":null,"atum_controlled":true,"out_stock_date":null,"out_stock_threshold":null,"inheritable":false,"inbound_stock":0,"stock_on_hold":6,"sold_today":0,"sales_last_days":2,"reserved_stock":0,"customer_returns":0,"warehouse_damage":0,"lost_in_post":0,"other_logs":0,"out_stock_days":0,"lost_sales":0,"has_location":false,"update_date":"2026-04-07T08:14:37","atum_locations":[],"atum_stock_status":"instock","restock_status":false,"low_stock_amount":"","sales_update_date":"2026-04-07T00:41:44","calc_backorders":0,"yoast_head":"<!-- This site is optimized with the Yoast SEO plugin v27.3 - https:\/\/yoast.com\/product\/yoast-seo-wordpress\/ -->\n<title>A\u00e7 T\u0131rt\u0131l (Rupsje Nooitgenoeg) - BukiBoek<\/title>\n<meta name=\"robots\" content=\"index, follow, max-snippet:-1, max-image-preview:large, max-video-preview:-1\" \/>\n<link rel=\"canonical\" href=\"https:\/\/bukiboek.nl\/en\/product\/ac-tirtil-rupsje-nooitgenoeg\/\" \/>\n<meta property=\"og:locale\" content=\"en_GB\" \/>\n<meta property=\"og:type\" content=\"article\" \/>\n<meta property=\"og:title\" content=\"A\u00e7 T\u0131rt\u0131l (Rupsje Nooitgenoeg) - BukiBoek\" \/>\n<meta property=\"og:description\" content=\"Het wereldberoemde verhaal over de kleine rups die verandert in een prachtige vlinder.\u00a0 Rupsje Nooitgenoeg heeft honger. Zoveel honger dat hij niet kan stoppen met eten. Als al het lekkers wat op zijn pad komt eet hij op. Elke dag van de week wordt hij een beetje dikker, totdat hij verschrikkelijke buikpijn krijgt. Hij bouwt [&hellip;]\" \/>\n<meta property=\"og:url\" content=\"https:\/\/bukiboek.nl\/en\/product\/ac-tirtil-rupsje-nooitgenoeg\/\" \/>\n<meta property=\"og:site_name\" content=\"BukiBoek\" \/>\n<meta property=\"article:modified_time\" content=\"2026-04-07T08:14:34+00:00\" \/>\n<meta property=\"og:image\" content=\"https:\/\/bukiboek.nl\/wp-content\/uploads\/2022\/05\/1-e1754386172225.jpg\" \/>\n\t<meta property=\"og:image:width\" content=\"1026\" \/>\n\t<meta property=\"og:image:height\" content=\"752\" \/>\n\t<meta property=\"og:image:type\" content=\"image\/jpeg\" \/>\n<meta name=\"twitter:card\" content=\"summary_large_image\" \/>\n<meta name=\"twitter:label1\" content=\"Estimated reading time\" \/>\n\t<meta name=\"twitter:data1\" content=\"1 minute\" \/>\n<script type=\"application\/ld+json\" class=\"yoast-schema-graph\">{\"@context\":\"https:\\\/\\\/schema.org\",\"@graph\":[{\"@type\":\"WebPage\",\"@id\":\"https:\\\/\\\/bukiboek.nl\\\/product\\\/ac-tirtil-rupsje-nooitgenoeg\\\/\",\"url\":\"https:\\\/\\\/bukiboek.nl\\\/product\\\/ac-tirtil-rupsje-nooitgenoeg\\\/\",\"name\":\"A\u00e7 T\u0131rt\u0131l (Rupsje Nooitgenoeg) - BukiBoek\",\"isPartOf\":{\"@id\":\"https:\\\/\\\/bukiboek.nl\\\/en\\\/#website\"},\"primaryImageOfPage\":{\"@id\":\"https:\\\/\\\/bukiboek.nl\\\/product\\\/ac-tirtil-rupsje-nooitgenoeg\\\/#primaryimage\"},\"image\":{\"@id\":\"https:\\\/\\\/bukiboek.nl\\\/product\\\/ac-tirtil-rupsje-nooitgenoeg\\\/#primaryimage\"},\"thumbnailUrl\":\"https:\\\/\\\/bukiboek.nl\\\/wp-content\\\/uploads\\\/2022\\\/05\\\/1-e1754386172225.jpg\",\"datePublished\":\"2022-05-23T19:04:15+00:00\",\"dateModified\":\"2026-04-07T08:14:34+00:00\",\"breadcrumb\":{\"@id\":\"https:\\\/\\\/bukiboek.nl\\\/product\\\/ac-tirtil-rupsje-nooitgenoeg\\\/#breadcrumb\"},\"inLanguage\":\"en-GB\",\"potentialAction\":[{\"@type\":\"ReadAction\",\"target\":[\"https:\\\/\\\/bukiboek.nl\\\/product\\\/ac-tirtil-rupsje-nooitgenoeg\\\/\"]}]},{\"@type\":\"ImageObject\",\"inLanguage\":\"en-GB\",\"@id\":\"https:\\\/\\\/bukiboek.nl\\\/product\\\/ac-tirtil-rupsje-nooitgenoeg\\\/#primaryimage\",\"url\":\"https:\\\/\\\/bukiboek.nl\\\/wp-content\\\/uploads\\\/2022\\\/05\\\/1-e1754386172225.jpg\",\"contentUrl\":\"https:\\\/\\\/bukiboek.nl\\\/wp-content\\\/uploads\\\/2022\\\/05\\\/1-e1754386172225.jpg\",\"width\":1026,\"height\":752,\"caption\":\"A\u00e7 T\u0131rt\u0131l (Rupsje Nooitgenoeg) - Turkse prentenboek - voorleesboek\"},{\"@type\":\"BreadcrumbList\",\"@id\":\"https:\\\/\\\/bukiboek.nl\\\/product\\\/ac-tirtil-rupsje-nooitgenoeg\\\/#breadcrumb\",\"itemListElement\":[{\"@type\":\"ListItem\",\"position\":1,\"name\":\"Home\",\"item\":\"https:\\\/\\\/bukiboek.nl\\\/\"},{\"@type\":\"ListItem\",\"position\":2,\"name\":\"A\u00e7 T\u0131rt\u0131l (Rupsje Nooitgenoeg)\"}]},{\"@type\":\"WebSite\",\"@id\":\"https:\\\/\\\/bukiboek.nl\\\/en\\\/#website\",\"url\":\"https:\\\/\\\/bukiboek.nl\\\/en\\\/\",\"name\":\"BukiBoek\",\"description\":\"Kinderboeken in verschillende talen\",\"publisher\":{\"@id\":\"https:\\\/\\\/bukiboek.nl\\\/en\\\/#organization\"},\"potentialAction\":[{\"@type\":\"SearchAction\",\"target\":{\"@type\":\"EntryPoint\",\"urlTemplate\":\"https:\\\/\\\/bukiboek.nl\\\/en\\\/?s={search_term_string}\"},\"query-input\":{\"@type\":\"PropertyValueSpecification\",\"valueRequired\":true,\"valueName\":\"search_term_string\"}}],\"inLanguage\":\"en-GB\"},{\"@type\":\"Organization\",\"@id\":\"https:\\\/\\\/bukiboek.nl\\\/en\\\/#organization\",\"name\":\"BukiBoek\",\"url\":\"https:\\\/\\\/bukiboek.nl\\\/en\\\/\",\"logo\":{\"@type\":\"ImageObject\",\"inLanguage\":\"en-GB\",\"@id\":\"https:\\\/\\\/bukiboek.nl\\\/en\\\/#\\\/schema\\\/logo\\\/image\\\/\",\"url\":\"https:\\\/\\\/bukiboek.nl\\\/wp-content\\\/uploads\\\/2023\\\/01\\\/cropped-cropped-Transparent-Logo-1-e1675407711486.png\",\"contentUrl\":\"https:\\\/\\\/bukiboek.nl\\\/wp-content\\\/uploads\\\/2023\\\/01\\\/cropped-cropped-Transparent-Logo-1-e1675407711486.png\",\"width\":600,\"height\":662,\"caption\":\"BukiBoek\"},\"image\":{\"@id\":\"https:\\\/\\\/bukiboek.nl\\\/en\\\/#\\\/schema\\\/logo\\\/image\\\/\"},\"sameAs\":[\"https:\\\/\\\/www.linkedin.com\\\/company\\\/74944248\\\/\"]}]}<\/script>\n<!-- \/ Yoast SEO plugin. -->","yoast_head_json":{"title":"A\u00e7 T\u0131rt\u0131l (Rupsje Nooitgenoeg) - BukiBoek","robots":{"index":"index","follow":"follow","max-snippet":"max-snippet:-1","max-image-preview":"max-image-preview:large","max-video-preview":"max-video-preview:-1"},"canonical":"https:\/\/bukiboek.nl\/en\/product\/ac-tirtil-rupsje-nooitgenoeg\/","og_locale":"en_GB","og_type":"article","og_title":"A\u00e7 T\u0131rt\u0131l (Rupsje Nooitgenoeg) - BukiBoek","og_description":"Het wereldberoemde verhaal over de kleine rups die verandert in een prachtige vlinder.\u00a0 Rupsje Nooitgenoeg heeft honger. Zoveel honger dat hij niet kan stoppen met eten. Als al het lekkers wat op zijn pad komt eet hij op. Elke dag van de week wordt hij een beetje dikker, totdat hij verschrikkelijke buikpijn krijgt. Hij bouwt [&hellip;]","og_url":"https:\/\/bukiboek.nl\/en\/product\/ac-tirtil-rupsje-nooitgenoeg\/","og_site_name":"BukiBoek","article_modified_time":"2026-04-07T08:14:34+00:00","og_image":[{"width":1026,"height":752,"url":"https:\/\/bukiboek.nl\/wp-content\/uploads\/2022\/05\/1-e1754386172225.jpg","type":"image\/jpeg"}],"twitter_card":"summary_large_image","twitter_misc":{"Estimated reading time":"1 minute"},"schema":{"@context":"https:\/\/schema.org","@graph":[{"@type":"WebPage","@id":"https:\/\/bukiboek.nl\/product\/ac-tirtil-rupsje-nooitgenoeg\/","url":"https:\/\/bukiboek.nl\/product\/ac-tirtil-rupsje-nooitgenoeg\/","name":"A\u00e7 T\u0131rt\u0131l (Rupsje Nooitgenoeg) - BukiBoek","isPartOf":{"@id":"https:\/\/bukiboek.nl\/en\/#website"},"primaryImageOfPage":{"@id":"https:\/\/bukiboek.nl\/product\/ac-tirtil-rupsje-nooitgenoeg\/#primaryimage"},"image":{"@id":"https:\/\/bukiboek.nl\/product\/ac-tirtil-rupsje-nooitgenoeg\/#primaryimage"},"thumbnailUrl":"https:\/\/bukiboek.nl\/wp-content\/uploads\/2022\/05\/1-e1754386172225.jpg","datePublished":"2022-05-23T19:04:15+00:00","dateModified":"2026-04-07T08:14:34+00:00","breadcrumb":{"@id":"https:\/\/bukiboek.nl\/product\/ac-tirtil-rupsje-nooitgenoeg\/#breadcrumb"},"inLanguage":"en-GB","potentialAction":[{"@type":"ReadAction","target":["https:\/\/bukiboek.nl\/product\/ac-tirtil-rupsje-nooitgenoeg\/"]}]},{"@type":"ImageObject","inLanguage":"en-GB","@id":"https:\/\/bukiboek.nl\/product\/ac-tirtil-rupsje-nooitgenoeg\/#primaryimage","url":"https:\/\/bukiboek.nl\/wp-content\/uploads\/2022\/05\/1-e1754386172225.jpg","contentUrl":"https:\/\/bukiboek.nl\/wp-content\/uploads\/2022\/05\/1-e1754386172225.jpg","width":1026,"height":752,"caption":"A\u00e7 T\u0131rt\u0131l (Rupsje Nooitgenoeg) - Turkse prentenboek - voorleesboek"},{"@type":"BreadcrumbList","@id":"https:\/\/bukiboek.nl\/product\/ac-tirtil-rupsje-nooitgenoeg\/#breadcrumb","itemListElement":[{"@type":"ListItem","position":1,"name":"Home","item":"https:\/\/bukiboek.nl\/"},{"@type":"ListItem","position":2,"name":"A\u00e7 T\u0131rt\u0131l (Rupsje Nooitgenoeg)"}]},{"@type":"WebSite","@id":"https:\/\/bukiboek.nl\/en\/#website","url":"https:\/\/bukiboek.nl\/en\/","name":"BukiBook","description":"Children&#039;s books in different languages","publisher":{"@id":"https:\/\/bukiboek.nl\/en\/#organization"},"potentialAction":[{"@type":"SearchAction","target":{"@type":"EntryPoint","urlTemplate":"https:\/\/bukiboek.nl\/en\/?s={search_term_string}"},"query-input":{"@type":"PropertyValueSpecification","valueRequired":true,"valueName":"search_term_string"}}],"inLanguage":"en-GB"},{"@type":"Organization","@id":"https:\/\/bukiboek.nl\/en\/#organization","name":"BukiBook","url":"https:\/\/bukiboek.nl\/en\/","logo":{"@type":"ImageObject","inLanguage":"en-GB","@id":"https:\/\/bukiboek.nl\/en\/#\/schema\/logo\/image\/","url":"https:\/\/bukiboek.nl\/wp-content\/uploads\/2023\/01\/cropped-cropped-Transparent-Logo-1-e1675407711486.png","contentUrl":"https:\/\/bukiboek.nl\/wp-content\/uploads\/2023\/01\/cropped-cropped-Transparent-Logo-1-e1675407711486.png","width":600,"height":662,"caption":"BukiBoek"},"image":{"@id":"https:\/\/bukiboek.nl\/en\/#\/schema\/logo\/image\/"},"sameAs":["https:\/\/www.linkedin.com\/company\/74944248\/"]}]}},"_links":{"self":[{"href":"https:\/\/bukiboek.nl\/en\/wp-json\/wp\/v2\/product\/6685","targetHints":{"allow":["GET"]}}],"collection":[{"href":"https:\/\/bukiboek.nl\/en\/wp-json\/wp\/v2\/product"}],"about":[{"href":"https:\/\/bukiboek.nl\/en\/wp-json\/wp\/v2\/types\/product"}],"replies":[{"embeddable":true,"href":"https:\/\/bukiboek.nl\/en\/wp-json\/wp\/v2\/comments?post=6685"}],"wp:featuredmedia":[{"embeddable":true,"href":"https:\/\/bukiboek.nl\/en\/wp-json\/wp\/v2\/media\/6724"}],"wp:attachment":[{"href":"https:\/\/bukiboek.nl\/en\/wp-json\/wp\/v2\/media?parent=6685"}],"wp:term":[{"taxonomy":"product_brand","embeddable":true,"href":"https:\/\/bukiboek.nl\/en\/wp-json\/wp\/v2\/product_brand?post=6685"},{"taxonomy":"product_cat","embeddable":true,"href":"https:\/\/bukiboek.nl\/en\/wp-json\/wp\/v2\/product_cat?post=6685"},{"taxonomy":"product_tag","embeddable":true,"href":"https:\/\/bukiboek.nl\/en\/wp-json\/wp\/v2\/product_tag?post=6685"}],"curies":[{"name":"wp","href":"https:\/\/api.w.org\/{rel}","templated":true}]}}