{"id":5633,"date":"2022-01-14T18:07:05","date_gmt":"2022-01-14T17:07:05","guid":{"rendered":"https:\/\/bukiboek.nl\/?post_type=product&#038;p=5633"},"modified":"2026-04-04T04:06:12","modified_gmt":"2026-04-04T02:06:12","slug":"masirese-bicuk","status":"publish","type":"product","link":"https:\/\/bukiboek.nl\/en\/product\/masirese-bicuk\/","title":{"rendered":"Mas\u00eere\u0219\u00ea Bi\u00e7\u00fbk"},"content":{"rendered":"<p>Mas\u00eere\u0219\u00ea Bi\u00e7\u00fbk is the story of freedom. A small fish lives in a small river, but the fish wants to discover and understand the world. Everyone around him, including his mother, says to him: &quot;The world is as it is and there is no other world like it.&quot; The little fish still wants to discover everything for himself and goes on an adventure. Along the way he meets new friends, but also encounters enemies.<\/p>\n<p>&nbsp;<\/p>\n<p>&nbsp;<\/p>","protected":false},"excerpt":{"rendered":"<p>Mas\u00eere\u0219\u00ea Bi\u00e7\u00fbk is het verhaal van vrijheid. Een klein visje leeft in een kleine rivier maar het visje wilt graag de wereld ontdekken en begrijpen. Iedereen om hem heen, ook zijn moeder, zegt tegen hem: &#8221; De wereld is zoals het is en er geen andere wereld zoals deze.&#8221; De kleine vis wilt toch alles [&hellip;]<\/p>\n","protected":false},"featured_media":5433,"comment_status":"open","ping_status":"closed","template":"","meta":{"site-sidebar-layout":"default","site-content-layout":"default","ast-site-content-layout":"default","site-content-style":"default","site-sidebar-style":"default","ast-global-header-display":"","ast-banner-title-visibility":"","ast-main-header-display":"","ast-hfb-above-header-display":"","ast-hfb-below-header-display":"","ast-hfb-mobile-header-display":"","site-post-title":"","ast-breadcrumbs-content":"","ast-featured-img":"","footer-sml-layout":"","theme-transparent-header-meta":"default","adv-header-id-meta":"","stick-header-meta":"","header-above-stick-meta":"","header-main-stick-meta":"","header-below-stick-meta":"","astra-migrate-meta-layouts":"set","ast-page-background-enabled":"default","ast-page-background-meta":{"desktop":{"background-color":"","background-image":"","background-repeat":"repeat","background-position":"center center","background-size":"auto","background-attachment":"scroll","background-type":"","background-media":"","overlay-type":"","overlay-color":"","overlay-opacity":"","overlay-gradient":""},"tablet":{"background-color":"","background-image":"","background-repeat":"repeat","background-position":"center center","background-size":"auto","background-attachment":"scroll","background-type":"","background-media":"","overlay-type":"","overlay-color":"","overlay-opacity":"","overlay-gradient":""},"mobile":{"background-color":"","background-image":"","background-repeat":"repeat","background-position":"center center","background-size":"auto","background-attachment":"scroll","background-type":"","background-media":"","overlay-type":"","overlay-color":"","overlay-opacity":"","overlay-gradient":""}},"ast-content-background-meta":{"desktop":{"background-color":"var(--ast-global-color-5)","background-image":"","background-repeat":"repeat","background-position":"center center","background-size":"auto","background-attachment":"scroll","background-type":"","background-media":"","overlay-type":"","overlay-color":"","overlay-opacity":"","overlay-gradient":""},"tablet":{"background-color":"var(--ast-global-color-5)","background-image":"","background-repeat":"repeat","background-position":"center center","background-size":"auto","background-attachment":"scroll","background-type":"","background-media":"","overlay-type":"","overlay-color":"","overlay-opacity":"","overlay-gradient":""},"mobile":{"background-color":"var(--ast-global-color-5)","background-image":"","background-repeat":"repeat","background-position":"center center","background-size":"auto","background-attachment":"scroll","background-type":"","background-media":"","overlay-type":"","overlay-color":"","overlay-opacity":"","overlay-gradient":""}}},"product_brand":[],"product_cat":[47],"product_tag":[42,43],"class_list":{"0":"post-5633","1":"product","2":"type-product","3":"status-publish","4":"has-post-thumbnail","6":"product_cat-koerdische-kinderboeken","7":"product_tag-0-tot-3-jaar","8":"product_tag-4-tot-6-jaar","9":"desktop-align-left","10":"tablet-align-left","11":"mobile-align-left","13":"first","14":"outofstock","15":"taxable","16":"shipping-taxable","17":"purchasable","18":"product-type-simple"},"supplier_id":8201,"supplier_sku":"","barcode":null,"atum_controlled":true,"out_stock_date":"2025-06-20 15:57:11","out_stock_threshold":null,"inheritable":false,"inbound_stock":0,"stock_on_hold":1,"sold_today":0,"sales_last_days":0,"reserved_stock":0,"customer_returns":0,"warehouse_damage":0,"lost_in_post":0,"other_logs":0,"out_stock_days":287,"lost_sales":0,"has_location":false,"update_date":"2026-04-04T02:06:15","atum_locations":[],"atum_stock_status":"outofstock","restock_status":false,"low_stock_amount":"","sales_update_date":"2026-04-04T00:25:31","calc_backorders":null,"yoast_head":"<!-- This site is optimized with the Yoast SEO plugin v27.3 - https:\/\/yoast.com\/product\/yoast-seo-wordpress\/ -->\n<title>Mas\u00eere\u0219\u00ea Bi\u00e7\u00fbk - BukiBoek<\/title>\n<meta name=\"robots\" content=\"index, follow, max-snippet:-1, max-image-preview:large, max-video-preview:-1\" \/>\n<link rel=\"canonical\" href=\"https:\/\/bukiboek.nl\/en\/product\/masirese-bicuk\/\" \/>\n<meta property=\"og:locale\" content=\"en_GB\" \/>\n<meta property=\"og:type\" content=\"article\" \/>\n<meta property=\"og:title\" content=\"Mas\u00eere\u0219\u00ea Bi\u00e7\u00fbk - BukiBoek\" \/>\n<meta property=\"og:description\" content=\"Mas\u00eere\u0219\u00ea Bi\u00e7\u00fbk is het verhaal van vrijheid. Een klein visje leeft in een kleine rivier maar het visje wilt graag de wereld ontdekken en begrijpen. Iedereen om hem heen, ook zijn moeder, zegt tegen hem: &#8221; De wereld is zoals het is en er geen andere wereld zoals deze.&#8221; De kleine vis wilt toch alles [&hellip;]\" \/>\n<meta property=\"og:url\" content=\"https:\/\/bukiboek.nl\/en\/product\/masirese-bicuk\/\" \/>\n<meta property=\"og:site_name\" content=\"BukiBoek\" \/>\n<meta property=\"article:modified_time\" content=\"2026-04-04T02:06:12+00:00\" \/>\n<meta property=\"og:image\" content=\"https:\/\/bukiboek.nl\/wp-content\/uploads\/2021\/12\/83-e1754390080317.jpg\" \/>\n\t<meta property=\"og:image:width\" content=\"454\" \/>\n\t<meta property=\"og:image:height\" content=\"632\" \/>\n\t<meta property=\"og:image:type\" content=\"image\/jpeg\" \/>\n<meta name=\"twitter:card\" content=\"summary_large_image\" \/>\n<meta name=\"twitter:label1\" content=\"Estimated reading time\" \/>\n\t<meta name=\"twitter:data1\" content=\"1 minute\" \/>\n<script type=\"application\/ld+json\" class=\"yoast-schema-graph\">{\"@context\":\"https:\\\/\\\/schema.org\",\"@graph\":[{\"@type\":\"WebPage\",\"@id\":\"https:\\\/\\\/bukiboek.nl\\\/product\\\/masirese-bicuk\\\/\",\"url\":\"https:\\\/\\\/bukiboek.nl\\\/product\\\/masirese-bicuk\\\/\",\"name\":\"Mas\u00eere\u0219\u00ea Bi\u00e7\u00fbk - BukiBoek\",\"isPartOf\":{\"@id\":\"https:\\\/\\\/bukiboek.nl\\\/en\\\/#website\"},\"primaryImageOfPage\":{\"@id\":\"https:\\\/\\\/bukiboek.nl\\\/product\\\/masirese-bicuk\\\/#primaryimage\"},\"image\":{\"@id\":\"https:\\\/\\\/bukiboek.nl\\\/product\\\/masirese-bicuk\\\/#primaryimage\"},\"thumbnailUrl\":\"https:\\\/\\\/bukiboek.nl\\\/wp-content\\\/uploads\\\/2021\\\/12\\\/83-e1754390080317.jpg\",\"datePublished\":\"2022-01-14T17:07:05+00:00\",\"dateModified\":\"2026-04-04T02:06:12+00:00\",\"breadcrumb\":{\"@id\":\"https:\\\/\\\/bukiboek.nl\\\/product\\\/masirese-bicuk\\\/#breadcrumb\"},\"inLanguage\":\"en-GB\",\"potentialAction\":[{\"@type\":\"ReadAction\",\"target\":[\"https:\\\/\\\/bukiboek.nl\\\/product\\\/masirese-bicuk\\\/\"]}]},{\"@type\":\"ImageObject\",\"inLanguage\":\"en-GB\",\"@id\":\"https:\\\/\\\/bukiboek.nl\\\/product\\\/masirese-bicuk\\\/#primaryimage\",\"url\":\"https:\\\/\\\/bukiboek.nl\\\/wp-content\\\/uploads\\\/2021\\\/12\\\/83-e1754390080317.jpg\",\"contentUrl\":\"https:\\\/\\\/bukiboek.nl\\\/wp-content\\\/uploads\\\/2021\\\/12\\\/83-e1754390080317.jpg\",\"width\":454,\"height\":632,\"caption\":\"Koerdische kinderboeken\"},{\"@type\":\"BreadcrumbList\",\"@id\":\"https:\\\/\\\/bukiboek.nl\\\/product\\\/masirese-bicuk\\\/#breadcrumb\",\"itemListElement\":[{\"@type\":\"ListItem\",\"position\":1,\"name\":\"Home\",\"item\":\"https:\\\/\\\/bukiboek.nl\\\/\"},{\"@type\":\"ListItem\",\"position\":2,\"name\":\"Mas\u00eere\u0219\u00ea Bi\u00e7\u00fbk\"}]},{\"@type\":\"WebSite\",\"@id\":\"https:\\\/\\\/bukiboek.nl\\\/en\\\/#website\",\"url\":\"https:\\\/\\\/bukiboek.nl\\\/en\\\/\",\"name\":\"BukiBoek\",\"description\":\"Kinderboeken in verschillende talen\",\"publisher\":{\"@id\":\"https:\\\/\\\/bukiboek.nl\\\/en\\\/#organization\"},\"potentialAction\":[{\"@type\":\"SearchAction\",\"target\":{\"@type\":\"EntryPoint\",\"urlTemplate\":\"https:\\\/\\\/bukiboek.nl\\\/en\\\/?s={search_term_string}\"},\"query-input\":{\"@type\":\"PropertyValueSpecification\",\"valueRequired\":true,\"valueName\":\"search_term_string\"}}],\"inLanguage\":\"en-GB\"},{\"@type\":\"Organization\",\"@id\":\"https:\\\/\\\/bukiboek.nl\\\/en\\\/#organization\",\"name\":\"BukiBoek\",\"url\":\"https:\\\/\\\/bukiboek.nl\\\/en\\\/\",\"logo\":{\"@type\":\"ImageObject\",\"inLanguage\":\"en-GB\",\"@id\":\"https:\\\/\\\/bukiboek.nl\\\/en\\\/#\\\/schema\\\/logo\\\/image\\\/\",\"url\":\"https:\\\/\\\/bukiboek.nl\\\/wp-content\\\/uploads\\\/2023\\\/01\\\/cropped-cropped-Transparent-Logo-1-e1675407711486.png\",\"contentUrl\":\"https:\\\/\\\/bukiboek.nl\\\/wp-content\\\/uploads\\\/2023\\\/01\\\/cropped-cropped-Transparent-Logo-1-e1675407711486.png\",\"width\":600,\"height\":662,\"caption\":\"BukiBoek\"},\"image\":{\"@id\":\"https:\\\/\\\/bukiboek.nl\\\/en\\\/#\\\/schema\\\/logo\\\/image\\\/\"},\"sameAs\":[\"https:\\\/\\\/www.linkedin.com\\\/company\\\/74944248\\\/\"]}]}<\/script>\n<!-- \/ Yoast SEO plugin. -->","yoast_head_json":{"title":"Mas\u00eere\u0219\u00ea Bi\u00e7\u00fbk - BukiBoek","robots":{"index":"index","follow":"follow","max-snippet":"max-snippet:-1","max-image-preview":"max-image-preview:large","max-video-preview":"max-video-preview:-1"},"canonical":"https:\/\/bukiboek.nl\/en\/product\/masirese-bicuk\/","og_locale":"en_GB","og_type":"article","og_title":"Mas\u00eere\u0219\u00ea Bi\u00e7\u00fbk - BukiBoek","og_description":"Mas\u00eere\u0219\u00ea Bi\u00e7\u00fbk is het verhaal van vrijheid. Een klein visje leeft in een kleine rivier maar het visje wilt graag de wereld ontdekken en begrijpen. Iedereen om hem heen, ook zijn moeder, zegt tegen hem: &#8221; De wereld is zoals het is en er geen andere wereld zoals deze.&#8221; De kleine vis wilt toch alles [&hellip;]","og_url":"https:\/\/bukiboek.nl\/en\/product\/masirese-bicuk\/","og_site_name":"BukiBoek","article_modified_time":"2026-04-04T02:06:12+00:00","og_image":[{"width":454,"height":632,"url":"https:\/\/bukiboek.nl\/wp-content\/uploads\/2021\/12\/83-e1754390080317.jpg","type":"image\/jpeg"}],"twitter_card":"summary_large_image","twitter_misc":{"Estimated reading time":"1 minute"},"schema":{"@context":"https:\/\/schema.org","@graph":[{"@type":"WebPage","@id":"https:\/\/bukiboek.nl\/product\/masirese-bicuk\/","url":"https:\/\/bukiboek.nl\/product\/masirese-bicuk\/","name":"Mas\u00eere\u0219\u00ea Bi\u00e7\u00fbk - BukiBoek","isPartOf":{"@id":"https:\/\/bukiboek.nl\/en\/#website"},"primaryImageOfPage":{"@id":"https:\/\/bukiboek.nl\/product\/masirese-bicuk\/#primaryimage"},"image":{"@id":"https:\/\/bukiboek.nl\/product\/masirese-bicuk\/#primaryimage"},"thumbnailUrl":"https:\/\/bukiboek.nl\/wp-content\/uploads\/2021\/12\/83-e1754390080317.jpg","datePublished":"2022-01-14T17:07:05+00:00","dateModified":"2026-04-04T02:06:12+00:00","breadcrumb":{"@id":"https:\/\/bukiboek.nl\/product\/masirese-bicuk\/#breadcrumb"},"inLanguage":"en-GB","potentialAction":[{"@type":"ReadAction","target":["https:\/\/bukiboek.nl\/product\/masirese-bicuk\/"]}]},{"@type":"ImageObject","inLanguage":"en-GB","@id":"https:\/\/bukiboek.nl\/product\/masirese-bicuk\/#primaryimage","url":"https:\/\/bukiboek.nl\/wp-content\/uploads\/2021\/12\/83-e1754390080317.jpg","contentUrl":"https:\/\/bukiboek.nl\/wp-content\/uploads\/2021\/12\/83-e1754390080317.jpg","width":454,"height":632,"caption":"Koerdische kinderboeken"},{"@type":"BreadcrumbList","@id":"https:\/\/bukiboek.nl\/product\/masirese-bicuk\/#breadcrumb","itemListElement":[{"@type":"ListItem","position":1,"name":"Home","item":"https:\/\/bukiboek.nl\/"},{"@type":"ListItem","position":2,"name":"Mas\u00eere\u0219\u00ea Bi\u00e7\u00fbk"}]},{"@type":"WebSite","@id":"https:\/\/bukiboek.nl\/en\/#website","url":"https:\/\/bukiboek.nl\/en\/","name":"BukiBook","description":"Children&#039;s books in different languages","publisher":{"@id":"https:\/\/bukiboek.nl\/en\/#organization"},"potentialAction":[{"@type":"SearchAction","target":{"@type":"EntryPoint","urlTemplate":"https:\/\/bukiboek.nl\/en\/?s={search_term_string}"},"query-input":{"@type":"PropertyValueSpecification","valueRequired":true,"valueName":"search_term_string"}}],"inLanguage":"en-GB"},{"@type":"Organization","@id":"https:\/\/bukiboek.nl\/en\/#organization","name":"BukiBook","url":"https:\/\/bukiboek.nl\/en\/","logo":{"@type":"ImageObject","inLanguage":"en-GB","@id":"https:\/\/bukiboek.nl\/en\/#\/schema\/logo\/image\/","url":"https:\/\/bukiboek.nl\/wp-content\/uploads\/2023\/01\/cropped-cropped-Transparent-Logo-1-e1675407711486.png","contentUrl":"https:\/\/bukiboek.nl\/wp-content\/uploads\/2023\/01\/cropped-cropped-Transparent-Logo-1-e1675407711486.png","width":600,"height":662,"caption":"BukiBoek"},"image":{"@id":"https:\/\/bukiboek.nl\/en\/#\/schema\/logo\/image\/"},"sameAs":["https:\/\/www.linkedin.com\/company\/74944248\/"]}]}},"_links":{"self":[{"href":"https:\/\/bukiboek.nl\/en\/wp-json\/wp\/v2\/product\/5633","targetHints":{"allow":["GET"]}}],"collection":[{"href":"https:\/\/bukiboek.nl\/en\/wp-json\/wp\/v2\/product"}],"about":[{"href":"https:\/\/bukiboek.nl\/en\/wp-json\/wp\/v2\/types\/product"}],"replies":[{"embeddable":true,"href":"https:\/\/bukiboek.nl\/en\/wp-json\/wp\/v2\/comments?post=5633"}],"wp:featuredmedia":[{"embeddable":true,"href":"https:\/\/bukiboek.nl\/en\/wp-json\/wp\/v2\/media\/5433"}],"wp:attachment":[{"href":"https:\/\/bukiboek.nl\/en\/wp-json\/wp\/v2\/media?parent=5633"}],"wp:term":[{"taxonomy":"product_brand","embeddable":true,"href":"https:\/\/bukiboek.nl\/en\/wp-json\/wp\/v2\/product_brand?post=5633"},{"taxonomy":"product_cat","embeddable":true,"href":"https:\/\/bukiboek.nl\/en\/wp-json\/wp\/v2\/product_cat?post=5633"},{"taxonomy":"product_tag","embeddable":true,"href":"https:\/\/bukiboek.nl\/en\/wp-json\/wp\/v2\/product_tag?post=5633"}],"curies":[{"name":"wp","href":"https:\/\/api.w.org\/{rel}","templated":true}]}}