{"id":5271,"date":"2021-11-10T08:18:05","date_gmt":"2021-11-10T07:18:05","guid":{"rendered":"https:\/\/bukiboek.nl\/?post_type=product&#038;p=5271"},"modified":"2026-04-14T03:40:26","modified_gmt":"2026-04-14T01:40:26","slug":"nona-bek-den-tempu-nona-terug-in-de-tijd-papiaments-leren","status":"publish","type":"product","link":"https:\/\/bukiboek.nl\/en\/product\/nona-bek-den-tempu-nona-terug-in-de-tijd-papiaments-leren\/","title":{"rendered":"Nona b\u00e8k den tempu \u2013 Nona Back In Time"},"content":{"rendered":"<p>Professor Anton has spent twenty years building a time machine. As a true professor, Professor Anton knows a lot about the culture and history of Bonaire. Nona wants to learn everything about the history of Bonaire. That&#039;s why she steps into the time machine to go back in time to experience the history of Bonaire in a very special way.<\/p>\n<p>Professor Anton sa hopi tokante kultura i historia di Boneiru. P&#039;esei Nona ta yame professor. Binti a\u00f1a pas\u00e1 profesor Anton a kumins\u00e1 traha un mashin di tempu. Nona ta bai b\u00e8k den tempu kun\u00e9 i ta eksperensi\u00e1 historia di Boneiru na un manera masha spesial..<\/p>\n<p>For children from 8 years.<\/p>","protected":false},"excerpt":{"rendered":"<p>Professor Anton is al twintig jaar bezig geweest met het maken van een tijdmachine. Als een echte professor weet Professor Anton veel over de cultuur en geschiedenis van Bonaire. Nona wilt alles leren over de geschiedenis van Bonaire. Daarom stapt ze in de tijdmachine om terug in te tijd te gaan in de geschiedenis van [&hellip;]<\/p>\n","protected":false},"featured_media":5280,"comment_status":"open","ping_status":"closed","template":"","meta":{"site-sidebar-layout":"default","site-content-layout":"default","ast-site-content-layout":"default","site-content-style":"default","site-sidebar-style":"default","ast-global-header-display":"","ast-banner-title-visibility":"","ast-main-header-display":"","ast-hfb-above-header-display":"","ast-hfb-below-header-display":"","ast-hfb-mobile-header-display":"","site-post-title":"","ast-breadcrumbs-content":"","ast-featured-img":"","footer-sml-layout":"","theme-transparent-header-meta":"default","adv-header-id-meta":"","stick-header-meta":"","header-above-stick-meta":"","header-main-stick-meta":"","header-below-stick-meta":"","astra-migrate-meta-layouts":"set","ast-page-background-enabled":"default","ast-page-background-meta":{"desktop":{"background-color":"","background-image":"","background-repeat":"repeat","background-position":"center center","background-size":"auto","background-attachment":"scroll","background-type":"","background-media":"","overlay-type":"","overlay-color":"","overlay-opacity":"","overlay-gradient":""},"tablet":{"background-color":"","background-image":"","background-repeat":"repeat","background-position":"center center","background-size":"auto","background-attachment":"scroll","background-type":"","background-media":"","overlay-type":"","overlay-color":"","overlay-opacity":"","overlay-gradient":""},"mobile":{"background-color":"","background-image":"","background-repeat":"repeat","background-position":"center center","background-size":"auto","background-attachment":"scroll","background-type":"","background-media":"","overlay-type":"","overlay-color":"","overlay-opacity":"","overlay-gradient":""}},"ast-content-background-meta":{"desktop":{"background-color":"var(--ast-global-color-5)","background-image":"","background-repeat":"repeat","background-position":"center center","background-size":"auto","background-attachment":"scroll","background-type":"","background-media":"","overlay-type":"","overlay-color":"","overlay-opacity":"","overlay-gradient":""},"tablet":{"background-color":"var(--ast-global-color-5)","background-image":"","background-repeat":"repeat","background-position":"center center","background-size":"auto","background-attachment":"scroll","background-type":"","background-media":"","overlay-type":"","overlay-color":"","overlay-opacity":"","overlay-gradient":""},"mobile":{"background-color":"var(--ast-global-color-5)","background-image":"","background-repeat":"repeat","background-position":"center center","background-size":"auto","background-attachment":"scroll","background-type":"","background-media":"","overlay-type":"","overlay-color":"","overlay-opacity":"","overlay-gradient":""}}},"product_brand":[],"product_cat":[23],"product_tag":[45,43,44,75,51],"klant-ref":[],"class_list":{"0":"post-5271","1":"product","2":"type-product","3":"status-publish","4":"has-post-thumbnail","6":"product_cat-papiamentu-kinderboeken","7":"product_tag-10-tot-12-jaar","8":"product_tag-4-tot-6-jaar","9":"product_tag-7-tot-9-jaar","10":"product_tag-tweetalige-boeken-nederlands","11":"product_tag-tweetalige-kinderboeken","12":"desktop-align-left","13":"tablet-align-left","14":"mobile-align-left","16":"first","17":"instock","18":"taxable","19":"shipping-taxable","20":"purchasable","21":"product-type-simple"},"yoast_head":"<!-- This site is optimized with the Yoast SEO plugin v27.4 - https:\/\/yoast.com\/product\/yoast-seo-wordpress\/ -->\n<title>Nona b\u00e8k den tempu - Nona Terug In De Tijd - BukiBoek<\/title>\n<meta name=\"description\" content=\"Nona stapt in de tijdmachine van Professor Anton om meer te leren over de geschiedenis van Bonaire. Ga jij met haar mee op ontdekkingsreis?\" \/>\n<meta name=\"robots\" content=\"index, follow, max-snippet:-1, max-image-preview:large, max-video-preview:-1\" \/>\n<link rel=\"canonical\" href=\"https:\/\/bukiboek.nl\/en\/product\/nona-bek-den-tempu-nona-terug-in-de-tijd-papiaments-leren\/\" \/>\n<meta property=\"og:locale\" content=\"en_GB\" \/>\n<meta property=\"og:type\" content=\"article\" \/>\n<meta property=\"og:title\" content=\"Nona b\u00e8k den tempu - Nona Terug In De Tijd - BukiBoek\" \/>\n<meta property=\"og:description\" content=\"Nona stapt in de tijdmachine van Professor Anton om meer te leren over de geschiedenis van Bonaire. Ga jij met haar mee op ontdekkingsreis?\" \/>\n<meta property=\"og:url\" content=\"https:\/\/bukiboek.nl\/en\/product\/nona-bek-den-tempu-nona-terug-in-de-tijd-papiaments-leren\/\" \/>\n<meta property=\"og:site_name\" content=\"BukiBoek\" \/>\n<meta property=\"article:modified_time\" content=\"2026-04-14T01:40:26+00:00\" \/>\n<meta property=\"og:image\" content=\"https:\/\/bukiboek.nl\/wp-content\/uploads\/2021\/11\/74-e1754391133189.jpg\" \/>\n\t<meta property=\"og:image:width\" content=\"932\" \/>\n\t<meta property=\"og:image:height\" content=\"707\" \/>\n\t<meta property=\"og:image:type\" content=\"image\/jpeg\" \/>\n<meta name=\"twitter:card\" content=\"summary_large_image\" \/>\n<meta name=\"twitter:label1\" content=\"Estimated reading time\" \/>\n\t<meta name=\"twitter:data1\" content=\"1 minute\" \/>\n<script type=\"application\/ld+json\" class=\"yoast-schema-graph\">{\"@context\":\"https:\\\/\\\/schema.org\",\"@graph\":[{\"@type\":\"WebPage\",\"@id\":\"https:\\\/\\\/bukiboek.nl\\\/product\\\/nona-bek-den-tempu-nona-terug-in-de-tijd-papiaments-leren\\\/\",\"url\":\"https:\\\/\\\/bukiboek.nl\\\/product\\\/nona-bek-den-tempu-nona-terug-in-de-tijd-papiaments-leren\\\/\",\"name\":\"Nona b\u00e8k den tempu - Nona Terug In De Tijd - BukiBoek\",\"isPartOf\":{\"@id\":\"https:\\\/\\\/bukiboek.nl\\\/en\\\/#website\"},\"primaryImageOfPage\":{\"@id\":\"https:\\\/\\\/bukiboek.nl\\\/product\\\/nona-bek-den-tempu-nona-terug-in-de-tijd-papiaments-leren\\\/#primaryimage\"},\"image\":{\"@id\":\"https:\\\/\\\/bukiboek.nl\\\/product\\\/nona-bek-den-tempu-nona-terug-in-de-tijd-papiaments-leren\\\/#primaryimage\"},\"thumbnailUrl\":\"https:\\\/\\\/bukiboek.nl\\\/wp-content\\\/uploads\\\/2021\\\/11\\\/74-e1754391133189.jpg\",\"datePublished\":\"2021-11-10T07:18:05+00:00\",\"dateModified\":\"2026-04-14T01:40:26+00:00\",\"description\":\"Nona stapt in de tijdmachine van Professor Anton om meer te leren over de geschiedenis van Bonaire. Ga jij met haar mee op ontdekkingsreis?\",\"breadcrumb\":{\"@id\":\"https:\\\/\\\/bukiboek.nl\\\/product\\\/nona-bek-den-tempu-nona-terug-in-de-tijd-papiaments-leren\\\/#breadcrumb\"},\"inLanguage\":\"en-GB\",\"potentialAction\":[{\"@type\":\"ReadAction\",\"target\":[\"https:\\\/\\\/bukiboek.nl\\\/product\\\/nona-bek-den-tempu-nona-terug-in-de-tijd-papiaments-leren\\\/\"]}]},{\"@type\":\"ImageObject\",\"inLanguage\":\"en-GB\",\"@id\":\"https:\\\/\\\/bukiboek.nl\\\/product\\\/nona-bek-den-tempu-nona-terug-in-de-tijd-papiaments-leren\\\/#primaryimage\",\"url\":\"https:\\\/\\\/bukiboek.nl\\\/wp-content\\\/uploads\\\/2021\\\/11\\\/74-e1754391133189.jpg\",\"contentUrl\":\"https:\\\/\\\/bukiboek.nl\\\/wp-content\\\/uploads\\\/2021\\\/11\\\/74-e1754391133189.jpg\",\"width\":932,\"height\":707},{\"@type\":\"BreadcrumbList\",\"@id\":\"https:\\\/\\\/bukiboek.nl\\\/product\\\/nona-bek-den-tempu-nona-terug-in-de-tijd-papiaments-leren\\\/#breadcrumb\",\"itemListElement\":[{\"@type\":\"ListItem\",\"position\":1,\"name\":\"Home\",\"item\":\"https:\\\/\\\/bukiboek.nl\\\/\"},{\"@type\":\"ListItem\",\"position\":2,\"name\":\"Nona b\u00e8k den tempu &#8211; Nona Terug In De Tijd\"}]},{\"@type\":\"WebSite\",\"@id\":\"https:\\\/\\\/bukiboek.nl\\\/en\\\/#website\",\"url\":\"https:\\\/\\\/bukiboek.nl\\\/en\\\/\",\"name\":\"BukiBoek\",\"description\":\"Kinderboeken in verschillende talen\",\"publisher\":{\"@id\":\"https:\\\/\\\/bukiboek.nl\\\/en\\\/#organization\"},\"potentialAction\":[{\"@type\":\"SearchAction\",\"target\":{\"@type\":\"EntryPoint\",\"urlTemplate\":\"https:\\\/\\\/bukiboek.nl\\\/en\\\/?s={search_term_string}\"},\"query-input\":{\"@type\":\"PropertyValueSpecification\",\"valueRequired\":true,\"valueName\":\"search_term_string\"}}],\"inLanguage\":\"en-GB\"},{\"@type\":\"Organization\",\"@id\":\"https:\\\/\\\/bukiboek.nl\\\/en\\\/#organization\",\"name\":\"BukiBoek\",\"url\":\"https:\\\/\\\/bukiboek.nl\\\/en\\\/\",\"logo\":{\"@type\":\"ImageObject\",\"inLanguage\":\"en-GB\",\"@id\":\"https:\\\/\\\/bukiboek.nl\\\/en\\\/#\\\/schema\\\/logo\\\/image\\\/\",\"url\":\"https:\\\/\\\/bukiboek.nl\\\/wp-content\\\/uploads\\\/2023\\\/01\\\/cropped-cropped-Transparent-Logo-1-e1675407711486.png\",\"contentUrl\":\"https:\\\/\\\/bukiboek.nl\\\/wp-content\\\/uploads\\\/2023\\\/01\\\/cropped-cropped-Transparent-Logo-1-e1675407711486.png\",\"width\":600,\"height\":662,\"caption\":\"BukiBoek\"},\"image\":{\"@id\":\"https:\\\/\\\/bukiboek.nl\\\/en\\\/#\\\/schema\\\/logo\\\/image\\\/\"},\"sameAs\":[\"https:\\\/\\\/www.linkedin.com\\\/company\\\/74944248\\\/\"]}]}<\/script>\n<!-- \/ Yoast SEO plugin. -->","yoast_head_json":{"title":"Nona b\u00e8k den tempu - Nona Terug In De Tijd - BukiBoek","description":"Nona steps into Professor Anton&#039;s time machine to learn more about the history of Bonaire. Will you join her on a journey of discovery?","robots":{"index":"index","follow":"follow","max-snippet":"max-snippet:-1","max-image-preview":"max-image-preview:large","max-video-preview":"max-video-preview:-1"},"canonical":"https:\/\/bukiboek.nl\/en\/product\/nona-bek-den-tempu-nona-terug-in-de-tijd-papiaments-leren\/","og_locale":"en_GB","og_type":"article","og_title":"Nona b\u00e8k den tempu - Nona Terug In De Tijd - BukiBoek","og_description":"Nona stapt in de tijdmachine van Professor Anton om meer te leren over de geschiedenis van Bonaire. Ga jij met haar mee op ontdekkingsreis?","og_url":"https:\/\/bukiboek.nl\/en\/product\/nona-bek-den-tempu-nona-terug-in-de-tijd-papiaments-leren\/","og_site_name":"BukiBoek","article_modified_time":"2026-04-14T01:40:26+00:00","og_image":[{"width":932,"height":707,"url":"https:\/\/bukiboek.nl\/wp-content\/uploads\/2021\/11\/74-e1754391133189.jpg","type":"image\/jpeg"}],"twitter_card":"summary_large_image","twitter_misc":{"Estimated reading time":"1 minute"},"schema":{"@context":"https:\/\/schema.org","@graph":[{"@type":"WebPage","@id":"https:\/\/bukiboek.nl\/product\/nona-bek-den-tempu-nona-terug-in-de-tijd-papiaments-leren\/","url":"https:\/\/bukiboek.nl\/product\/nona-bek-den-tempu-nona-terug-in-de-tijd-papiaments-leren\/","name":"Nona b\u00e8k den tempu - Nona Terug In De Tijd - BukiBoek","isPartOf":{"@id":"https:\/\/bukiboek.nl\/en\/#website"},"primaryImageOfPage":{"@id":"https:\/\/bukiboek.nl\/product\/nona-bek-den-tempu-nona-terug-in-de-tijd-papiaments-leren\/#primaryimage"},"image":{"@id":"https:\/\/bukiboek.nl\/product\/nona-bek-den-tempu-nona-terug-in-de-tijd-papiaments-leren\/#primaryimage"},"thumbnailUrl":"https:\/\/bukiboek.nl\/wp-content\/uploads\/2021\/11\/74-e1754391133189.jpg","datePublished":"2021-11-10T07:18:05+00:00","dateModified":"2026-04-14T01:40:26+00:00","description":"Nona steps into Professor Anton&#039;s time machine to learn more about the history of Bonaire. Will you join her on a journey of discovery?","breadcrumb":{"@id":"https:\/\/bukiboek.nl\/product\/nona-bek-den-tempu-nona-terug-in-de-tijd-papiaments-leren\/#breadcrumb"},"inLanguage":"en-GB","potentialAction":[{"@type":"ReadAction","target":["https:\/\/bukiboek.nl\/product\/nona-bek-den-tempu-nona-terug-in-de-tijd-papiaments-leren\/"]}]},{"@type":"ImageObject","inLanguage":"en-GB","@id":"https:\/\/bukiboek.nl\/product\/nona-bek-den-tempu-nona-terug-in-de-tijd-papiaments-leren\/#primaryimage","url":"https:\/\/bukiboek.nl\/wp-content\/uploads\/2021\/11\/74-e1754391133189.jpg","contentUrl":"https:\/\/bukiboek.nl\/wp-content\/uploads\/2021\/11\/74-e1754391133189.jpg","width":932,"height":707},{"@type":"BreadcrumbList","@id":"https:\/\/bukiboek.nl\/product\/nona-bek-den-tempu-nona-terug-in-de-tijd-papiaments-leren\/#breadcrumb","itemListElement":[{"@type":"ListItem","position":1,"name":"Home","item":"https:\/\/bukiboek.nl\/"},{"@type":"ListItem","position":2,"name":"Nona b\u00e8k den tempu &#8211; Nona Terug In De Tijd"}]},{"@type":"WebSite","@id":"https:\/\/bukiboek.nl\/en\/#website","url":"https:\/\/bukiboek.nl\/en\/","name":"BukiBook","description":"Children&#039;s books in different languages","publisher":{"@id":"https:\/\/bukiboek.nl\/en\/#organization"},"potentialAction":[{"@type":"SearchAction","target":{"@type":"EntryPoint","urlTemplate":"https:\/\/bukiboek.nl\/en\/?s={search_term_string}"},"query-input":{"@type":"PropertyValueSpecification","valueRequired":true,"valueName":"search_term_string"}}],"inLanguage":"en-GB"},{"@type":"Organization","@id":"https:\/\/bukiboek.nl\/en\/#organization","name":"BukiBook","url":"https:\/\/bukiboek.nl\/en\/","logo":{"@type":"ImageObject","inLanguage":"en-GB","@id":"https:\/\/bukiboek.nl\/en\/#\/schema\/logo\/image\/","url":"https:\/\/bukiboek.nl\/wp-content\/uploads\/2023\/01\/cropped-cropped-Transparent-Logo-1-e1675407711486.png","contentUrl":"https:\/\/bukiboek.nl\/wp-content\/uploads\/2023\/01\/cropped-cropped-Transparent-Logo-1-e1675407711486.png","width":600,"height":662,"caption":"BukiBoek"},"image":{"@id":"https:\/\/bukiboek.nl\/en\/#\/schema\/logo\/image\/"},"sameAs":["https:\/\/www.linkedin.com\/company\/74944248\/"]}]}},"_links":{"self":[{"href":"https:\/\/bukiboek.nl\/en\/wp-json\/wp\/v2\/product\/5271","targetHints":{"allow":["GET"]}}],"collection":[{"href":"https:\/\/bukiboek.nl\/en\/wp-json\/wp\/v2\/product"}],"about":[{"href":"https:\/\/bukiboek.nl\/en\/wp-json\/wp\/v2\/types\/product"}],"replies":[{"embeddable":true,"href":"https:\/\/bukiboek.nl\/en\/wp-json\/wp\/v2\/comments?post=5271"}],"wp:featuredmedia":[{"embeddable":true,"href":"https:\/\/bukiboek.nl\/en\/wp-json\/wp\/v2\/media\/5280"}],"wp:attachment":[{"href":"https:\/\/bukiboek.nl\/en\/wp-json\/wp\/v2\/media?parent=5271"}],"wp:term":[{"taxonomy":"product_brand","embeddable":true,"href":"https:\/\/bukiboek.nl\/en\/wp-json\/wp\/v2\/product_brand?post=5271"},{"taxonomy":"product_cat","embeddable":true,"href":"https:\/\/bukiboek.nl\/en\/wp-json\/wp\/v2\/product_cat?post=5271"},{"taxonomy":"product_tag","embeddable":true,"href":"https:\/\/bukiboek.nl\/en\/wp-json\/wp\/v2\/product_tag?post=5271"},{"taxonomy":"klant-ref","embeddable":true,"href":"https:\/\/bukiboek.nl\/en\/wp-json\/wp\/v2\/klant-ref?post=5271"}],"curies":[{"name":"wp","href":"https:\/\/api.w.org\/{rel}","templated":true}]}}