{"id":4636,"date":"2021-08-30T20:46:20","date_gmt":"2021-08-30T18:46:20","guid":{"rendered":"https:\/\/bukiboek.nl\/?post_type=product&#038;p=4636"},"modified":"2026-04-07T10:14:29","modified_gmt":"2026-04-07T08:14:29","slug":"%e6%9a%96%e6%88%bf%e5%ad%90%e7%bb%8f%e5%85%b8%e7%bb%98%e6%9c%ac%e7%b3%bb%e5%88%97-%e5%a4%a7%e5%b1%81%e5%b1%81%e7%86%8a","status":"publish","type":"product","link":"https:\/\/bukiboek.nl\/en\/product\/%e6%9a%96%e6%88%bf%e5%ad%90%e7%bb%8f%e5%85%b8%e7%bb%98%e6%9c%ac%e7%b3%bb%e5%88%97-%e5%a4%a7%e5%b1%81%e5%b1%81%e7%86%8a\/","title":{"rendered":"D\u00e0 p\u00ec p\u00ec xi\u00f3ng \u2013 Nu\u01cenf\u00e1ng zi j\u012bngdi\u01cen hu\u00ecb\u011bn x\u00ecli\u00e8"},"content":{"rendered":"<p>Bear is friendly, bear is sweet, bear is the nicest bear you will ever meet! With his small legs and small claws and his very big ass. Al bear's friends love him very much. But his big ass causes problems..bear bumps into everything. Bear feels very guilty and hides. Will his friends be able to find him again?<\/p>","protected":false},"excerpt":{"rendered":"<p>Beer is vriendelijk, beer is lief, beer is de aardigste beer die je ooit zal ontmoeten. Met zijn kleine poten en kleine klauwen \u00e9n zijn hele grote kont. Al beer zijn vrienden houden veel van hem, maar zijn grote kont zorgt voor problemen.. Beer botst overal tegenaan. Beer voelt zich erg schuldig en verstopt zich. [&hellip;]<\/p>\n","protected":false},"featured_media":4757,"comment_status":"open","ping_status":"closed","template":"","meta":{"site-sidebar-layout":"default","site-content-layout":"default","ast-site-content-layout":"default","site-content-style":"default","site-sidebar-style":"default","ast-global-header-display":"","ast-banner-title-visibility":"","ast-main-header-display":"","ast-hfb-above-header-display":"","ast-hfb-below-header-display":"","ast-hfb-mobile-header-display":"","site-post-title":"","ast-breadcrumbs-content":"","ast-featured-img":"","footer-sml-layout":"","theme-transparent-header-meta":"default","adv-header-id-meta":"","stick-header-meta":"","header-above-stick-meta":"","header-main-stick-meta":"","header-below-stick-meta":"","astra-migrate-meta-layouts":"set","ast-page-background-enabled":"default","ast-page-background-meta":{"desktop":{"background-color":"","background-image":"","background-repeat":"repeat","background-position":"center center","background-size":"auto","background-attachment":"scroll","background-type":"","background-media":"","overlay-type":"","overlay-color":"","overlay-opacity":"","overlay-gradient":""},"tablet":{"background-color":"","background-image":"","background-repeat":"repeat","background-position":"center center","background-size":"auto","background-attachment":"scroll","background-type":"","background-media":"","overlay-type":"","overlay-color":"","overlay-opacity":"","overlay-gradient":""},"mobile":{"background-color":"","background-image":"","background-repeat":"repeat","background-position":"center center","background-size":"auto","background-attachment":"scroll","background-type":"","background-media":"","overlay-type":"","overlay-color":"","overlay-opacity":"","overlay-gradient":""}},"ast-content-background-meta":{"desktop":{"background-color":"var(--ast-global-color-5)","background-image":"","background-repeat":"repeat","background-position":"center center","background-size":"auto","background-attachment":"scroll","background-type":"","background-media":"","overlay-type":"","overlay-color":"","overlay-opacity":"","overlay-gradient":""},"tablet":{"background-color":"var(--ast-global-color-5)","background-image":"","background-repeat":"repeat","background-position":"center center","background-size":"auto","background-attachment":"scroll","background-type":"","background-media":"","overlay-type":"","overlay-color":"","overlay-opacity":"","overlay-gradient":""},"mobile":{"background-color":"var(--ast-global-color-5)","background-image":"","background-repeat":"repeat","background-position":"center center","background-size":"auto","background-attachment":"scroll","background-type":"","background-media":"","overlay-type":"","overlay-color":"","overlay-opacity":"","overlay-gradient":""}}},"product_brand":[],"product_cat":[27],"product_tag":[42,43],"class_list":{"0":"post-4636","1":"product","2":"type-product","3":"status-publish","4":"has-post-thumbnail","6":"product_cat-chinese-kinderboeken","7":"product_tag-0-tot-3-jaar","8":"product_tag-4-tot-6-jaar","9":"desktop-align-left","10":"tablet-align-left","11":"mobile-align-left","13":"first","14":"instock","15":"taxable","16":"shipping-taxable","17":"purchasable","18":"product-type-simple"},"supplier_id":7916,"supplier_sku":"","barcode":null,"atum_controlled":true,"out_stock_date":null,"out_stock_threshold":null,"inheritable":false,"inbound_stock":0,"stock_on_hold":0,"sold_today":0,"sales_last_days":0,"reserved_stock":0,"customer_returns":0,"warehouse_damage":0,"lost_in_post":0,"other_logs":0,"out_stock_days":0,"lost_sales":0,"has_location":false,"update_date":"2026-04-07T08:14:31","atum_locations":[],"atum_stock_status":"instock","restock_status":false,"low_stock_amount":"","sales_update_date":"2026-04-07T00:41:52","calc_backorders":null,"yoast_head":"<!-- This site is optimized with the Yoast SEO plugin v27.3 - https:\/\/yoast.com\/product\/yoast-seo-wordpress\/ -->\n<title>D\u00e0 p\u00ec p\u00ec xi\u00f3ng - Nu\u01cenf\u00e1ng zi j\u012bngdi\u01cen hu\u00ecb\u011bn x\u00ecli\u00e8 - BukiBoek<\/title>\n<meta name=\"description\" content=\"De beer met de grote kont is soms wat onhandig, waardoor hij zich schaamt en verstopt. Lukt het de vrienden van beer om hem terug te vinden?\" \/>\n<meta name=\"robots\" content=\"index, follow, max-snippet:-1, max-image-preview:large, max-video-preview:-1\" \/>\n<link rel=\"canonical\" href=\"https:\/\/bukiboek.nl\/en\/product\/\u6696\u623f\u5b50\u7ecf\u5178\u7ed8\u672c\u7cfb\u5217-\u5927\u5c41\u5c41\u718a\/\" \/>\n<meta property=\"og:locale\" content=\"en_GB\" \/>\n<meta property=\"og:type\" content=\"article\" \/>\n<meta property=\"og:title\" content=\"D\u00e0 p\u00ec p\u00ec xi\u00f3ng - Nu\u01cenf\u00e1ng zi j\u012bngdi\u01cen hu\u00ecb\u011bn x\u00ecli\u00e8 - BukiBoek\" \/>\n<meta property=\"og:description\" content=\"De beer met de grote kont is soms wat onhandig, waardoor hij zich schaamt en verstopt. Lukt het de vrienden van beer om hem terug te vinden?\" \/>\n<meta property=\"og:url\" content=\"https:\/\/bukiboek.nl\/en\/product\/\u6696\u623f\u5b50\u7ecf\u5178\u7ed8\u672c\u7cfb\u5217-\u5927\u5c41\u5c41\u718a\/\" \/>\n<meta property=\"og:site_name\" content=\"BukiBoek\" \/>\n<meta property=\"article:modified_time\" content=\"2026-04-07T08:14:29+00:00\" \/>\n<meta property=\"og:image\" content=\"https:\/\/bukiboek.nl\/wp-content\/uploads\/2021\/08\/97-e1754391892351.jpg\" \/>\n\t<meta property=\"og:image:width\" content=\"770\" \/>\n\t<meta property=\"og:image:height\" content=\"763\" \/>\n\t<meta property=\"og:image:type\" content=\"image\/jpeg\" \/>\n<meta name=\"twitter:card\" content=\"summary_large_image\" \/>\n<meta name=\"twitter:label1\" content=\"Estimated reading time\" \/>\n\t<meta name=\"twitter:data1\" content=\"1 minute\" \/>\n<script type=\"application\/ld+json\" class=\"yoast-schema-graph\">{\"@context\":\"https:\\\/\\\/schema.org\",\"@graph\":[{\"@type\":\"WebPage\",\"@id\":\"https:\\\/\\\/bukiboek.nl\\\/product\\\/%e6%9a%96%e6%88%bf%e5%ad%90%e7%bb%8f%e5%85%b8%e7%bb%98%e6%9c%ac%e7%b3%bb%e5%88%97-%e5%a4%a7%e5%b1%81%e5%b1%81%e7%86%8a\\\/\",\"url\":\"https:\\\/\\\/bukiboek.nl\\\/product\\\/%e6%9a%96%e6%88%bf%e5%ad%90%e7%bb%8f%e5%85%b8%e7%bb%98%e6%9c%ac%e7%b3%bb%e5%88%97-%e5%a4%a7%e5%b1%81%e5%b1%81%e7%86%8a\\\/\",\"name\":\"D\u00e0 p\u00ec p\u00ec xi\u00f3ng - Nu\u01cenf\u00e1ng zi j\u012bngdi\u01cen hu\u00ecb\u011bn x\u00ecli\u00e8 - BukiBoek\",\"isPartOf\":{\"@id\":\"https:\\\/\\\/bukiboek.nl\\\/en\\\/#website\"},\"primaryImageOfPage\":{\"@id\":\"https:\\\/\\\/bukiboek.nl\\\/product\\\/%e6%9a%96%e6%88%bf%e5%ad%90%e7%bb%8f%e5%85%b8%e7%bb%98%e6%9c%ac%e7%b3%bb%e5%88%97-%e5%a4%a7%e5%b1%81%e5%b1%81%e7%86%8a\\\/#primaryimage\"},\"image\":{\"@id\":\"https:\\\/\\\/bukiboek.nl\\\/product\\\/%e6%9a%96%e6%88%bf%e5%ad%90%e7%bb%8f%e5%85%b8%e7%bb%98%e6%9c%ac%e7%b3%bb%e5%88%97-%e5%a4%a7%e5%b1%81%e5%b1%81%e7%86%8a\\\/#primaryimage\"},\"thumbnailUrl\":\"https:\\\/\\\/bukiboek.nl\\\/wp-content\\\/uploads\\\/2021\\\/08\\\/97-e1754391892351.jpg\",\"datePublished\":\"2021-08-30T18:46:20+00:00\",\"dateModified\":\"2026-04-07T08:14:29+00:00\",\"description\":\"De beer met de grote kont is soms wat onhandig, waardoor hij zich schaamt en verstopt. Lukt het de vrienden van beer om hem terug te vinden?\",\"breadcrumb\":{\"@id\":\"https:\\\/\\\/bukiboek.nl\\\/product\\\/%e6%9a%96%e6%88%bf%e5%ad%90%e7%bb%8f%e5%85%b8%e7%bb%98%e6%9c%ac%e7%b3%bb%e5%88%97-%e5%a4%a7%e5%b1%81%e5%b1%81%e7%86%8a\\\/#breadcrumb\"},\"inLanguage\":\"en-GB\",\"potentialAction\":[{\"@type\":\"ReadAction\",\"target\":[\"https:\\\/\\\/bukiboek.nl\\\/product\\\/%e6%9a%96%e6%88%bf%e5%ad%90%e7%bb%8f%e5%85%b8%e7%bb%98%e6%9c%ac%e7%b3%bb%e5%88%97-%e5%a4%a7%e5%b1%81%e5%b1%81%e7%86%8a\\\/\"]}]},{\"@type\":\"ImageObject\",\"inLanguage\":\"en-GB\",\"@id\":\"https:\\\/\\\/bukiboek.nl\\\/product\\\/%e6%9a%96%e6%88%bf%e5%ad%90%e7%bb%8f%e5%85%b8%e7%bb%98%e6%9c%ac%e7%b3%bb%e5%88%97-%e5%a4%a7%e5%b1%81%e5%b1%81%e7%86%8a\\\/#primaryimage\",\"url\":\"https:\\\/\\\/bukiboek.nl\\\/wp-content\\\/uploads\\\/2021\\\/08\\\/97-e1754391892351.jpg\",\"contentUrl\":\"https:\\\/\\\/bukiboek.nl\\\/wp-content\\\/uploads\\\/2021\\\/08\\\/97-e1754391892351.jpg\",\"width\":770,\"height\":763},{\"@type\":\"BreadcrumbList\",\"@id\":\"https:\\\/\\\/bukiboek.nl\\\/product\\\/%e6%9a%96%e6%88%bf%e5%ad%90%e7%bb%8f%e5%85%b8%e7%bb%98%e6%9c%ac%e7%b3%bb%e5%88%97-%e5%a4%a7%e5%b1%81%e5%b1%81%e7%86%8a\\\/#breadcrumb\",\"itemListElement\":[{\"@type\":\"ListItem\",\"position\":1,\"name\":\"Home\",\"item\":\"https:\\\/\\\/bukiboek.nl\\\/\"},{\"@type\":\"ListItem\",\"position\":2,\"name\":\"D\u00e0 p\u00ec p\u00ec xi\u00f3ng &#8211; Nu\u01cenf\u00e1ng zi j\u012bngdi\u01cen hu\u00ecb\u011bn x\u00ecli\u00e8\"}]},{\"@type\":\"WebSite\",\"@id\":\"https:\\\/\\\/bukiboek.nl\\\/en\\\/#website\",\"url\":\"https:\\\/\\\/bukiboek.nl\\\/en\\\/\",\"name\":\"BukiBoek\",\"description\":\"Kinderboeken in verschillende talen\",\"publisher\":{\"@id\":\"https:\\\/\\\/bukiboek.nl\\\/en\\\/#organization\"},\"potentialAction\":[{\"@type\":\"SearchAction\",\"target\":{\"@type\":\"EntryPoint\",\"urlTemplate\":\"https:\\\/\\\/bukiboek.nl\\\/en\\\/?s={search_term_string}\"},\"query-input\":{\"@type\":\"PropertyValueSpecification\",\"valueRequired\":true,\"valueName\":\"search_term_string\"}}],\"inLanguage\":\"en-GB\"},{\"@type\":\"Organization\",\"@id\":\"https:\\\/\\\/bukiboek.nl\\\/en\\\/#organization\",\"name\":\"BukiBoek\",\"url\":\"https:\\\/\\\/bukiboek.nl\\\/en\\\/\",\"logo\":{\"@type\":\"ImageObject\",\"inLanguage\":\"en-GB\",\"@id\":\"https:\\\/\\\/bukiboek.nl\\\/en\\\/#\\\/schema\\\/logo\\\/image\\\/\",\"url\":\"https:\\\/\\\/bukiboek.nl\\\/wp-content\\\/uploads\\\/2023\\\/01\\\/cropped-cropped-Transparent-Logo-1-e1675407711486.png\",\"contentUrl\":\"https:\\\/\\\/bukiboek.nl\\\/wp-content\\\/uploads\\\/2023\\\/01\\\/cropped-cropped-Transparent-Logo-1-e1675407711486.png\",\"width\":600,\"height\":662,\"caption\":\"BukiBoek\"},\"image\":{\"@id\":\"https:\\\/\\\/bukiboek.nl\\\/en\\\/#\\\/schema\\\/logo\\\/image\\\/\"},\"sameAs\":[\"https:\\\/\\\/www.linkedin.com\\\/company\\\/74944248\\\/\"]}]}<\/script>\n<!-- \/ Yoast SEO plugin. -->","yoast_head_json":{"title":"D\u00e0 p\u00ec p\u00ec xi\u00f3ng - Nu\u01cenf\u00e1ng zi j\u012bngdi\u01cen hu\u00ecb\u011bn x\u00ecli\u00e8 - BukiBoek","description":"The bear with the big ass is sometimes a bit clumsy, which makes him ashamed. The bear goes hiding. Will Bear's friends be able to find him?","robots":{"index":"index","follow":"follow","max-snippet":"max-snippet:-1","max-image-preview":"max-image-preview:large","max-video-preview":"max-video-preview:-1"},"canonical":"https:\/\/bukiboek.nl\/en\/product\/\u6696\u623f\u5b50\u7ecf\u5178\u7ed8\u672c\u7cfb\u5217-\u5927\u5c41\u5c41\u718a\/","og_locale":"en_GB","og_type":"article","og_title":"D\u00e0 p\u00ec p\u00ec xi\u00f3ng - Nu\u01cenf\u00e1ng zi j\u012bngdi\u01cen hu\u00ecb\u011bn x\u00ecli\u00e8 - BukiBoek","og_description":"De beer met de grote kont is soms wat onhandig, waardoor hij zich schaamt en verstopt. Lukt het de vrienden van beer om hem terug te vinden?","og_url":"https:\/\/bukiboek.nl\/en\/product\/\u6696\u623f\u5b50\u7ecf\u5178\u7ed8\u672c\u7cfb\u5217-\u5927\u5c41\u5c41\u718a\/","og_site_name":"BukiBoek","article_modified_time":"2026-04-07T08:14:29+00:00","og_image":[{"width":770,"height":763,"url":"https:\/\/bukiboek.nl\/wp-content\/uploads\/2021\/08\/97-e1754391892351.jpg","type":"image\/jpeg"}],"twitter_card":"summary_large_image","twitter_misc":{"Estimated reading time":"1 minute"},"schema":{"@context":"https:\/\/schema.org","@graph":[{"@type":"WebPage","@id":"https:\/\/bukiboek.nl\/product\/%e6%9a%96%e6%88%bf%e5%ad%90%e7%bb%8f%e5%85%b8%e7%bb%98%e6%9c%ac%e7%b3%bb%e5%88%97-%e5%a4%a7%e5%b1%81%e5%b1%81%e7%86%8a\/","url":"https:\/\/bukiboek.nl\/product\/%e6%9a%96%e6%88%bf%e5%ad%90%e7%bb%8f%e5%85%b8%e7%bb%98%e6%9c%ac%e7%b3%bb%e5%88%97-%e5%a4%a7%e5%b1%81%e5%b1%81%e7%86%8a\/","name":"D\u00e0 p\u00ec p\u00ec xi\u00f3ng - Nu\u01cenf\u00e1ng zi j\u012bngdi\u01cen hu\u00ecb\u011bn x\u00ecli\u00e8 - BukiBoek","isPartOf":{"@id":"https:\/\/bukiboek.nl\/en\/#website"},"primaryImageOfPage":{"@id":"https:\/\/bukiboek.nl\/product\/%e6%9a%96%e6%88%bf%e5%ad%90%e7%bb%8f%e5%85%b8%e7%bb%98%e6%9c%ac%e7%b3%bb%e5%88%97-%e5%a4%a7%e5%b1%81%e5%b1%81%e7%86%8a\/#primaryimage"},"image":{"@id":"https:\/\/bukiboek.nl\/product\/%e6%9a%96%e6%88%bf%e5%ad%90%e7%bb%8f%e5%85%b8%e7%bb%98%e6%9c%ac%e7%b3%bb%e5%88%97-%e5%a4%a7%e5%b1%81%e5%b1%81%e7%86%8a\/#primaryimage"},"thumbnailUrl":"https:\/\/bukiboek.nl\/wp-content\/uploads\/2021\/08\/97-e1754391892351.jpg","datePublished":"2021-08-30T18:46:20+00:00","dateModified":"2026-04-07T08:14:29+00:00","description":"The bear with the big ass is sometimes a bit clumsy, which makes him ashamed. The bear goes hiding. Will Bear's friends be able to find him?","breadcrumb":{"@id":"https:\/\/bukiboek.nl\/product\/%e6%9a%96%e6%88%bf%e5%ad%90%e7%bb%8f%e5%85%b8%e7%bb%98%e6%9c%ac%e7%b3%bb%e5%88%97-%e5%a4%a7%e5%b1%81%e5%b1%81%e7%86%8a\/#breadcrumb"},"inLanguage":"en-GB","potentialAction":[{"@type":"ReadAction","target":["https:\/\/bukiboek.nl\/product\/%e6%9a%96%e6%88%bf%e5%ad%90%e7%bb%8f%e5%85%b8%e7%bb%98%e6%9c%ac%e7%b3%bb%e5%88%97-%e5%a4%a7%e5%b1%81%e5%b1%81%e7%86%8a\/"]}]},{"@type":"ImageObject","inLanguage":"en-GB","@id":"https:\/\/bukiboek.nl\/product\/%e6%9a%96%e6%88%bf%e5%ad%90%e7%bb%8f%e5%85%b8%e7%bb%98%e6%9c%ac%e7%b3%bb%e5%88%97-%e5%a4%a7%e5%b1%81%e5%b1%81%e7%86%8a\/#primaryimage","url":"https:\/\/bukiboek.nl\/wp-content\/uploads\/2021\/08\/97-e1754391892351.jpg","contentUrl":"https:\/\/bukiboek.nl\/wp-content\/uploads\/2021\/08\/97-e1754391892351.jpg","width":770,"height":763},{"@type":"BreadcrumbList","@id":"https:\/\/bukiboek.nl\/product\/%e6%9a%96%e6%88%bf%e5%ad%90%e7%bb%8f%e5%85%b8%e7%bb%98%e6%9c%ac%e7%b3%bb%e5%88%97-%e5%a4%a7%e5%b1%81%e5%b1%81%e7%86%8a\/#breadcrumb","itemListElement":[{"@type":"ListItem","position":1,"name":"Home","item":"https:\/\/bukiboek.nl\/"},{"@type":"ListItem","position":2,"name":"D\u00e0 p\u00ec p\u00ec xi\u00f3ng &#8211; Nu\u01cenf\u00e1ng zi j\u012bngdi\u01cen hu\u00ecb\u011bn x\u00ecli\u00e8"}]},{"@type":"WebSite","@id":"https:\/\/bukiboek.nl\/en\/#website","url":"https:\/\/bukiboek.nl\/en\/","name":"BukiBook","description":"Children&#039;s books in different languages","publisher":{"@id":"https:\/\/bukiboek.nl\/en\/#organization"},"potentialAction":[{"@type":"SearchAction","target":{"@type":"EntryPoint","urlTemplate":"https:\/\/bukiboek.nl\/en\/?s={search_term_string}"},"query-input":{"@type":"PropertyValueSpecification","valueRequired":true,"valueName":"search_term_string"}}],"inLanguage":"en-GB"},{"@type":"Organization","@id":"https:\/\/bukiboek.nl\/en\/#organization","name":"BukiBook","url":"https:\/\/bukiboek.nl\/en\/","logo":{"@type":"ImageObject","inLanguage":"en-GB","@id":"https:\/\/bukiboek.nl\/en\/#\/schema\/logo\/image\/","url":"https:\/\/bukiboek.nl\/wp-content\/uploads\/2023\/01\/cropped-cropped-Transparent-Logo-1-e1675407711486.png","contentUrl":"https:\/\/bukiboek.nl\/wp-content\/uploads\/2023\/01\/cropped-cropped-Transparent-Logo-1-e1675407711486.png","width":600,"height":662,"caption":"BukiBoek"},"image":{"@id":"https:\/\/bukiboek.nl\/en\/#\/schema\/logo\/image\/"},"sameAs":["https:\/\/www.linkedin.com\/company\/74944248\/"]}]}},"_links":{"self":[{"href":"https:\/\/bukiboek.nl\/en\/wp-json\/wp\/v2\/product\/4636","targetHints":{"allow":["GET"]}}],"collection":[{"href":"https:\/\/bukiboek.nl\/en\/wp-json\/wp\/v2\/product"}],"about":[{"href":"https:\/\/bukiboek.nl\/en\/wp-json\/wp\/v2\/types\/product"}],"replies":[{"embeddable":true,"href":"https:\/\/bukiboek.nl\/en\/wp-json\/wp\/v2\/comments?post=4636"}],"wp:featuredmedia":[{"embeddable":true,"href":"https:\/\/bukiboek.nl\/en\/wp-json\/wp\/v2\/media\/4757"}],"wp:attachment":[{"href":"https:\/\/bukiboek.nl\/en\/wp-json\/wp\/v2\/media?parent=4636"}],"wp:term":[{"taxonomy":"product_brand","embeddable":true,"href":"https:\/\/bukiboek.nl\/en\/wp-json\/wp\/v2\/product_brand?post=4636"},{"taxonomy":"product_cat","embeddable":true,"href":"https:\/\/bukiboek.nl\/en\/wp-json\/wp\/v2\/product_cat?post=4636"},{"taxonomy":"product_tag","embeddable":true,"href":"https:\/\/bukiboek.nl\/en\/wp-json\/wp\/v2\/product_tag?post=4636"}],"curies":[{"name":"wp","href":"https:\/\/api.w.org\/{rel}","templated":true}]}}