{"id":4634,"date":"2021-08-30T14:08:29","date_gmt":"2021-08-30T12:08:29","guid":{"rendered":"https:\/\/bukiboek.nl\/?post_type=product&#038;p=4634"},"modified":"2026-04-13T03:40:23","modified_gmt":"2026-04-13T01:40:23","slug":"%e6%9a%96%e6%88%bf%e5%ad%90%e7%bb%8f%e5%85%b8%e7%bb%98%e6%9c%ac%e7%b3%bb%e5%88%97-%e4%ba%b2%e7%88%b1%e7%9a%84%e9%9b%aa%e4%ba%ba","status":"publish","type":"product","link":"https:\/\/bukiboek.nl\/en\/product\/%e6%9a%96%e6%88%bf%e5%ad%90%e7%bb%8f%e5%85%b8%e7%bb%98%e6%9c%ac%e7%b3%bb%e5%88%97-%e4%ba%b2%e7%88%b1%e7%9a%84%e9%9b%aa%e4%ba%ba\/","title":{"rendered":"Q\u012bn&#039;\u00e0i de xu\u011br\u00e9n \u2013 Nu\u01cenf\u00e1ng zi j\u012bngdi\u01cen hu\u00ecb\u011bn x\u00ecli\u00e8"},"content":{"rendered":"<p>The little rabbit has made a snowman. But at the end of winter, the snowman suddenly disappeared. where can he be? Soon the little rabbit receives a postcard from the snowman. He is on a world tour! Everywhere he goes, he sends the little rabbit a card. Can you find out where the snowman is going?<\/p>\n<p>&nbsp;<\/p>","protected":false},"excerpt":{"rendered":"<p>Het kleine konijn heeft een sneeuwpop gemaakt. Maar aan het einde van de winter is de sneeuwpop opeens verdwenen. Waar kan hij zijn? Al snel ontvangt het kleine konijn een ansichtkaart van de sneeuwpop. Hij is op wereldreis! Overal waar hij is, stuurt hij het kleine konijn een kaartje. Ontdek jij waar de sneeuwpop allemaal [&hellip;]<\/p>\n","protected":false},"featured_media":4763,"comment_status":"open","ping_status":"closed","template":"","meta":{"site-sidebar-layout":"default","site-content-layout":"default","ast-site-content-layout":"default","site-content-style":"default","site-sidebar-style":"default","ast-global-header-display":"","ast-banner-title-visibility":"","ast-main-header-display":"","ast-hfb-above-header-display":"","ast-hfb-below-header-display":"","ast-hfb-mobile-header-display":"","site-post-title":"","ast-breadcrumbs-content":"","ast-featured-img":"","footer-sml-layout":"","theme-transparent-header-meta":"default","adv-header-id-meta":"","stick-header-meta":"","header-above-stick-meta":"","header-main-stick-meta":"","header-below-stick-meta":"","astra-migrate-meta-layouts":"set","ast-page-background-enabled":"default","ast-page-background-meta":{"desktop":{"background-color":"","background-image":"","background-repeat":"repeat","background-position":"center center","background-size":"auto","background-attachment":"scroll","background-type":"","background-media":"","overlay-type":"","overlay-color":"","overlay-opacity":"","overlay-gradient":""},"tablet":{"background-color":"","background-image":"","background-repeat":"repeat","background-position":"center center","background-size":"auto","background-attachment":"scroll","background-type":"","background-media":"","overlay-type":"","overlay-color":"","overlay-opacity":"","overlay-gradient":""},"mobile":{"background-color":"","background-image":"","background-repeat":"repeat","background-position":"center center","background-size":"auto","background-attachment":"scroll","background-type":"","background-media":"","overlay-type":"","overlay-color":"","overlay-opacity":"","overlay-gradient":""}},"ast-content-background-meta":{"desktop":{"background-color":"var(--ast-global-color-5)","background-image":"","background-repeat":"repeat","background-position":"center center","background-size":"auto","background-attachment":"scroll","background-type":"","background-media":"","overlay-type":"","overlay-color":"","overlay-opacity":"","overlay-gradient":""},"tablet":{"background-color":"var(--ast-global-color-5)","background-image":"","background-repeat":"repeat","background-position":"center center","background-size":"auto","background-attachment":"scroll","background-type":"","background-media":"","overlay-type":"","overlay-color":"","overlay-opacity":"","overlay-gradient":""},"mobile":{"background-color":"var(--ast-global-color-5)","background-image":"","background-repeat":"repeat","background-position":"center center","background-size":"auto","background-attachment":"scroll","background-type":"","background-media":"","overlay-type":"","overlay-color":"","overlay-opacity":"","overlay-gradient":""}}},"product_brand":[],"product_cat":[27],"product_tag":[42,43],"klant-ref":[],"class_list":{"0":"post-4634","1":"product","2":"type-product","3":"status-publish","4":"has-post-thumbnail","6":"product_cat-chinese-kinderboeken","7":"product_tag-0-tot-3-jaar","8":"product_tag-4-tot-6-jaar","9":"desktop-align-left","10":"tablet-align-left","11":"mobile-align-left","13":"first","14":"instock","15":"taxable","16":"shipping-taxable","17":"purchasable","18":"product-type-simple"},"yoast_head":"<!-- This site is optimized with the Yoast SEO plugin v27.3 - https:\/\/yoast.com\/product\/yoast-seo-wordpress\/ -->\n<title>Q\u012bn&#039;\u00e0i de xu\u011br\u00e9n - Nu\u01cenf\u00e1ng zi j\u012bngdi\u01cen hu\u00ecb\u011bn x\u00ecli\u00e8 - BukiBoek<\/title>\n<meta name=\"description\" content=\"De sneeuwpop van het kleine konijn is verdwenen. Maar waarnaartoe? Al snel ontvangt het konijn ansichtkaarten van over de hele wereld.\" \/>\n<meta name=\"robots\" content=\"index, follow, max-snippet:-1, max-image-preview:large, max-video-preview:-1\" \/>\n<link rel=\"canonical\" href=\"https:\/\/bukiboek.nl\/en\/product\/\u6696\u623f\u5b50\u7ecf\u5178\u7ed8\u672c\u7cfb\u5217-\u4eb2\u7231\u7684\u96ea\u4eba\/\" \/>\n<meta property=\"og:locale\" content=\"en_GB\" \/>\n<meta property=\"og:type\" content=\"article\" \/>\n<meta property=\"og:title\" content=\"Q\u012bn&#039;\u00e0i de xu\u011br\u00e9n - Nu\u01cenf\u00e1ng zi j\u012bngdi\u01cen hu\u00ecb\u011bn x\u00ecli\u00e8 - BukiBoek\" \/>\n<meta property=\"og:description\" content=\"De sneeuwpop van het kleine konijn is verdwenen. Maar waarnaartoe? Al snel ontvangt het konijn ansichtkaarten van over de hele wereld.\" \/>\n<meta property=\"og:url\" content=\"https:\/\/bukiboek.nl\/en\/product\/\u6696\u623f\u5b50\u7ecf\u5178\u7ed8\u672c\u7cfb\u5217-\u4eb2\u7231\u7684\u96ea\u4eba\/\" \/>\n<meta property=\"og:site_name\" content=\"BukiBoek\" \/>\n<meta property=\"article:modified_time\" content=\"2026-04-13T01:40:23+00:00\" \/>\n<meta property=\"og:image\" content=\"https:\/\/bukiboek.nl\/wp-content\/uploads\/2021\/08\/1-2-e1754391956841.jpg\" \/>\n\t<meta property=\"og:image:width\" content=\"763\" \/>\n\t<meta property=\"og:image:height\" content=\"747\" \/>\n\t<meta property=\"og:image:type\" content=\"image\/jpeg\" \/>\n<meta name=\"twitter:card\" content=\"summary_large_image\" \/>\n<meta name=\"twitter:label1\" content=\"Estimated reading time\" \/>\n\t<meta name=\"twitter:data1\" content=\"1 minute\" \/>\n<script type=\"application\/ld+json\" class=\"yoast-schema-graph\">{\"@context\":\"https:\\\/\\\/schema.org\",\"@graph\":[{\"@type\":\"WebPage\",\"@id\":\"https:\\\/\\\/bukiboek.nl\\\/product\\\/%e6%9a%96%e6%88%bf%e5%ad%90%e7%bb%8f%e5%85%b8%e7%bb%98%e6%9c%ac%e7%b3%bb%e5%88%97-%e4%ba%b2%e7%88%b1%e7%9a%84%e9%9b%aa%e4%ba%ba\\\/\",\"url\":\"https:\\\/\\\/bukiboek.nl\\\/product\\\/%e6%9a%96%e6%88%bf%e5%ad%90%e7%bb%8f%e5%85%b8%e7%bb%98%e6%9c%ac%e7%b3%bb%e5%88%97-%e4%ba%b2%e7%88%b1%e7%9a%84%e9%9b%aa%e4%ba%ba\\\/\",\"name\":\"Q\u012bn'\u00e0i de xu\u011br\u00e9n - Nu\u01cenf\u00e1ng zi j\u012bngdi\u01cen hu\u00ecb\u011bn x\u00ecli\u00e8 - BukiBoek\",\"isPartOf\":{\"@id\":\"https:\\\/\\\/bukiboek.nl\\\/en\\\/#website\"},\"primaryImageOfPage\":{\"@id\":\"https:\\\/\\\/bukiboek.nl\\\/product\\\/%e6%9a%96%e6%88%bf%e5%ad%90%e7%bb%8f%e5%85%b8%e7%bb%98%e6%9c%ac%e7%b3%bb%e5%88%97-%e4%ba%b2%e7%88%b1%e7%9a%84%e9%9b%aa%e4%ba%ba\\\/#primaryimage\"},\"image\":{\"@id\":\"https:\\\/\\\/bukiboek.nl\\\/product\\\/%e6%9a%96%e6%88%bf%e5%ad%90%e7%bb%8f%e5%85%b8%e7%bb%98%e6%9c%ac%e7%b3%bb%e5%88%97-%e4%ba%b2%e7%88%b1%e7%9a%84%e9%9b%aa%e4%ba%ba\\\/#primaryimage\"},\"thumbnailUrl\":\"https:\\\/\\\/bukiboek.nl\\\/wp-content\\\/uploads\\\/2021\\\/08\\\/1-2-e1754391956841.jpg\",\"datePublished\":\"2021-08-30T12:08:29+00:00\",\"dateModified\":\"2026-04-13T01:40:23+00:00\",\"description\":\"De sneeuwpop van het kleine konijn is verdwenen. Maar waarnaartoe? Al snel ontvangt het konijn ansichtkaarten van over de hele wereld.\",\"breadcrumb\":{\"@id\":\"https:\\\/\\\/bukiboek.nl\\\/product\\\/%e6%9a%96%e6%88%bf%e5%ad%90%e7%bb%8f%e5%85%b8%e7%bb%98%e6%9c%ac%e7%b3%bb%e5%88%97-%e4%ba%b2%e7%88%b1%e7%9a%84%e9%9b%aa%e4%ba%ba\\\/#breadcrumb\"},\"inLanguage\":\"en-GB\",\"potentialAction\":[{\"@type\":\"ReadAction\",\"target\":[\"https:\\\/\\\/bukiboek.nl\\\/product\\\/%e6%9a%96%e6%88%bf%e5%ad%90%e7%bb%8f%e5%85%b8%e7%bb%98%e6%9c%ac%e7%b3%bb%e5%88%97-%e4%ba%b2%e7%88%b1%e7%9a%84%e9%9b%aa%e4%ba%ba\\\/\"]}]},{\"@type\":\"ImageObject\",\"inLanguage\":\"en-GB\",\"@id\":\"https:\\\/\\\/bukiboek.nl\\\/product\\\/%e6%9a%96%e6%88%bf%e5%ad%90%e7%bb%8f%e5%85%b8%e7%bb%98%e6%9c%ac%e7%b3%bb%e5%88%97-%e4%ba%b2%e7%88%b1%e7%9a%84%e9%9b%aa%e4%ba%ba\\\/#primaryimage\",\"url\":\"https:\\\/\\\/bukiboek.nl\\\/wp-content\\\/uploads\\\/2021\\\/08\\\/1-2-e1754391956841.jpg\",\"contentUrl\":\"https:\\\/\\\/bukiboek.nl\\\/wp-content\\\/uploads\\\/2021\\\/08\\\/1-2-e1754391956841.jpg\",\"width\":763,\"height\":747},{\"@type\":\"BreadcrumbList\",\"@id\":\"https:\\\/\\\/bukiboek.nl\\\/product\\\/%e6%9a%96%e6%88%bf%e5%ad%90%e7%bb%8f%e5%85%b8%e7%bb%98%e6%9c%ac%e7%b3%bb%e5%88%97-%e4%ba%b2%e7%88%b1%e7%9a%84%e9%9b%aa%e4%ba%ba\\\/#breadcrumb\",\"itemListElement\":[{\"@type\":\"ListItem\",\"position\":1,\"name\":\"Home\",\"item\":\"https:\\\/\\\/bukiboek.nl\\\/\"},{\"@type\":\"ListItem\",\"position\":2,\"name\":\"Q\u012bn&#8217;\u00e0i de xu\u011br\u00e9n &#8211; Nu\u01cenf\u00e1ng zi j\u012bngdi\u01cen hu\u00ecb\u011bn x\u00ecli\u00e8\"}]},{\"@type\":\"WebSite\",\"@id\":\"https:\\\/\\\/bukiboek.nl\\\/en\\\/#website\",\"url\":\"https:\\\/\\\/bukiboek.nl\\\/en\\\/\",\"name\":\"BukiBoek\",\"description\":\"Kinderboeken in verschillende talen\",\"publisher\":{\"@id\":\"https:\\\/\\\/bukiboek.nl\\\/en\\\/#organization\"},\"potentialAction\":[{\"@type\":\"SearchAction\",\"target\":{\"@type\":\"EntryPoint\",\"urlTemplate\":\"https:\\\/\\\/bukiboek.nl\\\/en\\\/?s={search_term_string}\"},\"query-input\":{\"@type\":\"PropertyValueSpecification\",\"valueRequired\":true,\"valueName\":\"search_term_string\"}}],\"inLanguage\":\"en-GB\"},{\"@type\":\"Organization\",\"@id\":\"https:\\\/\\\/bukiboek.nl\\\/en\\\/#organization\",\"name\":\"BukiBoek\",\"url\":\"https:\\\/\\\/bukiboek.nl\\\/en\\\/\",\"logo\":{\"@type\":\"ImageObject\",\"inLanguage\":\"en-GB\",\"@id\":\"https:\\\/\\\/bukiboek.nl\\\/en\\\/#\\\/schema\\\/logo\\\/image\\\/\",\"url\":\"https:\\\/\\\/bukiboek.nl\\\/wp-content\\\/uploads\\\/2023\\\/01\\\/cropped-cropped-Transparent-Logo-1-e1675407711486.png\",\"contentUrl\":\"https:\\\/\\\/bukiboek.nl\\\/wp-content\\\/uploads\\\/2023\\\/01\\\/cropped-cropped-Transparent-Logo-1-e1675407711486.png\",\"width\":600,\"height\":662,\"caption\":\"BukiBoek\"},\"image\":{\"@id\":\"https:\\\/\\\/bukiboek.nl\\\/en\\\/#\\\/schema\\\/logo\\\/image\\\/\"},\"sameAs\":[\"https:\\\/\\\/www.linkedin.com\\\/company\\\/74944248\\\/\"]}]}<\/script>\n<!-- \/ Yoast SEO plugin. -->","yoast_head_json":{"title":"Q\u012bn'\u00e0i de xu\u011br\u00e9n - Nu\u01cenf\u00e1ng zi j\u012bngdi\u01cen hu\u00ecb\u011bn x\u00ecli\u00e8 - BukiBoek","description":"De sneeuwpop van het kleine konijn is verdwenen. Maar waarnaartoe? Al snel ontvangt het konijn ansichtkaarten van over de hele wereld.","robots":{"index":"index","follow":"follow","max-snippet":"max-snippet:-1","max-image-preview":"max-image-preview:large","max-video-preview":"max-video-preview:-1"},"canonical":"https:\/\/bukiboek.nl\/en\/product\/\u6696\u623f\u5b50\u7ecf\u5178\u7ed8\u672c\u7cfb\u5217-\u4eb2\u7231\u7684\u96ea\u4eba\/","og_locale":"en_GB","og_type":"article","og_title":"Q\u012bn'\u00e0i de xu\u011br\u00e9n - Nu\u01cenf\u00e1ng zi j\u012bngdi\u01cen hu\u00ecb\u011bn x\u00ecli\u00e8 - BukiBoek","og_description":"De sneeuwpop van het kleine konijn is verdwenen. Maar waarnaartoe? Al snel ontvangt het konijn ansichtkaarten van over de hele wereld.","og_url":"https:\/\/bukiboek.nl\/en\/product\/\u6696\u623f\u5b50\u7ecf\u5178\u7ed8\u672c\u7cfb\u5217-\u4eb2\u7231\u7684\u96ea\u4eba\/","og_site_name":"BukiBoek","article_modified_time":"2026-04-13T01:40:23+00:00","og_image":[{"width":763,"height":747,"url":"https:\/\/bukiboek.nl\/wp-content\/uploads\/2021\/08\/1-2-e1754391956841.jpg","type":"image\/jpeg"}],"twitter_card":"summary_large_image","twitter_misc":{"Estimated reading time":"1 minute"},"schema":{"@context":"https:\/\/schema.org","@graph":[{"@type":"WebPage","@id":"https:\/\/bukiboek.nl\/product\/%e6%9a%96%e6%88%bf%e5%ad%90%e7%bb%8f%e5%85%b8%e7%bb%98%e6%9c%ac%e7%b3%bb%e5%88%97-%e4%ba%b2%e7%88%b1%e7%9a%84%e9%9b%aa%e4%ba%ba\/","url":"https:\/\/bukiboek.nl\/product\/%e6%9a%96%e6%88%bf%e5%ad%90%e7%bb%8f%e5%85%b8%e7%bb%98%e6%9c%ac%e7%b3%bb%e5%88%97-%e4%ba%b2%e7%88%b1%e7%9a%84%e9%9b%aa%e4%ba%ba\/","name":"Q\u012bn'\u00e0i de xu\u011br\u00e9n - Nu\u01cenf\u00e1ng zi j\u012bngdi\u01cen hu\u00ecb\u011bn x\u00ecli\u00e8 - BukiBoek","isPartOf":{"@id":"https:\/\/bukiboek.nl\/en\/#website"},"primaryImageOfPage":{"@id":"https:\/\/bukiboek.nl\/product\/%e6%9a%96%e6%88%bf%e5%ad%90%e7%bb%8f%e5%85%b8%e7%bb%98%e6%9c%ac%e7%b3%bb%e5%88%97-%e4%ba%b2%e7%88%b1%e7%9a%84%e9%9b%aa%e4%ba%ba\/#primaryimage"},"image":{"@id":"https:\/\/bukiboek.nl\/product\/%e6%9a%96%e6%88%bf%e5%ad%90%e7%bb%8f%e5%85%b8%e7%bb%98%e6%9c%ac%e7%b3%bb%e5%88%97-%e4%ba%b2%e7%88%b1%e7%9a%84%e9%9b%aa%e4%ba%ba\/#primaryimage"},"thumbnailUrl":"https:\/\/bukiboek.nl\/wp-content\/uploads\/2021\/08\/1-2-e1754391956841.jpg","datePublished":"2021-08-30T12:08:29+00:00","dateModified":"2026-04-13T01:40:23+00:00","description":"De sneeuwpop van het kleine konijn is verdwenen. Maar waarnaartoe? Al snel ontvangt het konijn ansichtkaarten van over de hele wereld.","breadcrumb":{"@id":"https:\/\/bukiboek.nl\/product\/%e6%9a%96%e6%88%bf%e5%ad%90%e7%bb%8f%e5%85%b8%e7%bb%98%e6%9c%ac%e7%b3%bb%e5%88%97-%e4%ba%b2%e7%88%b1%e7%9a%84%e9%9b%aa%e4%ba%ba\/#breadcrumb"},"inLanguage":"en-GB","potentialAction":[{"@type":"ReadAction","target":["https:\/\/bukiboek.nl\/product\/%e6%9a%96%e6%88%bf%e5%ad%90%e7%bb%8f%e5%85%b8%e7%bb%98%e6%9c%ac%e7%b3%bb%e5%88%97-%e4%ba%b2%e7%88%b1%e7%9a%84%e9%9b%aa%e4%ba%ba\/"]}]},{"@type":"ImageObject","inLanguage":"en-GB","@id":"https:\/\/bukiboek.nl\/product\/%e6%9a%96%e6%88%bf%e5%ad%90%e7%bb%8f%e5%85%b8%e7%bb%98%e6%9c%ac%e7%b3%bb%e5%88%97-%e4%ba%b2%e7%88%b1%e7%9a%84%e9%9b%aa%e4%ba%ba\/#primaryimage","url":"https:\/\/bukiboek.nl\/wp-content\/uploads\/2021\/08\/1-2-e1754391956841.jpg","contentUrl":"https:\/\/bukiboek.nl\/wp-content\/uploads\/2021\/08\/1-2-e1754391956841.jpg","width":763,"height":747},{"@type":"BreadcrumbList","@id":"https:\/\/bukiboek.nl\/product\/%e6%9a%96%e6%88%bf%e5%ad%90%e7%bb%8f%e5%85%b8%e7%bb%98%e6%9c%ac%e7%b3%bb%e5%88%97-%e4%ba%b2%e7%88%b1%e7%9a%84%e9%9b%aa%e4%ba%ba\/#breadcrumb","itemListElement":[{"@type":"ListItem","position":1,"name":"Home","item":"https:\/\/bukiboek.nl\/"},{"@type":"ListItem","position":2,"name":"Q\u012bn&#8217;\u00e0i de xu\u011br\u00e9n &#8211; Nu\u01cenf\u00e1ng zi j\u012bngdi\u01cen hu\u00ecb\u011bn x\u00ecli\u00e8"}]},{"@type":"WebSite","@id":"https:\/\/bukiboek.nl\/en\/#website","url":"https:\/\/bukiboek.nl\/en\/","name":"BukiBook","description":"Children&#039;s books in different languages","publisher":{"@id":"https:\/\/bukiboek.nl\/en\/#organization"},"potentialAction":[{"@type":"SearchAction","target":{"@type":"EntryPoint","urlTemplate":"https:\/\/bukiboek.nl\/en\/?s={search_term_string}"},"query-input":{"@type":"PropertyValueSpecification","valueRequired":true,"valueName":"search_term_string"}}],"inLanguage":"en-GB"},{"@type":"Organization","@id":"https:\/\/bukiboek.nl\/en\/#organization","name":"BukiBook","url":"https:\/\/bukiboek.nl\/en\/","logo":{"@type":"ImageObject","inLanguage":"en-GB","@id":"https:\/\/bukiboek.nl\/en\/#\/schema\/logo\/image\/","url":"https:\/\/bukiboek.nl\/wp-content\/uploads\/2023\/01\/cropped-cropped-Transparent-Logo-1-e1675407711486.png","contentUrl":"https:\/\/bukiboek.nl\/wp-content\/uploads\/2023\/01\/cropped-cropped-Transparent-Logo-1-e1675407711486.png","width":600,"height":662,"caption":"BukiBoek"},"image":{"@id":"https:\/\/bukiboek.nl\/en\/#\/schema\/logo\/image\/"},"sameAs":["https:\/\/www.linkedin.com\/company\/74944248\/"]}]}},"_links":{"self":[{"href":"https:\/\/bukiboek.nl\/en\/wp-json\/wp\/v2\/product\/4634","targetHints":{"allow":["GET"]}}],"collection":[{"href":"https:\/\/bukiboek.nl\/en\/wp-json\/wp\/v2\/product"}],"about":[{"href":"https:\/\/bukiboek.nl\/en\/wp-json\/wp\/v2\/types\/product"}],"replies":[{"embeddable":true,"href":"https:\/\/bukiboek.nl\/en\/wp-json\/wp\/v2\/comments?post=4634"}],"wp:featuredmedia":[{"embeddable":true,"href":"https:\/\/bukiboek.nl\/en\/wp-json\/wp\/v2\/media\/4763"}],"wp:attachment":[{"href":"https:\/\/bukiboek.nl\/en\/wp-json\/wp\/v2\/media?parent=4634"}],"wp:term":[{"taxonomy":"product_brand","embeddable":true,"href":"https:\/\/bukiboek.nl\/en\/wp-json\/wp\/v2\/product_brand?post=4634"},{"taxonomy":"product_cat","embeddable":true,"href":"https:\/\/bukiboek.nl\/en\/wp-json\/wp\/v2\/product_cat?post=4634"},{"taxonomy":"product_tag","embeddable":true,"href":"https:\/\/bukiboek.nl\/en\/wp-json\/wp\/v2\/product_tag?post=4634"},{"taxonomy":"klant-ref","embeddable":true,"href":"https:\/\/bukiboek.nl\/en\/wp-json\/wp\/v2\/klant-ref?post=4634"}],"curies":[{"name":"wp","href":"https:\/\/api.w.org\/{rel}","templated":true}]}}