{"id":4632,"date":"2021-08-30T13:40:46","date_gmt":"2021-08-30T11:40:46","guid":{"rendered":"https:\/\/bukiboek.nl\/?post_type=product&#038;p=4632"},"modified":"2026-04-07T10:15:15","modified_gmt":"2026-04-07T08:15:15","slug":"%e6%9a%96%e6%88%bf%e5%ad%90%e7%bb%8f%e5%85%b8%e7%bb%98%e6%9c%ac%e7%b3%bb%e5%88%97-%e5%a6%82%e6%9e%9c%e4%bd%a0%e9%81%87%e5%88%b0%e4%b8%80%e5%8f%aa%e6%81%90%e9%be%99","status":"publish","type":"product","link":"https:\/\/bukiboek.nl\/en\/product\/%e6%9a%96%e6%88%bf%e5%ad%90%e7%bb%8f%e5%85%b8%e7%bb%98%e6%9c%ac%e7%b3%bb%e5%88%97-%e5%a6%82%e6%9e%9c%e4%bd%a0%e9%81%87%e5%88%b0%e4%b8%80%e5%8f%aa%e6%81%90%e9%be%99\/","title":{"rendered":"R\u00fagu\u01d2 n\u01d0 y\u00f9 d\u00e0o y\u012b zh\u01d0 k\u01d2ngl\u00f3ng \u2013 Nu\u01cenf\u00e1ng zi j\u012bngdi\u01cen hu\u00ecb\u011bn x\u00ecli\u00e8"},"content":{"rendered":"<p>Meg Mamasaurus has laid an egg! But how does she protect it from a very large Wagosuarus, a stomping Clompsuarus, and stumbling Dozysaurus? Maybe you can help?<\/p>\n<p>This book is perfect for kids to learn about dinosaurs!<\/p>\n<p>&nbsp;<\/p>\n<p>&nbsp;<\/p>","protected":false},"excerpt":{"rendered":"<p>Meg Mamasaurus heeft een ei gelegd! Maar hoe beschermt ze deze tegen een hele grote Wagosuarus, een stampende Clompsuarus en struikelende Dozysaurus? Misschien kan jij helpen? Dit boek is perfect voor kinderen om te leren over dinosaurussen! &nbsp; &nbsp;<\/p>","protected":false},"featured_media":4769,"comment_status":"open","ping_status":"closed","template":"","meta":{"site-sidebar-layout":"default","site-content-layout":"default","ast-site-content-layout":"default","site-content-style":"default","site-sidebar-style":"default","ast-global-header-display":"","ast-banner-title-visibility":"","ast-main-header-display":"","ast-hfb-above-header-display":"","ast-hfb-below-header-display":"","ast-hfb-mobile-header-display":"","site-post-title":"","ast-breadcrumbs-content":"","ast-featured-img":"","footer-sml-layout":"","theme-transparent-header-meta":"default","adv-header-id-meta":"","stick-header-meta":"","header-above-stick-meta":"","header-main-stick-meta":"","header-below-stick-meta":"","astra-migrate-meta-layouts":"set","ast-page-background-enabled":"default","ast-page-background-meta":{"desktop":{"background-color":"","background-image":"","background-repeat":"repeat","background-position":"center center","background-size":"auto","background-attachment":"scroll","background-type":"","background-media":"","overlay-type":"","overlay-color":"","overlay-opacity":"","overlay-gradient":""},"tablet":{"background-color":"","background-image":"","background-repeat":"repeat","background-position":"center center","background-size":"auto","background-attachment":"scroll","background-type":"","background-media":"","overlay-type":"","overlay-color":"","overlay-opacity":"","overlay-gradient":""},"mobile":{"background-color":"","background-image":"","background-repeat":"repeat","background-position":"center center","background-size":"auto","background-attachment":"scroll","background-type":"","background-media":"","overlay-type":"","overlay-color":"","overlay-opacity":"","overlay-gradient":""}},"ast-content-background-meta":{"desktop":{"background-color":"var(--ast-global-color-5)","background-image":"","background-repeat":"repeat","background-position":"center center","background-size":"auto","background-attachment":"scroll","background-type":"","background-media":"","overlay-type":"","overlay-color":"","overlay-opacity":"","overlay-gradient":""},"tablet":{"background-color":"var(--ast-global-color-5)","background-image":"","background-repeat":"repeat","background-position":"center center","background-size":"auto","background-attachment":"scroll","background-type":"","background-media":"","overlay-type":"","overlay-color":"","overlay-opacity":"","overlay-gradient":""},"mobile":{"background-color":"var(--ast-global-color-5)","background-image":"","background-repeat":"repeat","background-position":"center center","background-size":"auto","background-attachment":"scroll","background-type":"","background-media":"","overlay-type":"","overlay-color":"","overlay-opacity":"","overlay-gradient":""}}},"product_brand":[],"product_cat":[27],"product_tag":[42,43,3174],"class_list":{"0":"post-4632","1":"product","2":"type-product","3":"status-publish","4":"has-post-thumbnail","6":"product_cat-chinese-kinderboeken","7":"product_tag-0-tot-3-jaar","8":"product_tag-4-tot-6-jaar","9":"product_tag-avontuur","10":"desktop-align-left","11":"tablet-align-left","12":"mobile-align-left","14":"first","15":"instock","16":"taxable","17":"shipping-taxable","18":"purchasable","19":"product-type-simple"},"supplier_id":7916,"supplier_sku":"","barcode":null,"atum_controlled":true,"out_stock_date":null,"out_stock_threshold":null,"inheritable":false,"inbound_stock":0,"stock_on_hold":0,"sold_today":0,"sales_last_days":0,"reserved_stock":0,"customer_returns":0,"warehouse_damage":0,"lost_in_post":0,"other_logs":0,"out_stock_days":0,"lost_sales":0,"has_location":false,"update_date":"2026-04-08T00:47:48","atum_locations":[],"atum_stock_status":"instock","restock_status":false,"low_stock_amount":"","sales_update_date":"2026-04-08T00:47:48","calc_backorders":0,"yoast_head":"<!-- This site is optimized with the Yoast SEO plugin v27.3 - https:\/\/yoast.com\/product\/yoast-seo-wordpress\/ -->\n<title>R\u00fagu\u01d2 n\u01d0 y\u00f9 d\u00e0o y\u012b zh\u01d0 k\u01d2ngl\u00f3ng - Nu\u01cenf\u00e1ng zi j\u012bngdi\u01cen hu\u00ecb\u011bn x\u00ecli\u00e8 - BukiBoek<\/title>\n<meta name=\"description\" content=\"Help jij Meg Mamasuarus om haar ei te beschermen tegen alle andere dinosaurussen?\u00a0Dit boek is perfect om te leren over dinosaurussen!\u00a0\" \/>\n<meta name=\"robots\" content=\"index, follow, max-snippet:-1, max-image-preview:large, max-video-preview:-1\" \/>\n<link rel=\"canonical\" href=\"https:\/\/bukiboek.nl\/en\/product\/\u6696\u623f\u5b50\u7ecf\u5178\u7ed8\u672c\u7cfb\u5217-\u5982\u679c\u4f60\u9047\u5230\u4e00\u53ea\u6050\u9f99\/\" \/>\n<meta property=\"og:locale\" content=\"en_GB\" \/>\n<meta property=\"og:type\" content=\"article\" \/>\n<meta property=\"og:title\" content=\"R\u00fagu\u01d2 n\u01d0 y\u00f9 d\u00e0o y\u012b zh\u01d0 k\u01d2ngl\u00f3ng - Nu\u01cenf\u00e1ng zi j\u012bngdi\u01cen hu\u00ecb\u011bn x\u00ecli\u00e8 - BukiBoek\" \/>\n<meta property=\"og:description\" content=\"Help jij Meg Mamasuarus om haar ei te beschermen tegen alle andere dinosaurussen?\u00a0Dit boek is perfect om te leren over dinosaurussen!\u00a0\" \/>\n<meta property=\"og:url\" content=\"https:\/\/bukiboek.nl\/en\/product\/\u6696\u623f\u5b50\u7ecf\u5178\u7ed8\u672c\u7cfb\u5217-\u5982\u679c\u4f60\u9047\u5230\u4e00\u53ea\u6050\u9f99\/\" \/>\n<meta property=\"og:site_name\" content=\"BukiBoek\" \/>\n<meta property=\"article:modified_time\" content=\"2026-04-07T08:15:15+00:00\" \/>\n<meta property=\"og:image\" content=\"https:\/\/bukiboek.nl\/wp-content\/uploads\/2021\/08\/5-2-e1754392015223.jpg\" \/>\n\t<meta property=\"og:image:width\" content=\"765\" \/>\n\t<meta property=\"og:image:height\" content=\"742\" \/>\n\t<meta property=\"og:image:type\" content=\"image\/jpeg\" \/>\n<meta name=\"twitter:card\" content=\"summary_large_image\" \/>\n<meta name=\"twitter:label1\" content=\"Estimated reading time\" \/>\n\t<meta name=\"twitter:data1\" content=\"1 minute\" \/>\n<script type=\"application\/ld+json\" class=\"yoast-schema-graph\">{\"@context\":\"https:\\\/\\\/schema.org\",\"@graph\":[{\"@type\":\"WebPage\",\"@id\":\"https:\\\/\\\/bukiboek.nl\\\/product\\\/%e6%9a%96%e6%88%bf%e5%ad%90%e7%bb%8f%e5%85%b8%e7%bb%98%e6%9c%ac%e7%b3%bb%e5%88%97-%e5%a6%82%e6%9e%9c%e4%bd%a0%e9%81%87%e5%88%b0%e4%b8%80%e5%8f%aa%e6%81%90%e9%be%99\\\/\",\"url\":\"https:\\\/\\\/bukiboek.nl\\\/product\\\/%e6%9a%96%e6%88%bf%e5%ad%90%e7%bb%8f%e5%85%b8%e7%bb%98%e6%9c%ac%e7%b3%bb%e5%88%97-%e5%a6%82%e6%9e%9c%e4%bd%a0%e9%81%87%e5%88%b0%e4%b8%80%e5%8f%aa%e6%81%90%e9%be%99\\\/\",\"name\":\"R\u00fagu\u01d2 n\u01d0 y\u00f9 d\u00e0o y\u012b zh\u01d0 k\u01d2ngl\u00f3ng - Nu\u01cenf\u00e1ng zi j\u012bngdi\u01cen hu\u00ecb\u011bn x\u00ecli\u00e8 - BukiBoek\",\"isPartOf\":{\"@id\":\"https:\\\/\\\/bukiboek.nl\\\/en\\\/#website\"},\"primaryImageOfPage\":{\"@id\":\"https:\\\/\\\/bukiboek.nl\\\/product\\\/%e6%9a%96%e6%88%bf%e5%ad%90%e7%bb%8f%e5%85%b8%e7%bb%98%e6%9c%ac%e7%b3%bb%e5%88%97-%e5%a6%82%e6%9e%9c%e4%bd%a0%e9%81%87%e5%88%b0%e4%b8%80%e5%8f%aa%e6%81%90%e9%be%99\\\/#primaryimage\"},\"image\":{\"@id\":\"https:\\\/\\\/bukiboek.nl\\\/product\\\/%e6%9a%96%e6%88%bf%e5%ad%90%e7%bb%8f%e5%85%b8%e7%bb%98%e6%9c%ac%e7%b3%bb%e5%88%97-%e5%a6%82%e6%9e%9c%e4%bd%a0%e9%81%87%e5%88%b0%e4%b8%80%e5%8f%aa%e6%81%90%e9%be%99\\\/#primaryimage\"},\"thumbnailUrl\":\"https:\\\/\\\/bukiboek.nl\\\/wp-content\\\/uploads\\\/2021\\\/08\\\/5-2-e1754392015223.jpg\",\"datePublished\":\"2021-08-30T11:40:46+00:00\",\"dateModified\":\"2026-04-07T08:15:15+00:00\",\"description\":\"Help jij Meg Mamasuarus om haar ei te beschermen tegen alle andere dinosaurussen?\u00a0Dit boek is perfect om te leren over dinosaurussen!\u00a0\",\"breadcrumb\":{\"@id\":\"https:\\\/\\\/bukiboek.nl\\\/product\\\/%e6%9a%96%e6%88%bf%e5%ad%90%e7%bb%8f%e5%85%b8%e7%bb%98%e6%9c%ac%e7%b3%bb%e5%88%97-%e5%a6%82%e6%9e%9c%e4%bd%a0%e9%81%87%e5%88%b0%e4%b8%80%e5%8f%aa%e6%81%90%e9%be%99\\\/#breadcrumb\"},\"inLanguage\":\"en-GB\",\"potentialAction\":[{\"@type\":\"ReadAction\",\"target\":[\"https:\\\/\\\/bukiboek.nl\\\/product\\\/%e6%9a%96%e6%88%bf%e5%ad%90%e7%bb%8f%e5%85%b8%e7%bb%98%e6%9c%ac%e7%b3%bb%e5%88%97-%e5%a6%82%e6%9e%9c%e4%bd%a0%e9%81%87%e5%88%b0%e4%b8%80%e5%8f%aa%e6%81%90%e9%be%99\\\/\"]}]},{\"@type\":\"ImageObject\",\"inLanguage\":\"en-GB\",\"@id\":\"https:\\\/\\\/bukiboek.nl\\\/product\\\/%e6%9a%96%e6%88%bf%e5%ad%90%e7%bb%8f%e5%85%b8%e7%bb%98%e6%9c%ac%e7%b3%bb%e5%88%97-%e5%a6%82%e6%9e%9c%e4%bd%a0%e9%81%87%e5%88%b0%e4%b8%80%e5%8f%aa%e6%81%90%e9%be%99\\\/#primaryimage\",\"url\":\"https:\\\/\\\/bukiboek.nl\\\/wp-content\\\/uploads\\\/2021\\\/08\\\/5-2-e1754392015223.jpg\",\"contentUrl\":\"https:\\\/\\\/bukiboek.nl\\\/wp-content\\\/uploads\\\/2021\\\/08\\\/5-2-e1754392015223.jpg\",\"width\":765,\"height\":742},{\"@type\":\"BreadcrumbList\",\"@id\":\"https:\\\/\\\/bukiboek.nl\\\/product\\\/%e6%9a%96%e6%88%bf%e5%ad%90%e7%bb%8f%e5%85%b8%e7%bb%98%e6%9c%ac%e7%b3%bb%e5%88%97-%e5%a6%82%e6%9e%9c%e4%bd%a0%e9%81%87%e5%88%b0%e4%b8%80%e5%8f%aa%e6%81%90%e9%be%99\\\/#breadcrumb\",\"itemListElement\":[{\"@type\":\"ListItem\",\"position\":1,\"name\":\"Home\",\"item\":\"https:\\\/\\\/bukiboek.nl\\\/\"},{\"@type\":\"ListItem\",\"position\":2,\"name\":\"R\u00fagu\u01d2 n\u01d0 y\u00f9 d\u00e0o y\u012b zh\u01d0 k\u01d2ngl\u00f3ng &#8211; Nu\u01cenf\u00e1ng zi j\u012bngdi\u01cen hu\u00ecb\u011bn x\u00ecli\u00e8\"}]},{\"@type\":\"WebSite\",\"@id\":\"https:\\\/\\\/bukiboek.nl\\\/en\\\/#website\",\"url\":\"https:\\\/\\\/bukiboek.nl\\\/en\\\/\",\"name\":\"BukiBoek\",\"description\":\"Kinderboeken in verschillende talen\",\"publisher\":{\"@id\":\"https:\\\/\\\/bukiboek.nl\\\/en\\\/#organization\"},\"potentialAction\":[{\"@type\":\"SearchAction\",\"target\":{\"@type\":\"EntryPoint\",\"urlTemplate\":\"https:\\\/\\\/bukiboek.nl\\\/en\\\/?s={search_term_string}\"},\"query-input\":{\"@type\":\"PropertyValueSpecification\",\"valueRequired\":true,\"valueName\":\"search_term_string\"}}],\"inLanguage\":\"en-GB\"},{\"@type\":\"Organization\",\"@id\":\"https:\\\/\\\/bukiboek.nl\\\/en\\\/#organization\",\"name\":\"BukiBoek\",\"url\":\"https:\\\/\\\/bukiboek.nl\\\/en\\\/\",\"logo\":{\"@type\":\"ImageObject\",\"inLanguage\":\"en-GB\",\"@id\":\"https:\\\/\\\/bukiboek.nl\\\/en\\\/#\\\/schema\\\/logo\\\/image\\\/\",\"url\":\"https:\\\/\\\/bukiboek.nl\\\/wp-content\\\/uploads\\\/2023\\\/01\\\/cropped-cropped-Transparent-Logo-1-e1675407711486.png\",\"contentUrl\":\"https:\\\/\\\/bukiboek.nl\\\/wp-content\\\/uploads\\\/2023\\\/01\\\/cropped-cropped-Transparent-Logo-1-e1675407711486.png\",\"width\":600,\"height\":662,\"caption\":\"BukiBoek\"},\"image\":{\"@id\":\"https:\\\/\\\/bukiboek.nl\\\/en\\\/#\\\/schema\\\/logo\\\/image\\\/\"},\"sameAs\":[\"https:\\\/\\\/www.linkedin.com\\\/company\\\/74944248\\\/\"]}]}<\/script>\n<!-- \/ Yoast SEO plugin. -->","yoast_head_json":{"title":"R\u00fagu\u01d2 n\u01d0 y\u00f9 d\u00e0o y\u012b zh\u01d0 k\u01d2ngl\u00f3ng - Nu\u01cenf\u00e1ng zi j\u012bngdi\u01cen hu\u00ecb\u011bn x\u00ecli\u00e8 - BukiBoek","description":"Help jij Meg Mamasuarus om haar ei te beschermen tegen alle andere dinosaurussen?\u00a0Dit boek is perfect om te leren over dinosaurussen!\u00a0","robots":{"index":"index","follow":"follow","max-snippet":"max-snippet:-1","max-image-preview":"max-image-preview:large","max-video-preview":"max-video-preview:-1"},"canonical":"https:\/\/bukiboek.nl\/en\/product\/\u6696\u623f\u5b50\u7ecf\u5178\u7ed8\u672c\u7cfb\u5217-\u5982\u679c\u4f60\u9047\u5230\u4e00\u53ea\u6050\u9f99\/","og_locale":"en_GB","og_type":"article","og_title":"R\u00fagu\u01d2 n\u01d0 y\u00f9 d\u00e0o y\u012b zh\u01d0 k\u01d2ngl\u00f3ng - Nu\u01cenf\u00e1ng zi j\u012bngdi\u01cen hu\u00ecb\u011bn x\u00ecli\u00e8 - BukiBoek","og_description":"Help jij Meg Mamasuarus om haar ei te beschermen tegen alle andere dinosaurussen?\u00a0Dit boek is perfect om te leren over dinosaurussen!\u00a0","og_url":"https:\/\/bukiboek.nl\/en\/product\/\u6696\u623f\u5b50\u7ecf\u5178\u7ed8\u672c\u7cfb\u5217-\u5982\u679c\u4f60\u9047\u5230\u4e00\u53ea\u6050\u9f99\/","og_site_name":"BukiBoek","article_modified_time":"2026-04-07T08:15:15+00:00","og_image":[{"width":765,"height":742,"url":"https:\/\/bukiboek.nl\/wp-content\/uploads\/2021\/08\/5-2-e1754392015223.jpg","type":"image\/jpeg"}],"twitter_card":"summary_large_image","twitter_misc":{"Estimated reading time":"1 minute"},"schema":{"@context":"https:\/\/schema.org","@graph":[{"@type":"WebPage","@id":"https:\/\/bukiboek.nl\/product\/%e6%9a%96%e6%88%bf%e5%ad%90%e7%bb%8f%e5%85%b8%e7%bb%98%e6%9c%ac%e7%b3%bb%e5%88%97-%e5%a6%82%e6%9e%9c%e4%bd%a0%e9%81%87%e5%88%b0%e4%b8%80%e5%8f%aa%e6%81%90%e9%be%99\/","url":"https:\/\/bukiboek.nl\/product\/%e6%9a%96%e6%88%bf%e5%ad%90%e7%bb%8f%e5%85%b8%e7%bb%98%e6%9c%ac%e7%b3%bb%e5%88%97-%e5%a6%82%e6%9e%9c%e4%bd%a0%e9%81%87%e5%88%b0%e4%b8%80%e5%8f%aa%e6%81%90%e9%be%99\/","name":"R\u00fagu\u01d2 n\u01d0 y\u00f9 d\u00e0o y\u012b zh\u01d0 k\u01d2ngl\u00f3ng - Nu\u01cenf\u00e1ng zi j\u012bngdi\u01cen hu\u00ecb\u011bn x\u00ecli\u00e8 - BukiBoek","isPartOf":{"@id":"https:\/\/bukiboek.nl\/en\/#website"},"primaryImageOfPage":{"@id":"https:\/\/bukiboek.nl\/product\/%e6%9a%96%e6%88%bf%e5%ad%90%e7%bb%8f%e5%85%b8%e7%bb%98%e6%9c%ac%e7%b3%bb%e5%88%97-%e5%a6%82%e6%9e%9c%e4%bd%a0%e9%81%87%e5%88%b0%e4%b8%80%e5%8f%aa%e6%81%90%e9%be%99\/#primaryimage"},"image":{"@id":"https:\/\/bukiboek.nl\/product\/%e6%9a%96%e6%88%bf%e5%ad%90%e7%bb%8f%e5%85%b8%e7%bb%98%e6%9c%ac%e7%b3%bb%e5%88%97-%e5%a6%82%e6%9e%9c%e4%bd%a0%e9%81%87%e5%88%b0%e4%b8%80%e5%8f%aa%e6%81%90%e9%be%99\/#primaryimage"},"thumbnailUrl":"https:\/\/bukiboek.nl\/wp-content\/uploads\/2021\/08\/5-2-e1754392015223.jpg","datePublished":"2021-08-30T11:40:46+00:00","dateModified":"2026-04-07T08:15:15+00:00","description":"Help jij Meg Mamasuarus om haar ei te beschermen tegen alle andere dinosaurussen?\u00a0Dit boek is perfect om te leren over dinosaurussen!\u00a0","breadcrumb":{"@id":"https:\/\/bukiboek.nl\/product\/%e6%9a%96%e6%88%bf%e5%ad%90%e7%bb%8f%e5%85%b8%e7%bb%98%e6%9c%ac%e7%b3%bb%e5%88%97-%e5%a6%82%e6%9e%9c%e4%bd%a0%e9%81%87%e5%88%b0%e4%b8%80%e5%8f%aa%e6%81%90%e9%be%99\/#breadcrumb"},"inLanguage":"en-GB","potentialAction":[{"@type":"ReadAction","target":["https:\/\/bukiboek.nl\/product\/%e6%9a%96%e6%88%bf%e5%ad%90%e7%bb%8f%e5%85%b8%e7%bb%98%e6%9c%ac%e7%b3%bb%e5%88%97-%e5%a6%82%e6%9e%9c%e4%bd%a0%e9%81%87%e5%88%b0%e4%b8%80%e5%8f%aa%e6%81%90%e9%be%99\/"]}]},{"@type":"ImageObject","inLanguage":"en-GB","@id":"https:\/\/bukiboek.nl\/product\/%e6%9a%96%e6%88%bf%e5%ad%90%e7%bb%8f%e5%85%b8%e7%bb%98%e6%9c%ac%e7%b3%bb%e5%88%97-%e5%a6%82%e6%9e%9c%e4%bd%a0%e9%81%87%e5%88%b0%e4%b8%80%e5%8f%aa%e6%81%90%e9%be%99\/#primaryimage","url":"https:\/\/bukiboek.nl\/wp-content\/uploads\/2021\/08\/5-2-e1754392015223.jpg","contentUrl":"https:\/\/bukiboek.nl\/wp-content\/uploads\/2021\/08\/5-2-e1754392015223.jpg","width":765,"height":742},{"@type":"BreadcrumbList","@id":"https:\/\/bukiboek.nl\/product\/%e6%9a%96%e6%88%bf%e5%ad%90%e7%bb%8f%e5%85%b8%e7%bb%98%e6%9c%ac%e7%b3%bb%e5%88%97-%e5%a6%82%e6%9e%9c%e4%bd%a0%e9%81%87%e5%88%b0%e4%b8%80%e5%8f%aa%e6%81%90%e9%be%99\/#breadcrumb","itemListElement":[{"@type":"ListItem","position":1,"name":"Home","item":"https:\/\/bukiboek.nl\/"},{"@type":"ListItem","position":2,"name":"R\u00fagu\u01d2 n\u01d0 y\u00f9 d\u00e0o y\u012b zh\u01d0 k\u01d2ngl\u00f3ng &#8211; Nu\u01cenf\u00e1ng zi j\u012bngdi\u01cen hu\u00ecb\u011bn x\u00ecli\u00e8"}]},{"@type":"WebSite","@id":"https:\/\/bukiboek.nl\/en\/#website","url":"https:\/\/bukiboek.nl\/en\/","name":"BukiBook","description":"Children&#039;s books in different languages","publisher":{"@id":"https:\/\/bukiboek.nl\/en\/#organization"},"potentialAction":[{"@type":"SearchAction","target":{"@type":"EntryPoint","urlTemplate":"https:\/\/bukiboek.nl\/en\/?s={search_term_string}"},"query-input":{"@type":"PropertyValueSpecification","valueRequired":true,"valueName":"search_term_string"}}],"inLanguage":"en-GB"},{"@type":"Organization","@id":"https:\/\/bukiboek.nl\/en\/#organization","name":"BukiBook","url":"https:\/\/bukiboek.nl\/en\/","logo":{"@type":"ImageObject","inLanguage":"en-GB","@id":"https:\/\/bukiboek.nl\/en\/#\/schema\/logo\/image\/","url":"https:\/\/bukiboek.nl\/wp-content\/uploads\/2023\/01\/cropped-cropped-Transparent-Logo-1-e1675407711486.png","contentUrl":"https:\/\/bukiboek.nl\/wp-content\/uploads\/2023\/01\/cropped-cropped-Transparent-Logo-1-e1675407711486.png","width":600,"height":662,"caption":"BukiBoek"},"image":{"@id":"https:\/\/bukiboek.nl\/en\/#\/schema\/logo\/image\/"},"sameAs":["https:\/\/www.linkedin.com\/company\/74944248\/"]}]}},"_links":{"self":[{"href":"https:\/\/bukiboek.nl\/en\/wp-json\/wp\/v2\/product\/4632","targetHints":{"allow":["GET"]}}],"collection":[{"href":"https:\/\/bukiboek.nl\/en\/wp-json\/wp\/v2\/product"}],"about":[{"href":"https:\/\/bukiboek.nl\/en\/wp-json\/wp\/v2\/types\/product"}],"replies":[{"embeddable":true,"href":"https:\/\/bukiboek.nl\/en\/wp-json\/wp\/v2\/comments?post=4632"}],"wp:featuredmedia":[{"embeddable":true,"href":"https:\/\/bukiboek.nl\/en\/wp-json\/wp\/v2\/media\/4769"}],"wp:attachment":[{"href":"https:\/\/bukiboek.nl\/en\/wp-json\/wp\/v2\/media?parent=4632"}],"wp:term":[{"taxonomy":"product_brand","embeddable":true,"href":"https:\/\/bukiboek.nl\/en\/wp-json\/wp\/v2\/product_brand?post=4632"},{"taxonomy":"product_cat","embeddable":true,"href":"https:\/\/bukiboek.nl\/en\/wp-json\/wp\/v2\/product_cat?post=4632"},{"taxonomy":"product_tag","embeddable":true,"href":"https:\/\/bukiboek.nl\/en\/wp-json\/wp\/v2\/product_tag?post=4632"}],"curies":[{"name":"wp","href":"https:\/\/api.w.org\/{rel}","templated":true}]}}