{"id":4627,"date":"2021-08-30T12:38:48","date_gmt":"2021-08-30T10:38:48","guid":{"rendered":"https:\/\/bukiboek.nl\/?post_type=product&#038;p=4627"},"modified":"2026-04-13T03:38:12","modified_gmt":"2026-04-13T01:38:12","slug":"%e5%b0%8f%e7%86%8a%e6%b3%b0%e8%bf%aa%e5%8f%88%e5%9b%9e%e6%9d%a5%e4%ba%86","status":"publish","type":"product","link":"https:\/\/bukiboek.nl\/en\/product\/%e5%b0%8f%e7%86%8a%e6%b3%b0%e8%bf%aa%e5%8f%88%e5%9b%9e%e6%9d%a5%e4%ba%86\/","title":{"rendered":"Xi\u01ceoxi\u00f3ng t\u00e0i d\u00ed y\u00f2u hu\u00edl\u00e1ile"},"content":{"rendered":"<p>Little boy Eddie thinks he's grown up and doesn't need a teddy bear anymore, so he throws the stuffed toy away in the woods, but the teddy bear comes back; He throws it at the farm and again the teddy bear comes back. Eddie tries everything to get rid of the hug. Until one day the teddy bear never comes back..<\/p>\n<p>&nbsp;<\/p>\n<p>&nbsp;<\/p>","protected":false},"excerpt":{"rendered":"<p>De kleine jongen Eddie vindt dat hij volwassen is geworden en geen teddybeer meer nodig heeft, dus gooit hij de knuffel weg in het bos, maar de teddybeer komt terug. Hij gooit de teddybeer op de boerderij en weer komt hij terug. Eddie probeert van alles om van de knuffel af te komen. Tot op [&hellip;]<\/p>\n","protected":false},"featured_media":4751,"comment_status":"open","ping_status":"closed","template":"","meta":{"site-sidebar-layout":"default","site-content-layout":"default","ast-site-content-layout":"default","site-content-style":"default","site-sidebar-style":"default","ast-global-header-display":"","ast-banner-title-visibility":"","ast-main-header-display":"","ast-hfb-above-header-display":"","ast-hfb-below-header-display":"","ast-hfb-mobile-header-display":"","site-post-title":"","ast-breadcrumbs-content":"","ast-featured-img":"","footer-sml-layout":"","theme-transparent-header-meta":"default","adv-header-id-meta":"","stick-header-meta":"","header-above-stick-meta":"","header-main-stick-meta":"","header-below-stick-meta":"","astra-migrate-meta-layouts":"set","ast-page-background-enabled":"default","ast-page-background-meta":{"desktop":{"background-color":"","background-image":"","background-repeat":"repeat","background-position":"center center","background-size":"auto","background-attachment":"scroll","background-type":"","background-media":"","overlay-type":"","overlay-color":"","overlay-opacity":"","overlay-gradient":""},"tablet":{"background-color":"","background-image":"","background-repeat":"repeat","background-position":"center center","background-size":"auto","background-attachment":"scroll","background-type":"","background-media":"","overlay-type":"","overlay-color":"","overlay-opacity":"","overlay-gradient":""},"mobile":{"background-color":"","background-image":"","background-repeat":"repeat","background-position":"center center","background-size":"auto","background-attachment":"scroll","background-type":"","background-media":"","overlay-type":"","overlay-color":"","overlay-opacity":"","overlay-gradient":""}},"ast-content-background-meta":{"desktop":{"background-color":"var(--ast-global-color-5)","background-image":"","background-repeat":"repeat","background-position":"center center","background-size":"auto","background-attachment":"scroll","background-type":"","background-media":"","overlay-type":"","overlay-color":"","overlay-opacity":"","overlay-gradient":""},"tablet":{"background-color":"var(--ast-global-color-5)","background-image":"","background-repeat":"repeat","background-position":"center center","background-size":"auto","background-attachment":"scroll","background-type":"","background-media":"","overlay-type":"","overlay-color":"","overlay-opacity":"","overlay-gradient":""},"mobile":{"background-color":"var(--ast-global-color-5)","background-image":"","background-repeat":"repeat","background-position":"center center","background-size":"auto","background-attachment":"scroll","background-type":"","background-media":"","overlay-type":"","overlay-color":"","overlay-opacity":"","overlay-gradient":""}}},"product_brand":[],"product_cat":[27],"product_tag":[42,43,44],"klant-ref":[],"class_list":{"0":"post-4627","1":"product","2":"type-product","3":"status-publish","4":"has-post-thumbnail","6":"product_cat-chinese-kinderboeken","7":"product_tag-0-tot-3-jaar","8":"product_tag-4-tot-6-jaar","9":"product_tag-7-tot-9-jaar","10":"desktop-align-left","11":"tablet-align-left","12":"mobile-align-left","14":"first","15":"outofstock","16":"taxable","17":"shipping-taxable","18":"purchasable","19":"product-type-simple"},"yoast_head":"<!-- This site is optimized with the Yoast SEO plugin v27.3 - https:\/\/yoast.com\/product\/yoast-seo-wordpress\/ -->\n<title>Xi\u01ceoxi\u00f3ng t\u00e0i d\u00ed y\u00f2u hu\u00edl\u00e1ile - BukiBoek<\/title>\n<meta name=\"description\" content=\"Eddie wil van zijn teddybeer af. Hij gooit zijn knuffel weg, maar de knuffel komt steeds terug. Tot de knuffel nooit meer terug komt..\" \/>\n<meta name=\"robots\" content=\"index, follow, max-snippet:-1, max-image-preview:large, max-video-preview:-1\" \/>\n<link rel=\"canonical\" href=\"https:\/\/bukiboek.nl\/en\/product\/\u5c0f\u718a\u6cf0\u8fea\u53c8\u56de\u6765\u4e86\/\" \/>\n<meta property=\"og:locale\" content=\"en_GB\" \/>\n<meta property=\"og:type\" content=\"article\" \/>\n<meta property=\"og:title\" content=\"Xi\u01ceoxi\u00f3ng t\u00e0i d\u00ed y\u00f2u hu\u00edl\u00e1ile - BukiBoek\" \/>\n<meta property=\"og:description\" content=\"Eddie wil van zijn teddybeer af. Hij gooit zijn knuffel weg, maar de knuffel komt steeds terug. Tot de knuffel nooit meer terug komt..\" \/>\n<meta property=\"og:url\" content=\"https:\/\/bukiboek.nl\/en\/product\/\u5c0f\u718a\u6cf0\u8fea\u53c8\u56de\u6765\u4e86\/\" \/>\n<meta property=\"og:site_name\" content=\"BukiBoek\" \/>\n<meta property=\"article:modified_time\" content=\"2026-04-13T01:38:12+00:00\" \/>\n<meta property=\"og:image\" content=\"https:\/\/bukiboek.nl\/wp-content\/uploads\/2021\/08\/91-e1754392126852.jpg\" \/>\n\t<meta property=\"og:image:width\" content=\"725\" \/>\n\t<meta property=\"og:image:height\" content=\"760\" \/>\n\t<meta property=\"og:image:type\" content=\"image\/jpeg\" \/>\n<meta name=\"twitter:card\" content=\"summary_large_image\" \/>\n<meta name=\"twitter:label1\" content=\"Estimated reading time\" \/>\n\t<meta name=\"twitter:data1\" content=\"1 minute\" \/>\n<script type=\"application\/ld+json\" class=\"yoast-schema-graph\">{\"@context\":\"https:\\\/\\\/schema.org\",\"@graph\":[{\"@type\":\"WebPage\",\"@id\":\"https:\\\/\\\/bukiboek.nl\\\/product\\\/%e5%b0%8f%e7%86%8a%e6%b3%b0%e8%bf%aa%e5%8f%88%e5%9b%9e%e6%9d%a5%e4%ba%86\\\/\",\"url\":\"https:\\\/\\\/bukiboek.nl\\\/product\\\/%e5%b0%8f%e7%86%8a%e6%b3%b0%e8%bf%aa%e5%8f%88%e5%9b%9e%e6%9d%a5%e4%ba%86\\\/\",\"name\":\"Xi\u01ceoxi\u00f3ng t\u00e0i d\u00ed y\u00f2u hu\u00edl\u00e1ile - BukiBoek\",\"isPartOf\":{\"@id\":\"https:\\\/\\\/bukiboek.nl\\\/en\\\/#website\"},\"primaryImageOfPage\":{\"@id\":\"https:\\\/\\\/bukiboek.nl\\\/product\\\/%e5%b0%8f%e7%86%8a%e6%b3%b0%e8%bf%aa%e5%8f%88%e5%9b%9e%e6%9d%a5%e4%ba%86\\\/#primaryimage\"},\"image\":{\"@id\":\"https:\\\/\\\/bukiboek.nl\\\/product\\\/%e5%b0%8f%e7%86%8a%e6%b3%b0%e8%bf%aa%e5%8f%88%e5%9b%9e%e6%9d%a5%e4%ba%86\\\/#primaryimage\"},\"thumbnailUrl\":\"https:\\\/\\\/bukiboek.nl\\\/wp-content\\\/uploads\\\/2021\\\/08\\\/91-e1754392126852.jpg\",\"datePublished\":\"2021-08-30T10:38:48+00:00\",\"dateModified\":\"2026-04-13T01:38:12+00:00\",\"description\":\"Eddie wil van zijn teddybeer af. Hij gooit zijn knuffel weg, maar de knuffel komt steeds terug. Tot de knuffel nooit meer terug komt..\",\"breadcrumb\":{\"@id\":\"https:\\\/\\\/bukiboek.nl\\\/product\\\/%e5%b0%8f%e7%86%8a%e6%b3%b0%e8%bf%aa%e5%8f%88%e5%9b%9e%e6%9d%a5%e4%ba%86\\\/#breadcrumb\"},\"inLanguage\":\"en-GB\",\"potentialAction\":[{\"@type\":\"ReadAction\",\"target\":[\"https:\\\/\\\/bukiboek.nl\\\/product\\\/%e5%b0%8f%e7%86%8a%e6%b3%b0%e8%bf%aa%e5%8f%88%e5%9b%9e%e6%9d%a5%e4%ba%86\\\/\"]}]},{\"@type\":\"ImageObject\",\"inLanguage\":\"en-GB\",\"@id\":\"https:\\\/\\\/bukiboek.nl\\\/product\\\/%e5%b0%8f%e7%86%8a%e6%b3%b0%e8%bf%aa%e5%8f%88%e5%9b%9e%e6%9d%a5%e4%ba%86\\\/#primaryimage\",\"url\":\"https:\\\/\\\/bukiboek.nl\\\/wp-content\\\/uploads\\\/2021\\\/08\\\/91-e1754392126852.jpg\",\"contentUrl\":\"https:\\\/\\\/bukiboek.nl\\\/wp-content\\\/uploads\\\/2021\\\/08\\\/91-e1754392126852.jpg\",\"width\":725,\"height\":760},{\"@type\":\"BreadcrumbList\",\"@id\":\"https:\\\/\\\/bukiboek.nl\\\/product\\\/%e5%b0%8f%e7%86%8a%e6%b3%b0%e8%bf%aa%e5%8f%88%e5%9b%9e%e6%9d%a5%e4%ba%86\\\/#breadcrumb\",\"itemListElement\":[{\"@type\":\"ListItem\",\"position\":1,\"name\":\"Home\",\"item\":\"https:\\\/\\\/bukiboek.nl\\\/\"},{\"@type\":\"ListItem\",\"position\":2,\"name\":\"Xi\u01ceoxi\u00f3ng t\u00e0i d\u00ed y\u00f2u hu\u00edl\u00e1ile\"}]},{\"@type\":\"WebSite\",\"@id\":\"https:\\\/\\\/bukiboek.nl\\\/en\\\/#website\",\"url\":\"https:\\\/\\\/bukiboek.nl\\\/en\\\/\",\"name\":\"BukiBoek\",\"description\":\"Kinderboeken in verschillende talen\",\"publisher\":{\"@id\":\"https:\\\/\\\/bukiboek.nl\\\/en\\\/#organization\"},\"potentialAction\":[{\"@type\":\"SearchAction\",\"target\":{\"@type\":\"EntryPoint\",\"urlTemplate\":\"https:\\\/\\\/bukiboek.nl\\\/en\\\/?s={search_term_string}\"},\"query-input\":{\"@type\":\"PropertyValueSpecification\",\"valueRequired\":true,\"valueName\":\"search_term_string\"}}],\"inLanguage\":\"en-GB\"},{\"@type\":\"Organization\",\"@id\":\"https:\\\/\\\/bukiboek.nl\\\/en\\\/#organization\",\"name\":\"BukiBoek\",\"url\":\"https:\\\/\\\/bukiboek.nl\\\/en\\\/\",\"logo\":{\"@type\":\"ImageObject\",\"inLanguage\":\"en-GB\",\"@id\":\"https:\\\/\\\/bukiboek.nl\\\/en\\\/#\\\/schema\\\/logo\\\/image\\\/\",\"url\":\"https:\\\/\\\/bukiboek.nl\\\/wp-content\\\/uploads\\\/2023\\\/01\\\/cropped-cropped-Transparent-Logo-1-e1675407711486.png\",\"contentUrl\":\"https:\\\/\\\/bukiboek.nl\\\/wp-content\\\/uploads\\\/2023\\\/01\\\/cropped-cropped-Transparent-Logo-1-e1675407711486.png\",\"width\":600,\"height\":662,\"caption\":\"BukiBoek\"},\"image\":{\"@id\":\"https:\\\/\\\/bukiboek.nl\\\/en\\\/#\\\/schema\\\/logo\\\/image\\\/\"},\"sameAs\":[\"https:\\\/\\\/www.linkedin.com\\\/company\\\/74944248\\\/\"]}]}<\/script>\n<!-- \/ Yoast SEO plugin. -->","yoast_head_json":{"title":"Xi\u01ceoxi\u00f3ng t\u00e0i d\u00ed y\u00f2u hu\u00edl\u00e1ile - BukiBoek","description":"Eddie wil van zijn teddybeer af. Hij gooit zijn knuffel weg, maar de knuffel komt steeds terug. Tot de knuffel nooit meer terug komt..","robots":{"index":"index","follow":"follow","max-snippet":"max-snippet:-1","max-image-preview":"max-image-preview:large","max-video-preview":"max-video-preview:-1"},"canonical":"https:\/\/bukiboek.nl\/en\/product\/\u5c0f\u718a\u6cf0\u8fea\u53c8\u56de\u6765\u4e86\/","og_locale":"en_GB","og_type":"article","og_title":"Xi\u01ceoxi\u00f3ng t\u00e0i d\u00ed y\u00f2u hu\u00edl\u00e1ile - BukiBoek","og_description":"Eddie wil van zijn teddybeer af. Hij gooit zijn knuffel weg, maar de knuffel komt steeds terug. Tot de knuffel nooit meer terug komt..","og_url":"https:\/\/bukiboek.nl\/en\/product\/\u5c0f\u718a\u6cf0\u8fea\u53c8\u56de\u6765\u4e86\/","og_site_name":"BukiBoek","article_modified_time":"2026-04-13T01:38:12+00:00","og_image":[{"width":725,"height":760,"url":"https:\/\/bukiboek.nl\/wp-content\/uploads\/2021\/08\/91-e1754392126852.jpg","type":"image\/jpeg"}],"twitter_card":"summary_large_image","twitter_misc":{"Estimated reading time":"1 minute"},"schema":{"@context":"https:\/\/schema.org","@graph":[{"@type":"WebPage","@id":"https:\/\/bukiboek.nl\/product\/%e5%b0%8f%e7%86%8a%e6%b3%b0%e8%bf%aa%e5%8f%88%e5%9b%9e%e6%9d%a5%e4%ba%86\/","url":"https:\/\/bukiboek.nl\/product\/%e5%b0%8f%e7%86%8a%e6%b3%b0%e8%bf%aa%e5%8f%88%e5%9b%9e%e6%9d%a5%e4%ba%86\/","name":"Xi\u01ceoxi\u00f3ng t\u00e0i d\u00ed y\u00f2u hu\u00edl\u00e1ile - BukiBoek","isPartOf":{"@id":"https:\/\/bukiboek.nl\/en\/#website"},"primaryImageOfPage":{"@id":"https:\/\/bukiboek.nl\/product\/%e5%b0%8f%e7%86%8a%e6%b3%b0%e8%bf%aa%e5%8f%88%e5%9b%9e%e6%9d%a5%e4%ba%86\/#primaryimage"},"image":{"@id":"https:\/\/bukiboek.nl\/product\/%e5%b0%8f%e7%86%8a%e6%b3%b0%e8%bf%aa%e5%8f%88%e5%9b%9e%e6%9d%a5%e4%ba%86\/#primaryimage"},"thumbnailUrl":"https:\/\/bukiboek.nl\/wp-content\/uploads\/2021\/08\/91-e1754392126852.jpg","datePublished":"2021-08-30T10:38:48+00:00","dateModified":"2026-04-13T01:38:12+00:00","description":"Eddie wil van zijn teddybeer af. Hij gooit zijn knuffel weg, maar de knuffel komt steeds terug. Tot de knuffel nooit meer terug komt..","breadcrumb":{"@id":"https:\/\/bukiboek.nl\/product\/%e5%b0%8f%e7%86%8a%e6%b3%b0%e8%bf%aa%e5%8f%88%e5%9b%9e%e6%9d%a5%e4%ba%86\/#breadcrumb"},"inLanguage":"en-GB","potentialAction":[{"@type":"ReadAction","target":["https:\/\/bukiboek.nl\/product\/%e5%b0%8f%e7%86%8a%e6%b3%b0%e8%bf%aa%e5%8f%88%e5%9b%9e%e6%9d%a5%e4%ba%86\/"]}]},{"@type":"ImageObject","inLanguage":"en-GB","@id":"https:\/\/bukiboek.nl\/product\/%e5%b0%8f%e7%86%8a%e6%b3%b0%e8%bf%aa%e5%8f%88%e5%9b%9e%e6%9d%a5%e4%ba%86\/#primaryimage","url":"https:\/\/bukiboek.nl\/wp-content\/uploads\/2021\/08\/91-e1754392126852.jpg","contentUrl":"https:\/\/bukiboek.nl\/wp-content\/uploads\/2021\/08\/91-e1754392126852.jpg","width":725,"height":760},{"@type":"BreadcrumbList","@id":"https:\/\/bukiboek.nl\/product\/%e5%b0%8f%e7%86%8a%e6%b3%b0%e8%bf%aa%e5%8f%88%e5%9b%9e%e6%9d%a5%e4%ba%86\/#breadcrumb","itemListElement":[{"@type":"ListItem","position":1,"name":"Home","item":"https:\/\/bukiboek.nl\/"},{"@type":"ListItem","position":2,"name":"Xi\u01ceoxi\u00f3ng t\u00e0i d\u00ed y\u00f2u hu\u00edl\u00e1ile"}]},{"@type":"WebSite","@id":"https:\/\/bukiboek.nl\/en\/#website","url":"https:\/\/bukiboek.nl\/en\/","name":"BukiBook","description":"Children&#039;s books in different languages","publisher":{"@id":"https:\/\/bukiboek.nl\/en\/#organization"},"potentialAction":[{"@type":"SearchAction","target":{"@type":"EntryPoint","urlTemplate":"https:\/\/bukiboek.nl\/en\/?s={search_term_string}"},"query-input":{"@type":"PropertyValueSpecification","valueRequired":true,"valueName":"search_term_string"}}],"inLanguage":"en-GB"},{"@type":"Organization","@id":"https:\/\/bukiboek.nl\/en\/#organization","name":"BukiBook","url":"https:\/\/bukiboek.nl\/en\/","logo":{"@type":"ImageObject","inLanguage":"en-GB","@id":"https:\/\/bukiboek.nl\/en\/#\/schema\/logo\/image\/","url":"https:\/\/bukiboek.nl\/wp-content\/uploads\/2023\/01\/cropped-cropped-Transparent-Logo-1-e1675407711486.png","contentUrl":"https:\/\/bukiboek.nl\/wp-content\/uploads\/2023\/01\/cropped-cropped-Transparent-Logo-1-e1675407711486.png","width":600,"height":662,"caption":"BukiBoek"},"image":{"@id":"https:\/\/bukiboek.nl\/en\/#\/schema\/logo\/image\/"},"sameAs":["https:\/\/www.linkedin.com\/company\/74944248\/"]}]}},"_links":{"self":[{"href":"https:\/\/bukiboek.nl\/en\/wp-json\/wp\/v2\/product\/4627","targetHints":{"allow":["GET"]}}],"collection":[{"href":"https:\/\/bukiboek.nl\/en\/wp-json\/wp\/v2\/product"}],"about":[{"href":"https:\/\/bukiboek.nl\/en\/wp-json\/wp\/v2\/types\/product"}],"replies":[{"embeddable":true,"href":"https:\/\/bukiboek.nl\/en\/wp-json\/wp\/v2\/comments?post=4627"}],"wp:featuredmedia":[{"embeddable":true,"href":"https:\/\/bukiboek.nl\/en\/wp-json\/wp\/v2\/media\/4751"}],"wp:attachment":[{"href":"https:\/\/bukiboek.nl\/en\/wp-json\/wp\/v2\/media?parent=4627"}],"wp:term":[{"taxonomy":"product_brand","embeddable":true,"href":"https:\/\/bukiboek.nl\/en\/wp-json\/wp\/v2\/product_brand?post=4627"},{"taxonomy":"product_cat","embeddable":true,"href":"https:\/\/bukiboek.nl\/en\/wp-json\/wp\/v2\/product_cat?post=4627"},{"taxonomy":"product_tag","embeddable":true,"href":"https:\/\/bukiboek.nl\/en\/wp-json\/wp\/v2\/product_tag?post=4627"},{"taxonomy":"klant-ref","embeddable":true,"href":"https:\/\/bukiboek.nl\/en\/wp-json\/wp\/v2\/klant-ref?post=4627"}],"curies":[{"name":"wp","href":"https:\/\/api.w.org\/{rel}","templated":true}]}}