{"id":4626,"date":"2021-08-30T11:38:15","date_gmt":"2021-08-30T09:38:15","guid":{"rendered":"https:\/\/bukiboek.nl\/?post_type=product&#038;p=4626"},"modified":"2026-04-13T03:38:12","modified_gmt":"2026-04-13T01:38:12","slug":"%e5%86%8d%e8%ae%b2%e4%b8%80%e4%b8%aa%e6%95%85%e4%ba%8b%e5%90%a7-nog-een-verhaaltje","status":"publish","type":"product","link":"https:\/\/bukiboek.nl\/en\/product\/%e5%86%8d%e8%ae%b2%e4%b8%80%e4%b8%aa%e6%95%85%e4%ba%8b%e5%90%a7-nog-een-verhaaltje\/","title":{"rendered":"Z\u00e0i ji\u01ceng y\u012bg\u00e8 g\u00f9sh\u00ec ba"},"content":{"rendered":"<p>A perfect book to read to small children who don't want the reading to stop. Read this book and teach children to dream and fantasize their own story just before going to sleep. What kind of story can you think of?<\/p>\n<p>&nbsp;<\/p>","protected":false},"excerpt":{"rendered":"<p>A perfect book to read to small children who don't want the reading to stop. Read this book and teach children to dream and fantasize their own story just before going to sleep. What kind of story can you think of? &nbsp;<\/p>","protected":false},"featured_media":4754,"comment_status":"open","ping_status":"closed","template":"","meta":{"site-sidebar-layout":"default","site-content-layout":"default","ast-site-content-layout":"default","site-content-style":"default","site-sidebar-style":"default","ast-global-header-display":"","ast-banner-title-visibility":"","ast-main-header-display":"","ast-hfb-above-header-display":"","ast-hfb-below-header-display":"","ast-hfb-mobile-header-display":"","site-post-title":"","ast-breadcrumbs-content":"","ast-featured-img":"","footer-sml-layout":"","theme-transparent-header-meta":"default","adv-header-id-meta":"","stick-header-meta":"","header-above-stick-meta":"","header-main-stick-meta":"","header-below-stick-meta":"","astra-migrate-meta-layouts":"set","ast-page-background-enabled":"default","ast-page-background-meta":{"desktop":{"background-color":"","background-image":"","background-repeat":"repeat","background-position":"center center","background-size":"auto","background-attachment":"scroll","background-type":"","background-media":"","overlay-type":"","overlay-color":"","overlay-opacity":"","overlay-gradient":""},"tablet":{"background-color":"","background-image":"","background-repeat":"repeat","background-position":"center center","background-size":"auto","background-attachment":"scroll","background-type":"","background-media":"","overlay-type":"","overlay-color":"","overlay-opacity":"","overlay-gradient":""},"mobile":{"background-color":"","background-image":"","background-repeat":"repeat","background-position":"center center","background-size":"auto","background-attachment":"scroll","background-type":"","background-media":"","overlay-type":"","overlay-color":"","overlay-opacity":"","overlay-gradient":""}},"ast-content-background-meta":{"desktop":{"background-color":"var(--ast-global-color-5)","background-image":"","background-repeat":"repeat","background-position":"center center","background-size":"auto","background-attachment":"scroll","background-type":"","background-media":"","overlay-type":"","overlay-color":"","overlay-opacity":"","overlay-gradient":""},"tablet":{"background-color":"var(--ast-global-color-5)","background-image":"","background-repeat":"repeat","background-position":"center center","background-size":"auto","background-attachment":"scroll","background-type":"","background-media":"","overlay-type":"","overlay-color":"","overlay-opacity":"","overlay-gradient":""},"mobile":{"background-color":"var(--ast-global-color-5)","background-image":"","background-repeat":"repeat","background-position":"center center","background-size":"auto","background-attachment":"scroll","background-type":"","background-media":"","overlay-type":"","overlay-color":"","overlay-opacity":"","overlay-gradient":""}}},"product_brand":[],"product_cat":[27],"product_tag":[42,43],"klant-ref":[],"class_list":{"0":"post-4626","1":"product","2":"type-product","3":"status-publish","4":"has-post-thumbnail","6":"product_cat-chinese-kinderboeken","7":"product_tag-0-tot-3-jaar","8":"product_tag-4-tot-6-jaar","9":"desktop-align-left","10":"tablet-align-left","11":"mobile-align-left","13":"first","14":"instock","15":"taxable","16":"shipping-taxable","17":"purchasable","18":"product-type-simple"},"yoast_head":"<!-- This site is optimized with the Yoast SEO plugin v27.3 - https:\/\/yoast.com\/product\/yoast-seo-wordpress\/ -->\n<title>Z\u00e0i ji\u01ceng y\u012bg\u00e8 g\u00f9sh\u00ec ba - BukiBoek<\/title>\n<meta name=\"description\" content=\"Mama leest Konijntje voor. &#039;&#039;Nog \u00e9\u00e9n verhaaltje!&#039;&#039; roept hij, maar er zijn geen verhaaltjes meer. Dan krijgt Klein Konijntje een goed idee...\" \/>\n<meta name=\"robots\" content=\"index, follow, max-snippet:-1, max-image-preview:large, max-video-preview:-1\" \/>\n<link rel=\"canonical\" href=\"https:\/\/bukiboek.nl\/en\/product\/\u518d\u8bb2\u4e00\u4e2a\u6545\u4e8b\u5427-nog-een-verhaaltje\/\" \/>\n<meta property=\"og:locale\" content=\"en_GB\" \/>\n<meta property=\"og:type\" content=\"article\" \/>\n<meta property=\"og:title\" content=\"Z\u00e0i ji\u01ceng y\u012bg\u00e8 g\u00f9sh\u00ec ba - BukiBoek\" \/>\n<meta property=\"og:description\" content=\"Mama leest Konijntje voor. &#039;&#039;Nog \u00e9\u00e9n verhaaltje!&#039;&#039; roept hij, maar er zijn geen verhaaltjes meer. Dan krijgt Klein Konijntje een goed idee...\" \/>\n<meta property=\"og:url\" content=\"https:\/\/bukiboek.nl\/en\/product\/\u518d\u8bb2\u4e00\u4e2a\u6545\u4e8b\u5427-nog-een-verhaaltje\/\" \/>\n<meta property=\"og:site_name\" content=\"BukiBoek\" \/>\n<meta property=\"article:modified_time\" content=\"2026-04-13T01:38:12+00:00\" \/>\n<meta property=\"og:image\" content=\"https:\/\/bukiboek.nl\/wp-content\/uploads\/2021\/08\/94-e1754392156780.jpg\" \/>\n\t<meta property=\"og:image:width\" content=\"770\" \/>\n\t<meta property=\"og:image:height\" content=\"756\" \/>\n\t<meta property=\"og:image:type\" content=\"image\/jpeg\" \/>\n<meta name=\"twitter:card\" content=\"summary_large_image\" \/>\n<meta name=\"twitter:label1\" content=\"Estimated reading time\" \/>\n\t<meta name=\"twitter:data1\" content=\"1 minute\" \/>\n<script type=\"application\/ld+json\" class=\"yoast-schema-graph\">{\"@context\":\"https:\\\/\\\/schema.org\",\"@graph\":[{\"@type\":\"WebPage\",\"@id\":\"https:\\\/\\\/bukiboek.nl\\\/product\\\/%e5%86%8d%e8%ae%b2%e4%b8%80%e4%b8%aa%e6%95%85%e4%ba%8b%e5%90%a7-nog-een-verhaaltje\\\/\",\"url\":\"https:\\\/\\\/bukiboek.nl\\\/product\\\/%e5%86%8d%e8%ae%b2%e4%b8%80%e4%b8%aa%e6%95%85%e4%ba%8b%e5%90%a7-nog-een-verhaaltje\\\/\",\"name\":\"Z\u00e0i ji\u01ceng y\u012bg\u00e8 g\u00f9sh\u00ec ba - BukiBoek\",\"isPartOf\":{\"@id\":\"https:\\\/\\\/bukiboek.nl\\\/en\\\/#website\"},\"primaryImageOfPage\":{\"@id\":\"https:\\\/\\\/bukiboek.nl\\\/product\\\/%e5%86%8d%e8%ae%b2%e4%b8%80%e4%b8%aa%e6%95%85%e4%ba%8b%e5%90%a7-nog-een-verhaaltje\\\/#primaryimage\"},\"image\":{\"@id\":\"https:\\\/\\\/bukiboek.nl\\\/product\\\/%e5%86%8d%e8%ae%b2%e4%b8%80%e4%b8%aa%e6%95%85%e4%ba%8b%e5%90%a7-nog-een-verhaaltje\\\/#primaryimage\"},\"thumbnailUrl\":\"https:\\\/\\\/bukiboek.nl\\\/wp-content\\\/uploads\\\/2021\\\/08\\\/94-e1754392156780.jpg\",\"datePublished\":\"2021-08-30T09:38:15+00:00\",\"dateModified\":\"2026-04-13T01:38:12+00:00\",\"description\":\"Mama leest Konijntje voor. ''Nog \u00e9\u00e9n verhaaltje!'' roept hij, maar er zijn geen verhaaltjes meer. Dan krijgt Klein Konijntje een goed idee...\",\"breadcrumb\":{\"@id\":\"https:\\\/\\\/bukiboek.nl\\\/product\\\/%e5%86%8d%e8%ae%b2%e4%b8%80%e4%b8%aa%e6%95%85%e4%ba%8b%e5%90%a7-nog-een-verhaaltje\\\/#breadcrumb\"},\"inLanguage\":\"en-GB\",\"potentialAction\":[{\"@type\":\"ReadAction\",\"target\":[\"https:\\\/\\\/bukiboek.nl\\\/product\\\/%e5%86%8d%e8%ae%b2%e4%b8%80%e4%b8%aa%e6%95%85%e4%ba%8b%e5%90%a7-nog-een-verhaaltje\\\/\"]}]},{\"@type\":\"ImageObject\",\"inLanguage\":\"en-GB\",\"@id\":\"https:\\\/\\\/bukiboek.nl\\\/product\\\/%e5%86%8d%e8%ae%b2%e4%b8%80%e4%b8%aa%e6%95%85%e4%ba%8b%e5%90%a7-nog-een-verhaaltje\\\/#primaryimage\",\"url\":\"https:\\\/\\\/bukiboek.nl\\\/wp-content\\\/uploads\\\/2021\\\/08\\\/94-e1754392156780.jpg\",\"contentUrl\":\"https:\\\/\\\/bukiboek.nl\\\/wp-content\\\/uploads\\\/2021\\\/08\\\/94-e1754392156780.jpg\",\"width\":770,\"height\":756},{\"@type\":\"BreadcrumbList\",\"@id\":\"https:\\\/\\\/bukiboek.nl\\\/product\\\/%e5%86%8d%e8%ae%b2%e4%b8%80%e4%b8%aa%e6%95%85%e4%ba%8b%e5%90%a7-nog-een-verhaaltje\\\/#breadcrumb\",\"itemListElement\":[{\"@type\":\"ListItem\",\"position\":1,\"name\":\"Home\",\"item\":\"https:\\\/\\\/bukiboek.nl\\\/\"},{\"@type\":\"ListItem\",\"position\":2,\"name\":\"Z\u00e0i ji\u01ceng y\u012bg\u00e8 g\u00f9sh\u00ec ba\"}]},{\"@type\":\"WebSite\",\"@id\":\"https:\\\/\\\/bukiboek.nl\\\/en\\\/#website\",\"url\":\"https:\\\/\\\/bukiboek.nl\\\/en\\\/\",\"name\":\"BukiBoek\",\"description\":\"Kinderboeken in verschillende talen\",\"publisher\":{\"@id\":\"https:\\\/\\\/bukiboek.nl\\\/en\\\/#organization\"},\"potentialAction\":[{\"@type\":\"SearchAction\",\"target\":{\"@type\":\"EntryPoint\",\"urlTemplate\":\"https:\\\/\\\/bukiboek.nl\\\/en\\\/?s={search_term_string}\"},\"query-input\":{\"@type\":\"PropertyValueSpecification\",\"valueRequired\":true,\"valueName\":\"search_term_string\"}}],\"inLanguage\":\"en-GB\"},{\"@type\":\"Organization\",\"@id\":\"https:\\\/\\\/bukiboek.nl\\\/en\\\/#organization\",\"name\":\"BukiBoek\",\"url\":\"https:\\\/\\\/bukiboek.nl\\\/en\\\/\",\"logo\":{\"@type\":\"ImageObject\",\"inLanguage\":\"en-GB\",\"@id\":\"https:\\\/\\\/bukiboek.nl\\\/en\\\/#\\\/schema\\\/logo\\\/image\\\/\",\"url\":\"https:\\\/\\\/bukiboek.nl\\\/wp-content\\\/uploads\\\/2023\\\/01\\\/cropped-cropped-Transparent-Logo-1-e1675407711486.png\",\"contentUrl\":\"https:\\\/\\\/bukiboek.nl\\\/wp-content\\\/uploads\\\/2023\\\/01\\\/cropped-cropped-Transparent-Logo-1-e1675407711486.png\",\"width\":600,\"height\":662,\"caption\":\"BukiBoek\"},\"image\":{\"@id\":\"https:\\\/\\\/bukiboek.nl\\\/en\\\/#\\\/schema\\\/logo\\\/image\\\/\"},\"sameAs\":[\"https:\\\/\\\/www.linkedin.com\\\/company\\\/74944248\\\/\"]}]}<\/script>\n<!-- \/ Yoast SEO plugin. -->","yoast_head_json":{"title":"Z\u00e0i ji\u01ceng y\u012bg\u00e8 g\u00f9sh\u00ec ba - BukiBoek","description":"Mama leest Konijntje voor. ''Nog \u00e9\u00e9n verhaaltje!'' roept hij, maar er zijn geen verhaaltjes meer. Dan krijgt Klein Konijntje een goed idee...","robots":{"index":"index","follow":"follow","max-snippet":"max-snippet:-1","max-image-preview":"max-image-preview:large","max-video-preview":"max-video-preview:-1"},"canonical":"https:\/\/bukiboek.nl\/en\/product\/\u518d\u8bb2\u4e00\u4e2a\u6545\u4e8b\u5427-nog-een-verhaaltje\/","og_locale":"en_GB","og_type":"article","og_title":"Z\u00e0i ji\u01ceng y\u012bg\u00e8 g\u00f9sh\u00ec ba - BukiBoek","og_description":"Mama leest Konijntje voor. ''Nog \u00e9\u00e9n verhaaltje!'' roept hij, maar er zijn geen verhaaltjes meer. Dan krijgt Klein Konijntje een goed idee...","og_url":"https:\/\/bukiboek.nl\/en\/product\/\u518d\u8bb2\u4e00\u4e2a\u6545\u4e8b\u5427-nog-een-verhaaltje\/","og_site_name":"BukiBoek","article_modified_time":"2026-04-13T01:38:12+00:00","og_image":[{"width":770,"height":756,"url":"https:\/\/bukiboek.nl\/wp-content\/uploads\/2021\/08\/94-e1754392156780.jpg","type":"image\/jpeg"}],"twitter_card":"summary_large_image","twitter_misc":{"Estimated reading time":"1 minute"},"schema":{"@context":"https:\/\/schema.org","@graph":[{"@type":"WebPage","@id":"https:\/\/bukiboek.nl\/product\/%e5%86%8d%e8%ae%b2%e4%b8%80%e4%b8%aa%e6%95%85%e4%ba%8b%e5%90%a7-nog-een-verhaaltje\/","url":"https:\/\/bukiboek.nl\/product\/%e5%86%8d%e8%ae%b2%e4%b8%80%e4%b8%aa%e6%95%85%e4%ba%8b%e5%90%a7-nog-een-verhaaltje\/","name":"Z\u00e0i ji\u01ceng y\u012bg\u00e8 g\u00f9sh\u00ec ba - BukiBoek","isPartOf":{"@id":"https:\/\/bukiboek.nl\/en\/#website"},"primaryImageOfPage":{"@id":"https:\/\/bukiboek.nl\/product\/%e5%86%8d%e8%ae%b2%e4%b8%80%e4%b8%aa%e6%95%85%e4%ba%8b%e5%90%a7-nog-een-verhaaltje\/#primaryimage"},"image":{"@id":"https:\/\/bukiboek.nl\/product\/%e5%86%8d%e8%ae%b2%e4%b8%80%e4%b8%aa%e6%95%85%e4%ba%8b%e5%90%a7-nog-een-verhaaltje\/#primaryimage"},"thumbnailUrl":"https:\/\/bukiboek.nl\/wp-content\/uploads\/2021\/08\/94-e1754392156780.jpg","datePublished":"2021-08-30T09:38:15+00:00","dateModified":"2026-04-13T01:38:12+00:00","description":"Mama leest Konijntje voor. ''Nog \u00e9\u00e9n verhaaltje!'' roept hij, maar er zijn geen verhaaltjes meer. Dan krijgt Klein Konijntje een goed idee...","breadcrumb":{"@id":"https:\/\/bukiboek.nl\/product\/%e5%86%8d%e8%ae%b2%e4%b8%80%e4%b8%aa%e6%95%85%e4%ba%8b%e5%90%a7-nog-een-verhaaltje\/#breadcrumb"},"inLanguage":"en-GB","potentialAction":[{"@type":"ReadAction","target":["https:\/\/bukiboek.nl\/product\/%e5%86%8d%e8%ae%b2%e4%b8%80%e4%b8%aa%e6%95%85%e4%ba%8b%e5%90%a7-nog-een-verhaaltje\/"]}]},{"@type":"ImageObject","inLanguage":"en-GB","@id":"https:\/\/bukiboek.nl\/product\/%e5%86%8d%e8%ae%b2%e4%b8%80%e4%b8%aa%e6%95%85%e4%ba%8b%e5%90%a7-nog-een-verhaaltje\/#primaryimage","url":"https:\/\/bukiboek.nl\/wp-content\/uploads\/2021\/08\/94-e1754392156780.jpg","contentUrl":"https:\/\/bukiboek.nl\/wp-content\/uploads\/2021\/08\/94-e1754392156780.jpg","width":770,"height":756},{"@type":"BreadcrumbList","@id":"https:\/\/bukiboek.nl\/product\/%e5%86%8d%e8%ae%b2%e4%b8%80%e4%b8%aa%e6%95%85%e4%ba%8b%e5%90%a7-nog-een-verhaaltje\/#breadcrumb","itemListElement":[{"@type":"ListItem","position":1,"name":"Home","item":"https:\/\/bukiboek.nl\/"},{"@type":"ListItem","position":2,"name":"Z\u00e0i ji\u01ceng y\u012bg\u00e8 g\u00f9sh\u00ec ba"}]},{"@type":"WebSite","@id":"https:\/\/bukiboek.nl\/en\/#website","url":"https:\/\/bukiboek.nl\/en\/","name":"BukiBook","description":"Children&#039;s books in different languages","publisher":{"@id":"https:\/\/bukiboek.nl\/en\/#organization"},"potentialAction":[{"@type":"SearchAction","target":{"@type":"EntryPoint","urlTemplate":"https:\/\/bukiboek.nl\/en\/?s={search_term_string}"},"query-input":{"@type":"PropertyValueSpecification","valueRequired":true,"valueName":"search_term_string"}}],"inLanguage":"en-GB"},{"@type":"Organization","@id":"https:\/\/bukiboek.nl\/en\/#organization","name":"BukiBook","url":"https:\/\/bukiboek.nl\/en\/","logo":{"@type":"ImageObject","inLanguage":"en-GB","@id":"https:\/\/bukiboek.nl\/en\/#\/schema\/logo\/image\/","url":"https:\/\/bukiboek.nl\/wp-content\/uploads\/2023\/01\/cropped-cropped-Transparent-Logo-1-e1675407711486.png","contentUrl":"https:\/\/bukiboek.nl\/wp-content\/uploads\/2023\/01\/cropped-cropped-Transparent-Logo-1-e1675407711486.png","width":600,"height":662,"caption":"BukiBoek"},"image":{"@id":"https:\/\/bukiboek.nl\/en\/#\/schema\/logo\/image\/"},"sameAs":["https:\/\/www.linkedin.com\/company\/74944248\/"]}]}},"_links":{"self":[{"href":"https:\/\/bukiboek.nl\/en\/wp-json\/wp\/v2\/product\/4626","targetHints":{"allow":["GET"]}}],"collection":[{"href":"https:\/\/bukiboek.nl\/en\/wp-json\/wp\/v2\/product"}],"about":[{"href":"https:\/\/bukiboek.nl\/en\/wp-json\/wp\/v2\/types\/product"}],"replies":[{"embeddable":true,"href":"https:\/\/bukiboek.nl\/en\/wp-json\/wp\/v2\/comments?post=4626"}],"wp:featuredmedia":[{"embeddable":true,"href":"https:\/\/bukiboek.nl\/en\/wp-json\/wp\/v2\/media\/4754"}],"wp:attachment":[{"href":"https:\/\/bukiboek.nl\/en\/wp-json\/wp\/v2\/media?parent=4626"}],"wp:term":[{"taxonomy":"product_brand","embeddable":true,"href":"https:\/\/bukiboek.nl\/en\/wp-json\/wp\/v2\/product_brand?post=4626"},{"taxonomy":"product_cat","embeddable":true,"href":"https:\/\/bukiboek.nl\/en\/wp-json\/wp\/v2\/product_cat?post=4626"},{"taxonomy":"product_tag","embeddable":true,"href":"https:\/\/bukiboek.nl\/en\/wp-json\/wp\/v2\/product_tag?post=4626"},{"taxonomy":"klant-ref","embeddable":true,"href":"https:\/\/bukiboek.nl\/en\/wp-json\/wp\/v2\/klant-ref?post=4626"}],"curies":[{"name":"wp","href":"https:\/\/api.w.org\/{rel}","templated":true}]}}