{"id":21206,"date":"2026-02-20T16:15:33","date_gmt":"2026-02-20T15:15:33","guid":{"rendered":"https:\/\/bukiboek.nl\/product\/lappa-im-zoo-lappa-in-de-dierentuin\/"},"modified":"2026-04-07T10:16:00","modified_gmt":"2026-04-07T08:16:00","slug":"lappa-im-zoo-lappa-in-de-dierentuin","status":"publish","type":"product","link":"https:\/\/bukiboek.nl\/en\/product\/lappa-im-zoo-lappa-in-de-dierentuin\/","title":{"rendered":"Lappa im Zoo &#8211; Lappa in de dierentuin"},"content":{"rendered":"","protected":false},"excerpt":{"rendered":"<p>Lappa, Mama und Wuffi gehen in den Zoo. Dort treffen sie eine kleine Giraffe, die nichts fressen will, weil sie auf gar nichts Appetit hat. Um herauszufinden, was der kleinen Giraffe schmecken k\u00f6nnte, l\u00e4sst Lappa sie von allem probieren. Auf diese Weise entdecken sie, dass es sehr viele verschiedene Geschm\u00e4cker gibt.<\/p>","protected":false},"featured_media":21031,"comment_status":"closed","ping_status":"closed","template":"","meta":{"site-sidebar-layout":"default","site-content-layout":"","ast-site-content-layout":"default","site-content-style":"default","site-sidebar-style":"default","ast-global-header-display":"","ast-banner-title-visibility":"","ast-main-header-display":"","ast-hfb-above-header-display":"","ast-hfb-below-header-display":"","ast-hfb-mobile-header-display":"","site-post-title":"","ast-breadcrumbs-content":"","ast-featured-img":"","footer-sml-layout":"","theme-transparent-header-meta":"","adv-header-id-meta":"","stick-header-meta":"","header-above-stick-meta":"","header-main-stick-meta":"","header-below-stick-meta":"","astra-migrate-meta-layouts":"default","ast-page-background-enabled":"default","ast-page-background-meta":{"desktop":{"background-color":"","background-image":"","background-repeat":"repeat","background-position":"center center","background-size":"auto","background-attachment":"scroll","background-type":"","background-media":"","overlay-type":"","overlay-color":"","overlay-opacity":"","overlay-gradient":""},"tablet":{"background-color":"","background-image":"","background-repeat":"repeat","background-position":"center center","background-size":"auto","background-attachment":"scroll","background-type":"","background-media":"","overlay-type":"","overlay-color":"","overlay-opacity":"","overlay-gradient":""},"mobile":{"background-color":"","background-image":"","background-repeat":"repeat","background-position":"center center","background-size":"auto","background-attachment":"scroll","background-type":"","background-media":"","overlay-type":"","overlay-color":"","overlay-opacity":"","overlay-gradient":""}},"ast-content-background-meta":{"desktop":{"background-color":"var(--ast-global-color-5)","background-image":"","background-repeat":"repeat","background-position":"center center","background-size":"auto","background-attachment":"scroll","background-type":"","background-media":"","overlay-type":"","overlay-color":"","overlay-opacity":"","overlay-gradient":""},"tablet":{"background-color":"var(--ast-global-color-5)","background-image":"","background-repeat":"repeat","background-position":"center center","background-size":"auto","background-attachment":"scroll","background-type":"","background-media":"","overlay-type":"","overlay-color":"","overlay-opacity":"","overlay-gradient":""},"mobile":{"background-color":"var(--ast-global-color-5)","background-image":"","background-repeat":"repeat","background-position":"center center","background-size":"auto","background-attachment":"scroll","background-type":"","background-media":"","overlay-type":"","overlay-color":"","overlay-opacity":"","overlay-gradient":""}}},"product_brand":[],"product_cat":[60],"product_tag":[42,43,48,75],"klant-ref":[],"class_list":{"0":"post-21206","1":"product","2":"type-product","3":"status-publish","4":"has-post-thumbnail","6":"product_cat-duitse-kinderboeken","7":"product_tag-0-tot-3-jaar","8":"product_tag-4-tot-6-jaar","9":"product_tag-lappa-bilingual","10":"product_tag-tweetalige-boeken-nederlands","11":"desktop-align-left","12":"tablet-align-left","13":"mobile-align-left","15":"first","16":"instock","17":"taxable","18":"shipping-taxable","19":"purchasable","20":"product-type-simple"},"yoast_head":"<!-- This site is optimized with the Yoast SEO plugin v27.4 - https:\/\/yoast.com\/product\/yoast-seo-wordpress\/ -->\n<title>Lappa im Zoo - Lappa in de dierentuin - BukiBoek<\/title>\n<meta name=\"robots\" content=\"index, follow, max-snippet:-1, max-image-preview:large, max-video-preview:-1\" \/>\n<link rel=\"canonical\" href=\"https:\/\/bukiboek.nl\/en\/product\/lappa-im-zoo-lappa-in-de-dierentuin\/\" \/>\n<meta property=\"og:locale\" content=\"en_GB\" \/>\n<meta property=\"og:type\" content=\"article\" \/>\n<meta property=\"og:title\" content=\"Lappa im Zoo - Lappa in de dierentuin - BukiBoek\" \/>\n<meta property=\"og:description\" content=\"Lappa, Mama und Wuffi gehen in den Zoo. Dort treffen sie eine kleine Giraffe, die nichts fressen will, weil sie auf gar nichts Appetit hat. Um herauszufinden, was der kleinen Giraffe schmecken k\u00f6nnte, l\u00e4sst Lappa sie von allem probieren. Auf diese Weise entdecken sie, dass es sehr viele verschiedene Geschm\u00e4cker gibt.\" \/>\n<meta property=\"og:url\" content=\"https:\/\/bukiboek.nl\/en\/product\/lappa-im-zoo-lappa-in-de-dierentuin\/\" \/>\n<meta property=\"og:site_name\" content=\"BukiBoek\" \/>\n<meta property=\"article:modified_time\" content=\"2026-04-07T08:16:00+00:00\" \/>\n<meta property=\"og:image\" content=\"https:\/\/bukiboek.nl\/wp-content\/uploads\/2026\/02\/04-LK_lappaindedierentuin_DU-NL_HC_9789492731432_3_VK_BG_CV.jpg\" \/>\n\t<meta property=\"og:image:width\" content=\"900\" \/>\n\t<meta property=\"og:image:height\" content=\"900\" \/>\n\t<meta property=\"og:image:type\" content=\"image\/jpeg\" \/>\n<meta name=\"twitter:card\" content=\"summary_large_image\" \/>\n<script type=\"application\/ld+json\" class=\"yoast-schema-graph\">{\"@context\":\"https:\\\/\\\/schema.org\",\"@graph\":[{\"@type\":\"WebPage\",\"@id\":\"https:\\\/\\\/bukiboek.nl\\\/product\\\/lappa-im-zoo-lappa-in-de-dierentuin\\\/\",\"url\":\"https:\\\/\\\/bukiboek.nl\\\/product\\\/lappa-im-zoo-lappa-in-de-dierentuin\\\/\",\"name\":\"Lappa im Zoo - Lappa in de dierentuin - BukiBoek\",\"isPartOf\":{\"@id\":\"https:\\\/\\\/bukiboek.nl\\\/en\\\/#website\"},\"primaryImageOfPage\":{\"@id\":\"https:\\\/\\\/bukiboek.nl\\\/product\\\/lappa-im-zoo-lappa-in-de-dierentuin\\\/#primaryimage\"},\"image\":{\"@id\":\"https:\\\/\\\/bukiboek.nl\\\/product\\\/lappa-im-zoo-lappa-in-de-dierentuin\\\/#primaryimage\"},\"thumbnailUrl\":\"https:\\\/\\\/bukiboek.nl\\\/wp-content\\\/uploads\\\/2026\\\/02\\\/04-LK_lappaindedierentuin_DU-NL_HC_9789492731432_3_VK_BG_CV.jpg\",\"datePublished\":\"2026-02-20T15:15:33+00:00\",\"dateModified\":\"2026-04-07T08:16:00+00:00\",\"breadcrumb\":{\"@id\":\"https:\\\/\\\/bukiboek.nl\\\/product\\\/lappa-im-zoo-lappa-in-de-dierentuin\\\/#breadcrumb\"},\"inLanguage\":\"en-GB\",\"potentialAction\":[{\"@type\":\"ReadAction\",\"target\":[\"https:\\\/\\\/bukiboek.nl\\\/product\\\/lappa-im-zoo-lappa-in-de-dierentuin\\\/\"]}]},{\"@type\":\"ImageObject\",\"inLanguage\":\"en-GB\",\"@id\":\"https:\\\/\\\/bukiboek.nl\\\/product\\\/lappa-im-zoo-lappa-in-de-dierentuin\\\/#primaryimage\",\"url\":\"https:\\\/\\\/bukiboek.nl\\\/wp-content\\\/uploads\\\/2026\\\/02\\\/04-LK_lappaindedierentuin_DU-NL_HC_9789492731432_3_VK_BG_CV.jpg\",\"contentUrl\":\"https:\\\/\\\/bukiboek.nl\\\/wp-content\\\/uploads\\\/2026\\\/02\\\/04-LK_lappaindedierentuin_DU-NL_HC_9789492731432_3_VK_BG_CV.jpg\",\"width\":900,\"height\":900},{\"@type\":\"BreadcrumbList\",\"@id\":\"https:\\\/\\\/bukiboek.nl\\\/product\\\/lappa-im-zoo-lappa-in-de-dierentuin\\\/#breadcrumb\",\"itemListElement\":[{\"@type\":\"ListItem\",\"position\":1,\"name\":\"Home\",\"item\":\"https:\\\/\\\/bukiboek.nl\\\/\"},{\"@type\":\"ListItem\",\"position\":2,\"name\":\"Lappa im Zoo &#8211; Lappa in de dierentuin\"}]},{\"@type\":\"WebSite\",\"@id\":\"https:\\\/\\\/bukiboek.nl\\\/en\\\/#website\",\"url\":\"https:\\\/\\\/bukiboek.nl\\\/en\\\/\",\"name\":\"BukiBoek\",\"description\":\"Kinderboeken in verschillende talen\",\"publisher\":{\"@id\":\"https:\\\/\\\/bukiboek.nl\\\/en\\\/#organization\"},\"potentialAction\":[{\"@type\":\"SearchAction\",\"target\":{\"@type\":\"EntryPoint\",\"urlTemplate\":\"https:\\\/\\\/bukiboek.nl\\\/en\\\/?s={search_term_string}\"},\"query-input\":{\"@type\":\"PropertyValueSpecification\",\"valueRequired\":true,\"valueName\":\"search_term_string\"}}],\"inLanguage\":\"en-GB\"},{\"@type\":\"Organization\",\"@id\":\"https:\\\/\\\/bukiboek.nl\\\/en\\\/#organization\",\"name\":\"BukiBoek\",\"url\":\"https:\\\/\\\/bukiboek.nl\\\/en\\\/\",\"logo\":{\"@type\":\"ImageObject\",\"inLanguage\":\"en-GB\",\"@id\":\"https:\\\/\\\/bukiboek.nl\\\/en\\\/#\\\/schema\\\/logo\\\/image\\\/\",\"url\":\"https:\\\/\\\/bukiboek.nl\\\/wp-content\\\/uploads\\\/2023\\\/01\\\/cropped-cropped-Transparent-Logo-1-e1675407711486.png\",\"contentUrl\":\"https:\\\/\\\/bukiboek.nl\\\/wp-content\\\/uploads\\\/2023\\\/01\\\/cropped-cropped-Transparent-Logo-1-e1675407711486.png\",\"width\":600,\"height\":662,\"caption\":\"BukiBoek\"},\"image\":{\"@id\":\"https:\\\/\\\/bukiboek.nl\\\/en\\\/#\\\/schema\\\/logo\\\/image\\\/\"},\"sameAs\":[\"https:\\\/\\\/www.linkedin.com\\\/company\\\/74944248\\\/\"]}]}<\/script>\n<!-- \/ Yoast SEO plugin. -->","yoast_head_json":{"title":"Lappa im Zoo - Lappa in de dierentuin - BukiBoek","robots":{"index":"index","follow":"follow","max-snippet":"max-snippet:-1","max-image-preview":"max-image-preview:large","max-video-preview":"max-video-preview:-1"},"canonical":"https:\/\/bukiboek.nl\/en\/product\/lappa-im-zoo-lappa-in-de-dierentuin\/","og_locale":"en_GB","og_type":"article","og_title":"Lappa im Zoo - Lappa in de dierentuin - BukiBoek","og_description":"Lappa, Mama und Wuffi gehen in den Zoo. Dort treffen sie eine kleine Giraffe, die nichts fressen will, weil sie auf gar nichts Appetit hat. Um herauszufinden, was der kleinen Giraffe schmecken k\u00f6nnte, l\u00e4sst Lappa sie von allem probieren. Auf diese Weise entdecken sie, dass es sehr viele verschiedene Geschm\u00e4cker gibt.","og_url":"https:\/\/bukiboek.nl\/en\/product\/lappa-im-zoo-lappa-in-de-dierentuin\/","og_site_name":"BukiBoek","article_modified_time":"2026-04-07T08:16:00+00:00","og_image":[{"width":900,"height":900,"url":"https:\/\/bukiboek.nl\/wp-content\/uploads\/2026\/02\/04-LK_lappaindedierentuin_DU-NL_HC_9789492731432_3_VK_BG_CV.jpg","type":"image\/jpeg"}],"twitter_card":"summary_large_image","schema":{"@context":"https:\/\/schema.org","@graph":[{"@type":"WebPage","@id":"https:\/\/bukiboek.nl\/product\/lappa-im-zoo-lappa-in-de-dierentuin\/","url":"https:\/\/bukiboek.nl\/product\/lappa-im-zoo-lappa-in-de-dierentuin\/","name":"Lappa im Zoo - Lappa in de dierentuin - BukiBoek","isPartOf":{"@id":"https:\/\/bukiboek.nl\/en\/#website"},"primaryImageOfPage":{"@id":"https:\/\/bukiboek.nl\/product\/lappa-im-zoo-lappa-in-de-dierentuin\/#primaryimage"},"image":{"@id":"https:\/\/bukiboek.nl\/product\/lappa-im-zoo-lappa-in-de-dierentuin\/#primaryimage"},"thumbnailUrl":"https:\/\/bukiboek.nl\/wp-content\/uploads\/2026\/02\/04-LK_lappaindedierentuin_DU-NL_HC_9789492731432_3_VK_BG_CV.jpg","datePublished":"2026-02-20T15:15:33+00:00","dateModified":"2026-04-07T08:16:00+00:00","breadcrumb":{"@id":"https:\/\/bukiboek.nl\/product\/lappa-im-zoo-lappa-in-de-dierentuin\/#breadcrumb"},"inLanguage":"en-GB","potentialAction":[{"@type":"ReadAction","target":["https:\/\/bukiboek.nl\/product\/lappa-im-zoo-lappa-in-de-dierentuin\/"]}]},{"@type":"ImageObject","inLanguage":"en-GB","@id":"https:\/\/bukiboek.nl\/product\/lappa-im-zoo-lappa-in-de-dierentuin\/#primaryimage","url":"https:\/\/bukiboek.nl\/wp-content\/uploads\/2026\/02\/04-LK_lappaindedierentuin_DU-NL_HC_9789492731432_3_VK_BG_CV.jpg","contentUrl":"https:\/\/bukiboek.nl\/wp-content\/uploads\/2026\/02\/04-LK_lappaindedierentuin_DU-NL_HC_9789492731432_3_VK_BG_CV.jpg","width":900,"height":900},{"@type":"BreadcrumbList","@id":"https:\/\/bukiboek.nl\/product\/lappa-im-zoo-lappa-in-de-dierentuin\/#breadcrumb","itemListElement":[{"@type":"ListItem","position":1,"name":"Home","item":"https:\/\/bukiboek.nl\/"},{"@type":"ListItem","position":2,"name":"Lappa im Zoo &#8211; Lappa in de dierentuin"}]},{"@type":"WebSite","@id":"https:\/\/bukiboek.nl\/en\/#website","url":"https:\/\/bukiboek.nl\/en\/","name":"BukiBook","description":"Children&#039;s books in different languages","publisher":{"@id":"https:\/\/bukiboek.nl\/en\/#organization"},"potentialAction":[{"@type":"SearchAction","target":{"@type":"EntryPoint","urlTemplate":"https:\/\/bukiboek.nl\/en\/?s={search_term_string}"},"query-input":{"@type":"PropertyValueSpecification","valueRequired":true,"valueName":"search_term_string"}}],"inLanguage":"en-GB"},{"@type":"Organization","@id":"https:\/\/bukiboek.nl\/en\/#organization","name":"BukiBook","url":"https:\/\/bukiboek.nl\/en\/","logo":{"@type":"ImageObject","inLanguage":"en-GB","@id":"https:\/\/bukiboek.nl\/en\/#\/schema\/logo\/image\/","url":"https:\/\/bukiboek.nl\/wp-content\/uploads\/2023\/01\/cropped-cropped-Transparent-Logo-1-e1675407711486.png","contentUrl":"https:\/\/bukiboek.nl\/wp-content\/uploads\/2023\/01\/cropped-cropped-Transparent-Logo-1-e1675407711486.png","width":600,"height":662,"caption":"BukiBoek"},"image":{"@id":"https:\/\/bukiboek.nl\/en\/#\/schema\/logo\/image\/"},"sameAs":["https:\/\/www.linkedin.com\/company\/74944248\/"]}]}},"_links":{"self":[{"href":"https:\/\/bukiboek.nl\/en\/wp-json\/wp\/v2\/product\/21206","targetHints":{"allow":["GET"]}}],"collection":[{"href":"https:\/\/bukiboek.nl\/en\/wp-json\/wp\/v2\/product"}],"about":[{"href":"https:\/\/bukiboek.nl\/en\/wp-json\/wp\/v2\/types\/product"}],"replies":[{"embeddable":true,"href":"https:\/\/bukiboek.nl\/en\/wp-json\/wp\/v2\/comments?post=21206"}],"wp:featuredmedia":[{"embeddable":true,"href":"https:\/\/bukiboek.nl\/en\/wp-json\/wp\/v2\/media\/21031"}],"wp:attachment":[{"href":"https:\/\/bukiboek.nl\/en\/wp-json\/wp\/v2\/media?parent=21206"}],"wp:term":[{"taxonomy":"product_brand","embeddable":true,"href":"https:\/\/bukiboek.nl\/en\/wp-json\/wp\/v2\/product_brand?post=21206"},{"taxonomy":"product_cat","embeddable":true,"href":"https:\/\/bukiboek.nl\/en\/wp-json\/wp\/v2\/product_cat?post=21206"},{"taxonomy":"product_tag","embeddable":true,"href":"https:\/\/bukiboek.nl\/en\/wp-json\/wp\/v2\/product_tag?post=21206"},{"taxonomy":"klant-ref","embeddable":true,"href":"https:\/\/bukiboek.nl\/en\/wp-json\/wp\/v2\/klant-ref?post=21206"}],"curies":[{"name":"wp","href":"https:\/\/api.w.org\/{rel}","templated":true}]}}