{"id":20341,"date":"2025-09-16T11:03:39","date_gmt":"2025-09-16T09:03:39","guid":{"rendered":"https:\/\/bukiboek.nl\/?post_type=product&#038;p=20341"},"modified":"2026-03-28T18:30:37","modified_gmt":"2026-03-28T17:30:37","slug":"turkse-boekenpakket-onderbouw-klein","status":"publish","type":"product","link":"https:\/\/bukiboek.nl\/en\/product\/turkse-boekenpakket-onderbouw-klein\/","title":{"rendered":"Turks boekenpakket &#8211; Onderbouw (klein)"},"content":{"rendered":"","protected":false},"excerpt":{"rendered":"<p>Zorgvuldig samengesteld pakket Turkse boeken voor de onderbouw. Begin direct goed met een compacte collectie titels die perfect aansluiten bij jonge lezers. Met dit pakket kies je voor gemak \u00e9n kwaliteit in \u00e9\u00e9n.<\/p>\n<p>Mocht een titel uit dit pakket niet meer beschikbaar of leverbaar zijn, vervangen wij deze altijd door een passend alternatief van gelijkwaardige kwaliteit.<\/p>","protected":false},"featured_media":20335,"comment_status":"open","ping_status":"closed","template":"","meta":{"site-sidebar-layout":"default","site-content-layout":"","ast-site-content-layout":"default","site-content-style":"default","site-sidebar-style":"default","ast-global-header-display":"","ast-banner-title-visibility":"","ast-main-header-display":"","ast-hfb-above-header-display":"","ast-hfb-below-header-display":"","ast-hfb-mobile-header-display":"","site-post-title":"","ast-breadcrumbs-content":"","ast-featured-img":"","footer-sml-layout":"","theme-transparent-header-meta":"default","adv-header-id-meta":"","stick-header-meta":"","header-above-stick-meta":"","header-main-stick-meta":"","header-below-stick-meta":"","astra-migrate-meta-layouts":"set","ast-page-background-enabled":"default","ast-page-background-meta":{"desktop":{"background-color":"","background-image":"","background-repeat":"repeat","background-position":"center center","background-size":"auto","background-attachment":"scroll","background-type":"","background-media":"","overlay-type":"","overlay-color":"","overlay-opacity":"","overlay-gradient":""},"tablet":{"background-color":"","background-image":"","background-repeat":"repeat","background-position":"center center","background-size":"auto","background-attachment":"scroll","background-type":"","background-media":"","overlay-type":"","overlay-color":"","overlay-opacity":"","overlay-gradient":""},"mobile":{"background-color":"","background-image":"","background-repeat":"repeat","background-position":"center center","background-size":"auto","background-attachment":"scroll","background-type":"","background-media":"","overlay-type":"","overlay-color":"","overlay-opacity":"","overlay-gradient":""}},"ast-content-background-meta":{"desktop":{"background-color":"var(--ast-global-color-5)","background-image":"","background-repeat":"repeat","background-position":"center center","background-size":"auto","background-attachment":"scroll","background-type":"","background-media":"","overlay-type":"","overlay-color":"","overlay-opacity":"","overlay-gradient":""},"tablet":{"background-color":"var(--ast-global-color-5)","background-image":"","background-repeat":"repeat","background-position":"center center","background-size":"auto","background-attachment":"scroll","background-type":"","background-media":"","overlay-type":"","overlay-color":"","overlay-opacity":"","overlay-gradient":""},"mobile":{"background-color":"var(--ast-global-color-5)","background-image":"","background-repeat":"repeat","background-position":"center center","background-size":"auto","background-attachment":"scroll","background-type":"","background-media":"","overlay-type":"","overlay-color":"","overlay-opacity":"","overlay-gradient":""}}},"product_brand":[],"product_cat":[1220,32],"product_tag":[],"klant-ref":[],"class_list":{"0":"post-20341","1":"product","2":"type-product","3":"status-publish","4":"has-post-thumbnail","6":"product_cat-anderstalige-boekenpakket","7":"product_cat-turkse-kinderboeken","8":"desktop-align-left","9":"tablet-align-left","10":"mobile-align-left","12":"first","13":"onbackorder","14":"sale","15":"taxable","16":"purchasable","17":"product-type-woosb"},"yoast_head":"<!-- This site is optimized with the Yoast SEO plugin v27.4 - https:\/\/yoast.com\/product\/yoast-seo-wordpress\/ -->\n<title>Turks boekenpakket - Onderbouw (klein) - BukiBoek<\/title>\n<meta name=\"robots\" content=\"index, follow, max-snippet:-1, max-image-preview:large, max-video-preview:-1\" \/>\n<link rel=\"canonical\" href=\"https:\/\/bukiboek.nl\/en\/product\/turkse-boekenpakket-onderbouw-klein\/\" \/>\n<meta property=\"og:locale\" content=\"en_GB\" \/>\n<meta property=\"og:type\" content=\"article\" \/>\n<meta property=\"og:title\" content=\"Turks boekenpakket - Onderbouw (klein) - BukiBoek\" \/>\n<meta property=\"og:description\" content=\"Zorgvuldig samengesteld pakket Turkse boeken voor de onderbouw. Begin direct goed met een compacte collectie titels die perfect aansluiten bij jonge lezers. Met dit pakket kies je voor gemak \u00e9n kwaliteit in \u00e9\u00e9n.  Mocht een titel uit dit pakket niet meer beschikbaar of leverbaar zijn, vervangen wij deze altijd door een passend alternatief van gelijkwaardige kwaliteit.\" \/>\n<meta property=\"og:url\" content=\"https:\/\/bukiboek.nl\/en\/product\/turkse-boekenpakket-onderbouw-klein\/\" \/>\n<meta property=\"og:site_name\" content=\"BukiBoek\" \/>\n<meta property=\"article:modified_time\" content=\"2026-03-28T17:30:37+00:00\" \/>\n<meta property=\"og:image\" content=\"https:\/\/bukiboek.nl\/wp-content\/uploads\/2025\/09\/Arabisch.png\" \/>\n\t<meta property=\"og:image:width\" content=\"1080\" \/>\n\t<meta property=\"og:image:height\" content=\"1080\" \/>\n\t<meta property=\"og:image:type\" content=\"image\/png\" \/>\n<meta name=\"twitter:card\" content=\"summary_large_image\" \/>\n<meta name=\"twitter:label1\" content=\"Estimated reading time\" \/>\n\t<meta name=\"twitter:data1\" content=\"1 minute\" \/>\n<script type=\"application\/ld+json\" class=\"yoast-schema-graph\">{\"@context\":\"https:\\\/\\\/schema.org\",\"@graph\":[{\"@type\":\"WebPage\",\"@id\":\"https:\\\/\\\/bukiboek.nl\\\/product\\\/turkse-boekenpakket-onderbouw-klein\\\/\",\"url\":\"https:\\\/\\\/bukiboek.nl\\\/product\\\/turkse-boekenpakket-onderbouw-klein\\\/\",\"name\":\"Turks boekenpakket - Onderbouw (klein) - BukiBoek\",\"isPartOf\":{\"@id\":\"https:\\\/\\\/bukiboek.nl\\\/en\\\/#website\"},\"primaryImageOfPage\":{\"@id\":\"https:\\\/\\\/bukiboek.nl\\\/product\\\/turkse-boekenpakket-onderbouw-klein\\\/#primaryimage\"},\"image\":{\"@id\":\"https:\\\/\\\/bukiboek.nl\\\/product\\\/turkse-boekenpakket-onderbouw-klein\\\/#primaryimage\"},\"thumbnailUrl\":\"https:\\\/\\\/bukiboek.nl\\\/wp-content\\\/uploads\\\/2025\\\/09\\\/Arabisch.png\",\"datePublished\":\"2025-09-16T09:03:39+00:00\",\"dateModified\":\"2026-03-28T17:30:37+00:00\",\"breadcrumb\":{\"@id\":\"https:\\\/\\\/bukiboek.nl\\\/product\\\/turkse-boekenpakket-onderbouw-klein\\\/#breadcrumb\"},\"inLanguage\":\"en-GB\",\"potentialAction\":[{\"@type\":\"ReadAction\",\"target\":[\"https:\\\/\\\/bukiboek.nl\\\/product\\\/turkse-boekenpakket-onderbouw-klein\\\/\"]}]},{\"@type\":\"ImageObject\",\"inLanguage\":\"en-GB\",\"@id\":\"https:\\\/\\\/bukiboek.nl\\\/product\\\/turkse-boekenpakket-onderbouw-klein\\\/#primaryimage\",\"url\":\"https:\\\/\\\/bukiboek.nl\\\/wp-content\\\/uploads\\\/2025\\\/09\\\/Arabisch.png\",\"contentUrl\":\"https:\\\/\\\/bukiboek.nl\\\/wp-content\\\/uploads\\\/2025\\\/09\\\/Arabisch.png\",\"width\":1080,\"height\":1080,\"caption\":\"Meertalige collectie op maat. Meertalige collectie boekenpakket\"},{\"@type\":\"BreadcrumbList\",\"@id\":\"https:\\\/\\\/bukiboek.nl\\\/product\\\/turkse-boekenpakket-onderbouw-klein\\\/#breadcrumb\",\"itemListElement\":[{\"@type\":\"ListItem\",\"position\":1,\"name\":\"Home\",\"item\":\"https:\\\/\\\/bukiboek.nl\\\/\"},{\"@type\":\"ListItem\",\"position\":2,\"name\":\"Turks boekenpakket &#8211; Onderbouw (klein)\"}]},{\"@type\":\"WebSite\",\"@id\":\"https:\\\/\\\/bukiboek.nl\\\/en\\\/#website\",\"url\":\"https:\\\/\\\/bukiboek.nl\\\/en\\\/\",\"name\":\"BukiBoek\",\"description\":\"Kinderboeken in verschillende talen\",\"publisher\":{\"@id\":\"https:\\\/\\\/bukiboek.nl\\\/en\\\/#organization\"},\"potentialAction\":[{\"@type\":\"SearchAction\",\"target\":{\"@type\":\"EntryPoint\",\"urlTemplate\":\"https:\\\/\\\/bukiboek.nl\\\/en\\\/?s={search_term_string}\"},\"query-input\":{\"@type\":\"PropertyValueSpecification\",\"valueRequired\":true,\"valueName\":\"search_term_string\"}}],\"inLanguage\":\"en-GB\"},{\"@type\":\"Organization\",\"@id\":\"https:\\\/\\\/bukiboek.nl\\\/en\\\/#organization\",\"name\":\"BukiBoek\",\"url\":\"https:\\\/\\\/bukiboek.nl\\\/en\\\/\",\"logo\":{\"@type\":\"ImageObject\",\"inLanguage\":\"en-GB\",\"@id\":\"https:\\\/\\\/bukiboek.nl\\\/en\\\/#\\\/schema\\\/logo\\\/image\\\/\",\"url\":\"https:\\\/\\\/bukiboek.nl\\\/wp-content\\\/uploads\\\/2023\\\/01\\\/cropped-cropped-Transparent-Logo-1-e1675407711486.png\",\"contentUrl\":\"https:\\\/\\\/bukiboek.nl\\\/wp-content\\\/uploads\\\/2023\\\/01\\\/cropped-cropped-Transparent-Logo-1-e1675407711486.png\",\"width\":600,\"height\":662,\"caption\":\"BukiBoek\"},\"image\":{\"@id\":\"https:\\\/\\\/bukiboek.nl\\\/en\\\/#\\\/schema\\\/logo\\\/image\\\/\"},\"sameAs\":[\"https:\\\/\\\/www.linkedin.com\\\/company\\\/74944248\\\/\"]}]}<\/script>\n<!-- \/ Yoast SEO plugin. -->","yoast_head_json":{"title":"Turks boekenpakket - Onderbouw (klein) - BukiBoek","robots":{"index":"index","follow":"follow","max-snippet":"max-snippet:-1","max-image-preview":"max-image-preview:large","max-video-preview":"max-video-preview:-1"},"canonical":"https:\/\/bukiboek.nl\/en\/product\/turkse-boekenpakket-onderbouw-klein\/","og_locale":"en_GB","og_type":"article","og_title":"Turks boekenpakket - Onderbouw (klein) - BukiBoek","og_description":"Zorgvuldig samengesteld pakket Turkse boeken voor de onderbouw. Begin direct goed met een compacte collectie titels die perfect aansluiten bij jonge lezers. Met dit pakket kies je voor gemak \u00e9n kwaliteit in \u00e9\u00e9n.  Mocht een titel uit dit pakket niet meer beschikbaar of leverbaar zijn, vervangen wij deze altijd door een passend alternatief van gelijkwaardige kwaliteit.","og_url":"https:\/\/bukiboek.nl\/en\/product\/turkse-boekenpakket-onderbouw-klein\/","og_site_name":"BukiBoek","article_modified_time":"2026-03-28T17:30:37+00:00","og_image":[{"width":1080,"height":1080,"url":"https:\/\/bukiboek.nl\/wp-content\/uploads\/2025\/09\/Arabisch.png","type":"image\/png"}],"twitter_card":"summary_large_image","twitter_misc":{"Estimated reading time":"1 minute"},"schema":{"@context":"https:\/\/schema.org","@graph":[{"@type":"WebPage","@id":"https:\/\/bukiboek.nl\/product\/turkse-boekenpakket-onderbouw-klein\/","url":"https:\/\/bukiboek.nl\/product\/turkse-boekenpakket-onderbouw-klein\/","name":"Turks boekenpakket - Onderbouw (klein) - BukiBoek","isPartOf":{"@id":"https:\/\/bukiboek.nl\/en\/#website"},"primaryImageOfPage":{"@id":"https:\/\/bukiboek.nl\/product\/turkse-boekenpakket-onderbouw-klein\/#primaryimage"},"image":{"@id":"https:\/\/bukiboek.nl\/product\/turkse-boekenpakket-onderbouw-klein\/#primaryimage"},"thumbnailUrl":"https:\/\/bukiboek.nl\/wp-content\/uploads\/2025\/09\/Arabisch.png","datePublished":"2025-09-16T09:03:39+00:00","dateModified":"2026-03-28T17:30:37+00:00","breadcrumb":{"@id":"https:\/\/bukiboek.nl\/product\/turkse-boekenpakket-onderbouw-klein\/#breadcrumb"},"inLanguage":"en-GB","potentialAction":[{"@type":"ReadAction","target":["https:\/\/bukiboek.nl\/product\/turkse-boekenpakket-onderbouw-klein\/"]}]},{"@type":"ImageObject","inLanguage":"en-GB","@id":"https:\/\/bukiboek.nl\/product\/turkse-boekenpakket-onderbouw-klein\/#primaryimage","url":"https:\/\/bukiboek.nl\/wp-content\/uploads\/2025\/09\/Arabisch.png","contentUrl":"https:\/\/bukiboek.nl\/wp-content\/uploads\/2025\/09\/Arabisch.png","width":1080,"height":1080,"caption":"Meertalige collectie op maat. Meertalige collectie boekenpakket"},{"@type":"BreadcrumbList","@id":"https:\/\/bukiboek.nl\/product\/turkse-boekenpakket-onderbouw-klein\/#breadcrumb","itemListElement":[{"@type":"ListItem","position":1,"name":"Home","item":"https:\/\/bukiboek.nl\/"},{"@type":"ListItem","position":2,"name":"Turks boekenpakket &#8211; Onderbouw (klein)"}]},{"@type":"WebSite","@id":"https:\/\/bukiboek.nl\/en\/#website","url":"https:\/\/bukiboek.nl\/en\/","name":"BukiBook","description":"Children&#039;s books in different languages","publisher":{"@id":"https:\/\/bukiboek.nl\/en\/#organization"},"potentialAction":[{"@type":"SearchAction","target":{"@type":"EntryPoint","urlTemplate":"https:\/\/bukiboek.nl\/en\/?s={search_term_string}"},"query-input":{"@type":"PropertyValueSpecification","valueRequired":true,"valueName":"search_term_string"}}],"inLanguage":"en-GB"},{"@type":"Organization","@id":"https:\/\/bukiboek.nl\/en\/#organization","name":"BukiBook","url":"https:\/\/bukiboek.nl\/en\/","logo":{"@type":"ImageObject","inLanguage":"en-GB","@id":"https:\/\/bukiboek.nl\/en\/#\/schema\/logo\/image\/","url":"https:\/\/bukiboek.nl\/wp-content\/uploads\/2023\/01\/cropped-cropped-Transparent-Logo-1-e1675407711486.png","contentUrl":"https:\/\/bukiboek.nl\/wp-content\/uploads\/2023\/01\/cropped-cropped-Transparent-Logo-1-e1675407711486.png","width":600,"height":662,"caption":"BukiBoek"},"image":{"@id":"https:\/\/bukiboek.nl\/en\/#\/schema\/logo\/image\/"},"sameAs":["https:\/\/www.linkedin.com\/company\/74944248\/"]}]}},"_links":{"self":[{"href":"https:\/\/bukiboek.nl\/en\/wp-json\/wp\/v2\/product\/20341","targetHints":{"allow":["GET"]}}],"collection":[{"href":"https:\/\/bukiboek.nl\/en\/wp-json\/wp\/v2\/product"}],"about":[{"href":"https:\/\/bukiboek.nl\/en\/wp-json\/wp\/v2\/types\/product"}],"replies":[{"embeddable":true,"href":"https:\/\/bukiboek.nl\/en\/wp-json\/wp\/v2\/comments?post=20341"}],"wp:featuredmedia":[{"embeddable":true,"href":"https:\/\/bukiboek.nl\/en\/wp-json\/wp\/v2\/media\/20335"}],"wp:attachment":[{"href":"https:\/\/bukiboek.nl\/en\/wp-json\/wp\/v2\/media?parent=20341"}],"wp:term":[{"taxonomy":"product_brand","embeddable":true,"href":"https:\/\/bukiboek.nl\/en\/wp-json\/wp\/v2\/product_brand?post=20341"},{"taxonomy":"product_cat","embeddable":true,"href":"https:\/\/bukiboek.nl\/en\/wp-json\/wp\/v2\/product_cat?post=20341"},{"taxonomy":"product_tag","embeddable":true,"href":"https:\/\/bukiboek.nl\/en\/wp-json\/wp\/v2\/product_tag?post=20341"},{"taxonomy":"klant-ref","embeddable":true,"href":"https:\/\/bukiboek.nl\/en\/wp-json\/wp\/v2\/klant-ref?post=20341"}],"curies":[{"name":"wp","href":"https:\/\/api.w.org\/{rel}","templated":true}]}}