{"id":18817,"date":"2025-01-15T13:22:55","date_gmt":"2025-01-15T12:22:55","guid":{"rendered":"https:\/\/bukiboek.nl\/product\/aaa-bu-da-kim-sessiz-sakinin-gurultulu-maceralari-1\/"},"modified":"2026-04-28T02:58:06","modified_gmt":"2026-04-28T00:58:06","slug":"aaa-bu-da-kim-sessiz-sakinin-gurultulu-maceralari-1","status":"publish","type":"product","link":"https:\/\/bukiboek.nl\/en\/product\/aaa-bu-da-kim-sessiz-sakinin-gurultulu-maceralari-1\/","title":{"rendered":"Aaa! Bu da Kim? \/ Sessiz Sakin&#8217;in G\u00fcr\u00fclt\u00fcl\u00fc Maceralar\u0131 1"},"content":{"rendered":"<p>Sessiz Sakin leidt een rustig leven, tot er plotseling een geheimzinnig personage opduikt dat alles op zijn kop zet. Samen belanden ze in komische en chaotische avonturen vol geluid en verrassingen. Het eerste deel van een humoristische kinderboekenreeks die barst van energie.<\/p>","protected":false},"excerpt":{"rendered":"<p>Sessiz Sakin leidt een rustig leven, tot er plotseling een geheimzinnig personage opduikt dat alles op zijn kop zet. Samen belanden ze in komische en chaotische avonturen vol geluid en verrassingen. Het eerste deel van een humoristische kinderboekenreeks die barst van energie.<\/p>","protected":false},"featured_media":20035,"comment_status":"closed","ping_status":"closed","template":"","meta":{"site-sidebar-layout":"default","site-content-layout":"","ast-site-content-layout":"default","site-content-style":"default","site-sidebar-style":"default","ast-global-header-display":"","ast-banner-title-visibility":"","ast-main-header-display":"","ast-hfb-above-header-display":"","ast-hfb-below-header-display":"","ast-hfb-mobile-header-display":"","site-post-title":"","ast-breadcrumbs-content":"","ast-featured-img":"","footer-sml-layout":"","theme-transparent-header-meta":"","adv-header-id-meta":"","stick-header-meta":"","header-above-stick-meta":"","header-main-stick-meta":"","header-below-stick-meta":"","astra-migrate-meta-layouts":"default","ast-page-background-enabled":"default","ast-page-background-meta":{"desktop":{"background-color":"","background-image":"","background-repeat":"repeat","background-position":"center center","background-size":"auto","background-attachment":"scroll","background-type":"","background-media":"","overlay-type":"","overlay-color":"","overlay-opacity":"","overlay-gradient":""},"tablet":{"background-color":"","background-image":"","background-repeat":"repeat","background-position":"center center","background-size":"auto","background-attachment":"scroll","background-type":"","background-media":"","overlay-type":"","overlay-color":"","overlay-opacity":"","overlay-gradient":""},"mobile":{"background-color":"","background-image":"","background-repeat":"repeat","background-position":"center center","background-size":"auto","background-attachment":"scroll","background-type":"","background-media":"","overlay-type":"","overlay-color":"","overlay-opacity":"","overlay-gradient":""}},"ast-content-background-meta":{"desktop":{"background-color":"var(--ast-global-color-5)","background-image":"","background-repeat":"repeat","background-position":"center center","background-size":"auto","background-attachment":"scroll","background-type":"","background-media":"","overlay-type":"","overlay-color":"","overlay-opacity":"","overlay-gradient":""},"tablet":{"background-color":"var(--ast-global-color-5)","background-image":"","background-repeat":"repeat","background-position":"center center","background-size":"auto","background-attachment":"scroll","background-type":"","background-media":"","overlay-type":"","overlay-color":"","overlay-opacity":"","overlay-gradient":""},"mobile":{"background-color":"var(--ast-global-color-5)","background-image":"","background-repeat":"repeat","background-position":"center center","background-size":"auto","background-attachment":"scroll","background-type":"","background-media":"","overlay-type":"","overlay-color":"","overlay-opacity":"","overlay-gradient":""}}},"product_brand":[],"product_cat":[32],"product_tag":[45,44],"klant-ref":[],"class_list":{"0":"post-18817","1":"product","2":"type-product","3":"status-publish","4":"has-post-thumbnail","6":"product_cat-turkse-kinderboeken","7":"product_tag-10-tot-12-jaar","8":"product_tag-7-tot-9-jaar","9":"desktop-align-left","10":"tablet-align-left","11":"mobile-align-left","13":"first","14":"instock","15":"taxable","16":"shipping-taxable","17":"purchasable","18":"product-type-simple"},"yoast_head":"<!-- This site is optimized with the Yoast SEO plugin v27.5 - https:\/\/yoast.com\/product\/yoast-seo-wordpress\/ -->\n<title>Aaa! Bu da Kim? \/ Sessiz Sakin&#039;in G\u00fcr\u00fclt\u00fcl\u00fc Maceralar\u0131 1 - BukiBoek<\/title>\n<meta name=\"robots\" content=\"index, follow, max-snippet:-1, max-image-preview:large, max-video-preview:-1\" \/>\n<link rel=\"canonical\" href=\"https:\/\/bukiboek.nl\/en\/product\/aaa-bu-da-kim-sessiz-sakinin-gurultulu-maceralari-1\/\" \/>\n<meta property=\"og:locale\" content=\"en_GB\" \/>\n<meta property=\"og:type\" content=\"article\" \/>\n<meta property=\"og:title\" content=\"Aaa! Bu da Kim? \/ Sessiz Sakin&#039;in G\u00fcr\u00fclt\u00fcl\u00fc Maceralar\u0131 1 - BukiBoek\" \/>\n<meta property=\"og:description\" content=\"Sessiz Sakin leidt een rustig leven, tot er plotseling een geheimzinnig personage opduikt dat alles op zijn kop zet. Samen belanden ze in komische en chaotische avonturen vol geluid en verrassingen. Het eerste deel van een humoristische kinderboekenreeks die barst van energie.\" \/>\n<meta property=\"og:url\" content=\"https:\/\/bukiboek.nl\/en\/product\/aaa-bu-da-kim-sessiz-sakinin-gurultulu-maceralari-1\/\" \/>\n<meta property=\"og:site_name\" content=\"BukiBoek\" \/>\n<meta property=\"article:modified_time\" content=\"2026-04-28T00:58:06+00:00\" \/>\n<meta property=\"og:image\" content=\"https:\/\/bukiboek.nl\/wp-content\/uploads\/2025\/08\/0000000562630-1-2.jpg\" \/>\n\t<meta property=\"og:image:width\" content=\"260\" \/>\n\t<meta property=\"og:image:height\" content=\"400\" \/>\n\t<meta property=\"og:image:type\" content=\"image\/jpeg\" \/>\n<meta name=\"twitter:card\" content=\"summary_large_image\" \/>\n<script type=\"application\/ld+json\" class=\"yoast-schema-graph\">{\"@context\":\"https:\\\/\\\/schema.org\",\"@graph\":[{\"@type\":\"WebPage\",\"@id\":\"https:\\\/\\\/bukiboek.nl\\\/product\\\/aaa-bu-da-kim-sessiz-sakinin-gurultulu-maceralari-1\\\/\",\"url\":\"https:\\\/\\\/bukiboek.nl\\\/product\\\/aaa-bu-da-kim-sessiz-sakinin-gurultulu-maceralari-1\\\/\",\"name\":\"Aaa! Bu da Kim? \\\/ Sessiz Sakin'in G\u00fcr\u00fclt\u00fcl\u00fc Maceralar\u0131 1 - BukiBoek\",\"isPartOf\":{\"@id\":\"https:\\\/\\\/bukiboek.nl\\\/en\\\/#website\"},\"primaryImageOfPage\":{\"@id\":\"https:\\\/\\\/bukiboek.nl\\\/product\\\/aaa-bu-da-kim-sessiz-sakinin-gurultulu-maceralari-1\\\/#primaryimage\"},\"image\":{\"@id\":\"https:\\\/\\\/bukiboek.nl\\\/product\\\/aaa-bu-da-kim-sessiz-sakinin-gurultulu-maceralari-1\\\/#primaryimage\"},\"thumbnailUrl\":\"https:\\\/\\\/bukiboek.nl\\\/wp-content\\\/uploads\\\/2025\\\/08\\\/0000000562630-1-2.jpg\",\"datePublished\":\"2025-01-15T12:22:55+00:00\",\"dateModified\":\"2026-04-28T00:58:06+00:00\",\"breadcrumb\":{\"@id\":\"https:\\\/\\\/bukiboek.nl\\\/product\\\/aaa-bu-da-kim-sessiz-sakinin-gurultulu-maceralari-1\\\/#breadcrumb\"},\"inLanguage\":\"en-GB\",\"potentialAction\":[{\"@type\":\"ReadAction\",\"target\":[\"https:\\\/\\\/bukiboek.nl\\\/product\\\/aaa-bu-da-kim-sessiz-sakinin-gurultulu-maceralari-1\\\/\"]}]},{\"@type\":\"ImageObject\",\"inLanguage\":\"en-GB\",\"@id\":\"https:\\\/\\\/bukiboek.nl\\\/product\\\/aaa-bu-da-kim-sessiz-sakinin-gurultulu-maceralari-1\\\/#primaryimage\",\"url\":\"https:\\\/\\\/bukiboek.nl\\\/wp-content\\\/uploads\\\/2025\\\/08\\\/0000000562630-1-2.jpg\",\"contentUrl\":\"https:\\\/\\\/bukiboek.nl\\\/wp-content\\\/uploads\\\/2025\\\/08\\\/0000000562630-1-2.jpg\",\"width\":260,\"height\":400},{\"@type\":\"BreadcrumbList\",\"@id\":\"https:\\\/\\\/bukiboek.nl\\\/product\\\/aaa-bu-da-kim-sessiz-sakinin-gurultulu-maceralari-1\\\/#breadcrumb\",\"itemListElement\":[{\"@type\":\"ListItem\",\"position\":1,\"name\":\"Home\",\"item\":\"https:\\\/\\\/bukiboek.nl\\\/\"},{\"@type\":\"ListItem\",\"position\":2,\"name\":\"Aaa! Bu da Kim? \\\/ Sessiz Sakin&#8217;in G\u00fcr\u00fclt\u00fcl\u00fc Maceralar\u0131 1\"}]},{\"@type\":\"WebSite\",\"@id\":\"https:\\\/\\\/bukiboek.nl\\\/en\\\/#website\",\"url\":\"https:\\\/\\\/bukiboek.nl\\\/en\\\/\",\"name\":\"BukiBoek\",\"description\":\"Kinderboeken in verschillende talen\",\"publisher\":{\"@id\":\"https:\\\/\\\/bukiboek.nl\\\/en\\\/#organization\"},\"potentialAction\":[{\"@type\":\"SearchAction\",\"target\":{\"@type\":\"EntryPoint\",\"urlTemplate\":\"https:\\\/\\\/bukiboek.nl\\\/en\\\/?s={search_term_string}\"},\"query-input\":{\"@type\":\"PropertyValueSpecification\",\"valueRequired\":true,\"valueName\":\"search_term_string\"}}],\"inLanguage\":\"en-GB\"},{\"@type\":\"Organization\",\"@id\":\"https:\\\/\\\/bukiboek.nl\\\/en\\\/#organization\",\"name\":\"BukiBoek\",\"url\":\"https:\\\/\\\/bukiboek.nl\\\/en\\\/\",\"logo\":{\"@type\":\"ImageObject\",\"inLanguage\":\"en-GB\",\"@id\":\"https:\\\/\\\/bukiboek.nl\\\/en\\\/#\\\/schema\\\/logo\\\/image\\\/\",\"url\":\"https:\\\/\\\/bukiboek.nl\\\/wp-content\\\/uploads\\\/2023\\\/01\\\/cropped-cropped-Transparent-Logo-1-e1675407711486.png\",\"contentUrl\":\"https:\\\/\\\/bukiboek.nl\\\/wp-content\\\/uploads\\\/2023\\\/01\\\/cropped-cropped-Transparent-Logo-1-e1675407711486.png\",\"width\":600,\"height\":662,\"caption\":\"BukiBoek\"},\"image\":{\"@id\":\"https:\\\/\\\/bukiboek.nl\\\/en\\\/#\\\/schema\\\/logo\\\/image\\\/\"},\"sameAs\":[\"https:\\\/\\\/www.linkedin.com\\\/company\\\/74944248\\\/\"]}]}<\/script>\n<!-- \/ Yoast SEO plugin. -->","yoast_head_json":{"title":"Aaa! Bu da Kim? \/ Sessiz Sakin'in G\u00fcr\u00fclt\u00fcl\u00fc Maceralar\u0131 1 - BukiBoek","robots":{"index":"index","follow":"follow","max-snippet":"max-snippet:-1","max-image-preview":"max-image-preview:large","max-video-preview":"max-video-preview:-1"},"canonical":"https:\/\/bukiboek.nl\/en\/product\/aaa-bu-da-kim-sessiz-sakinin-gurultulu-maceralari-1\/","og_locale":"en_GB","og_type":"article","og_title":"Aaa! Bu da Kim? \/ Sessiz Sakin'in G\u00fcr\u00fclt\u00fcl\u00fc Maceralar\u0131 1 - BukiBoek","og_description":"Sessiz Sakin leidt een rustig leven, tot er plotseling een geheimzinnig personage opduikt dat alles op zijn kop zet. Samen belanden ze in komische en chaotische avonturen vol geluid en verrassingen. Het eerste deel van een humoristische kinderboekenreeks die barst van energie.","og_url":"https:\/\/bukiboek.nl\/en\/product\/aaa-bu-da-kim-sessiz-sakinin-gurultulu-maceralari-1\/","og_site_name":"BukiBoek","article_modified_time":"2026-04-28T00:58:06+00:00","og_image":[{"width":260,"height":400,"url":"https:\/\/bukiboek.nl\/wp-content\/uploads\/2025\/08\/0000000562630-1-2.jpg","type":"image\/jpeg"}],"twitter_card":"summary_large_image","schema":{"@context":"https:\/\/schema.org","@graph":[{"@type":"WebPage","@id":"https:\/\/bukiboek.nl\/product\/aaa-bu-da-kim-sessiz-sakinin-gurultulu-maceralari-1\/","url":"https:\/\/bukiboek.nl\/product\/aaa-bu-da-kim-sessiz-sakinin-gurultulu-maceralari-1\/","name":"Aaa! Bu da Kim? \/ Sessiz Sakin'in G\u00fcr\u00fclt\u00fcl\u00fc Maceralar\u0131 1 - BukiBoek","isPartOf":{"@id":"https:\/\/bukiboek.nl\/en\/#website"},"primaryImageOfPage":{"@id":"https:\/\/bukiboek.nl\/product\/aaa-bu-da-kim-sessiz-sakinin-gurultulu-maceralari-1\/#primaryimage"},"image":{"@id":"https:\/\/bukiboek.nl\/product\/aaa-bu-da-kim-sessiz-sakinin-gurultulu-maceralari-1\/#primaryimage"},"thumbnailUrl":"https:\/\/bukiboek.nl\/wp-content\/uploads\/2025\/08\/0000000562630-1-2.jpg","datePublished":"2025-01-15T12:22:55+00:00","dateModified":"2026-04-28T00:58:06+00:00","breadcrumb":{"@id":"https:\/\/bukiboek.nl\/product\/aaa-bu-da-kim-sessiz-sakinin-gurultulu-maceralari-1\/#breadcrumb"},"inLanguage":"en-GB","potentialAction":[{"@type":"ReadAction","target":["https:\/\/bukiboek.nl\/product\/aaa-bu-da-kim-sessiz-sakinin-gurultulu-maceralari-1\/"]}]},{"@type":"ImageObject","inLanguage":"en-GB","@id":"https:\/\/bukiboek.nl\/product\/aaa-bu-da-kim-sessiz-sakinin-gurultulu-maceralari-1\/#primaryimage","url":"https:\/\/bukiboek.nl\/wp-content\/uploads\/2025\/08\/0000000562630-1-2.jpg","contentUrl":"https:\/\/bukiboek.nl\/wp-content\/uploads\/2025\/08\/0000000562630-1-2.jpg","width":260,"height":400},{"@type":"BreadcrumbList","@id":"https:\/\/bukiboek.nl\/product\/aaa-bu-da-kim-sessiz-sakinin-gurultulu-maceralari-1\/#breadcrumb","itemListElement":[{"@type":"ListItem","position":1,"name":"Home","item":"https:\/\/bukiboek.nl\/"},{"@type":"ListItem","position":2,"name":"Aaa! Bu da Kim? \/ Sessiz Sakin&#8217;in G\u00fcr\u00fclt\u00fcl\u00fc Maceralar\u0131 1"}]},{"@type":"WebSite","@id":"https:\/\/bukiboek.nl\/en\/#website","url":"https:\/\/bukiboek.nl\/en\/","name":"BukiBook","description":"Children&#039;s books in different languages","publisher":{"@id":"https:\/\/bukiboek.nl\/en\/#organization"},"potentialAction":[{"@type":"SearchAction","target":{"@type":"EntryPoint","urlTemplate":"https:\/\/bukiboek.nl\/en\/?s={search_term_string}"},"query-input":{"@type":"PropertyValueSpecification","valueRequired":true,"valueName":"search_term_string"}}],"inLanguage":"en-GB"},{"@type":"Organization","@id":"https:\/\/bukiboek.nl\/en\/#organization","name":"BukiBook","url":"https:\/\/bukiboek.nl\/en\/","logo":{"@type":"ImageObject","inLanguage":"en-GB","@id":"https:\/\/bukiboek.nl\/en\/#\/schema\/logo\/image\/","url":"https:\/\/bukiboek.nl\/wp-content\/uploads\/2023\/01\/cropped-cropped-Transparent-Logo-1-e1675407711486.png","contentUrl":"https:\/\/bukiboek.nl\/wp-content\/uploads\/2023\/01\/cropped-cropped-Transparent-Logo-1-e1675407711486.png","width":600,"height":662,"caption":"BukiBoek"},"image":{"@id":"https:\/\/bukiboek.nl\/en\/#\/schema\/logo\/image\/"},"sameAs":["https:\/\/www.linkedin.com\/company\/74944248\/"]}]}},"_links":{"self":[{"href":"https:\/\/bukiboek.nl\/en\/wp-json\/wp\/v2\/product\/18817","targetHints":{"allow":["GET"]}}],"collection":[{"href":"https:\/\/bukiboek.nl\/en\/wp-json\/wp\/v2\/product"}],"about":[{"href":"https:\/\/bukiboek.nl\/en\/wp-json\/wp\/v2\/types\/product"}],"replies":[{"embeddable":true,"href":"https:\/\/bukiboek.nl\/en\/wp-json\/wp\/v2\/comments?post=18817"}],"wp:featuredmedia":[{"embeddable":true,"href":"https:\/\/bukiboek.nl\/en\/wp-json\/wp\/v2\/media\/20035"}],"wp:attachment":[{"href":"https:\/\/bukiboek.nl\/en\/wp-json\/wp\/v2\/media?parent=18817"}],"wp:term":[{"taxonomy":"product_brand","embeddable":true,"href":"https:\/\/bukiboek.nl\/en\/wp-json\/wp\/v2\/product_brand?post=18817"},{"taxonomy":"product_cat","embeddable":true,"href":"https:\/\/bukiboek.nl\/en\/wp-json\/wp\/v2\/product_cat?post=18817"},{"taxonomy":"product_tag","embeddable":true,"href":"https:\/\/bukiboek.nl\/en\/wp-json\/wp\/v2\/product_tag?post=18817"},{"taxonomy":"klant-ref","embeddable":true,"href":"https:\/\/bukiboek.nl\/en\/wp-json\/wp\/v2\/klant-ref?post=18817"}],"curies":[{"name":"wp","href":"https:\/\/api.w.org\/{rel}","templated":true}]}}