{"id":18375,"date":"2024-12-05T21:56:42","date_gmt":"2024-12-05T20:56:42","guid":{"rendered":"https:\/\/bukiboek.nl\/?post_type=product&#038;p=18375"},"modified":"2026-05-02T02:58:07","modified_gmt":"2026-05-02T00:58:07","slug":"babam-bir-caliya-donustugunde","status":"publish","type":"product","link":"https:\/\/bukiboek.nl\/en\/product\/babam-bir-caliya-donustugunde\/","title":{"rendered":"Babam Bir \u00c7al\u0131ya D\u00f6n\u00fc\u015ft\u00fc\u011f\u00fcnde"},"content":{"rendered":"<p>Op een dag verandert de vader van de hoofdpersoon plotseling in een struik. Terwijl het gezin probeert te begrijpen wat er gebeurt, bekijkt het kind de wereld vanuit dit nieuwe en absurde perspectief. Een origineel verhaal vol humor en verbeelding over familie en verandering.<\/p>","protected":false},"excerpt":{"rendered":"<p>Op een dag verandert de vader van de hoofdpersoon plotseling in een struik. Terwijl het gezin probeert te begrijpen wat er gebeurt, bekijkt het kind de wereld vanuit dit nieuwe en absurde perspectief. Een origineel verhaal vol humor en verbeelding over familie en verandering.<\/p>","protected":false},"featured_media":20030,"comment_status":"closed","ping_status":"closed","template":"","meta":{"site-sidebar-layout":"default","site-content-layout":"","ast-site-content-layout":"default","site-content-style":"default","site-sidebar-style":"default","ast-global-header-display":"","ast-banner-title-visibility":"","ast-main-header-display":"","ast-hfb-above-header-display":"","ast-hfb-below-header-display":"","ast-hfb-mobile-header-display":"","site-post-title":"","ast-breadcrumbs-content":"","ast-featured-img":"","footer-sml-layout":"","theme-transparent-header-meta":"default","adv-header-id-meta":"","stick-header-meta":"","header-above-stick-meta":"","header-main-stick-meta":"","header-below-stick-meta":"","astra-migrate-meta-layouts":"set","ast-page-background-enabled":"default","ast-page-background-meta":{"desktop":{"background-color":"","background-image":"","background-repeat":"repeat","background-position":"center center","background-size":"auto","background-attachment":"scroll","background-type":"","background-media":"","overlay-type":"","overlay-color":"","overlay-opacity":"","overlay-gradient":""},"tablet":{"background-color":"","background-image":"","background-repeat":"repeat","background-position":"center center","background-size":"auto","background-attachment":"scroll","background-type":"","background-media":"","overlay-type":"","overlay-color":"","overlay-opacity":"","overlay-gradient":""},"mobile":{"background-color":"","background-image":"","background-repeat":"repeat","background-position":"center center","background-size":"auto","background-attachment":"scroll","background-type":"","background-media":"","overlay-type":"","overlay-color":"","overlay-opacity":"","overlay-gradient":""}},"ast-content-background-meta":{"desktop":{"background-color":"var(--ast-global-color-5)","background-image":"","background-repeat":"repeat","background-position":"center center","background-size":"auto","background-attachment":"scroll","background-type":"","background-media":"","overlay-type":"","overlay-color":"","overlay-opacity":"","overlay-gradient":""},"tablet":{"background-color":"var(--ast-global-color-5)","background-image":"","background-repeat":"repeat","background-position":"center center","background-size":"auto","background-attachment":"scroll","background-type":"","background-media":"","overlay-type":"","overlay-color":"","overlay-opacity":"","overlay-gradient":""},"mobile":{"background-color":"var(--ast-global-color-5)","background-image":"","background-repeat":"repeat","background-position":"center center","background-size":"auto","background-attachment":"scroll","background-type":"","background-media":"","overlay-type":"","overlay-color":"","overlay-opacity":"","overlay-gradient":""}}},"product_brand":[],"product_cat":[32],"product_tag":[44,3174],"klant-ref":[],"class_list":{"0":"post-18375","1":"product","2":"type-product","3":"status-publish","4":"has-post-thumbnail","6":"product_cat-turkse-kinderboeken","7":"product_tag-7-tot-9-jaar","8":"product_tag-avontuur","9":"desktop-align-left","10":"tablet-align-left","11":"mobile-align-left","13":"first","14":"onbackorder","15":"taxable","16":"shipping-taxable","17":"purchasable","18":"product-type-simple"},"yoast_head":"<!-- This site is optimized with the Yoast SEO plugin v27.5 - https:\/\/yoast.com\/product\/yoast-seo-wordpress\/ -->\n<title>Babam Bir \u00c7al\u0131ya D\u00f6n\u00fc\u015ft\u00fc\u011f\u00fcnde - BukiBoek<\/title>\n<meta name=\"robots\" content=\"index, follow, max-snippet:-1, max-image-preview:large, max-video-preview:-1\" \/>\n<link rel=\"canonical\" href=\"https:\/\/bukiboek.nl\/en\/product\/babam-bir-caliya-donustugunde\/\" \/>\n<meta property=\"og:locale\" content=\"en_GB\" \/>\n<meta property=\"og:type\" content=\"article\" \/>\n<meta property=\"og:title\" content=\"Babam Bir \u00c7al\u0131ya D\u00f6n\u00fc\u015ft\u00fc\u011f\u00fcnde - BukiBoek\" \/>\n<meta property=\"og:description\" content=\"Op een dag verandert de vader van de hoofdpersoon plotseling in een struik. Terwijl het gezin probeert te begrijpen wat er gebeurt, bekijkt het kind de wereld vanuit dit nieuwe en absurde perspectief. Een origineel verhaal vol humor en verbeelding over familie en verandering.\" \/>\n<meta property=\"og:url\" content=\"https:\/\/bukiboek.nl\/en\/product\/babam-bir-caliya-donustugunde\/\" \/>\n<meta property=\"og:site_name\" content=\"BukiBoek\" \/>\n<meta property=\"article:modified_time\" content=\"2026-05-02T00:58:07+00:00\" \/>\n<meta property=\"og:image\" content=\"https:\/\/bukiboek.nl\/wp-content\/uploads\/2025\/08\/0001761274001-1.jpg\" \/>\n\t<meta property=\"og:image:width\" content=\"277\" \/>\n\t<meta property=\"og:image:height\" content=\"400\" \/>\n\t<meta property=\"og:image:type\" content=\"image\/jpeg\" \/>\n<meta name=\"twitter:card\" content=\"summary_large_image\" \/>\n<meta name=\"twitter:label1\" content=\"Estimated reading time\" \/>\n\t<meta name=\"twitter:data1\" content=\"1 minute\" \/>\n<script type=\"application\/ld+json\" class=\"yoast-schema-graph\">{\"@context\":\"https:\\\/\\\/schema.org\",\"@graph\":[{\"@type\":\"WebPage\",\"@id\":\"https:\\\/\\\/bukiboek.nl\\\/product\\\/babam-bir-caliya-donustugunde\\\/\",\"url\":\"https:\\\/\\\/bukiboek.nl\\\/product\\\/babam-bir-caliya-donustugunde\\\/\",\"name\":\"Babam Bir \u00c7al\u0131ya D\u00f6n\u00fc\u015ft\u00fc\u011f\u00fcnde - BukiBoek\",\"isPartOf\":{\"@id\":\"https:\\\/\\\/bukiboek.nl\\\/en\\\/#website\"},\"primaryImageOfPage\":{\"@id\":\"https:\\\/\\\/bukiboek.nl\\\/product\\\/babam-bir-caliya-donustugunde\\\/#primaryimage\"},\"image\":{\"@id\":\"https:\\\/\\\/bukiboek.nl\\\/product\\\/babam-bir-caliya-donustugunde\\\/#primaryimage\"},\"thumbnailUrl\":\"https:\\\/\\\/bukiboek.nl\\\/wp-content\\\/uploads\\\/2025\\\/08\\\/0001761274001-1.jpg\",\"datePublished\":\"2024-12-05T20:56:42+00:00\",\"dateModified\":\"2026-05-02T00:58:07+00:00\",\"breadcrumb\":{\"@id\":\"https:\\\/\\\/bukiboek.nl\\\/product\\\/babam-bir-caliya-donustugunde\\\/#breadcrumb\"},\"inLanguage\":\"en-GB\",\"potentialAction\":[{\"@type\":\"ReadAction\",\"target\":[\"https:\\\/\\\/bukiboek.nl\\\/product\\\/babam-bir-caliya-donustugunde\\\/\"]}]},{\"@type\":\"ImageObject\",\"inLanguage\":\"en-GB\",\"@id\":\"https:\\\/\\\/bukiboek.nl\\\/product\\\/babam-bir-caliya-donustugunde\\\/#primaryimage\",\"url\":\"https:\\\/\\\/bukiboek.nl\\\/wp-content\\\/uploads\\\/2025\\\/08\\\/0001761274001-1.jpg\",\"contentUrl\":\"https:\\\/\\\/bukiboek.nl\\\/wp-content\\\/uploads\\\/2025\\\/08\\\/0001761274001-1.jpg\",\"width\":277,\"height\":400},{\"@type\":\"BreadcrumbList\",\"@id\":\"https:\\\/\\\/bukiboek.nl\\\/product\\\/babam-bir-caliya-donustugunde\\\/#breadcrumb\",\"itemListElement\":[{\"@type\":\"ListItem\",\"position\":1,\"name\":\"Home\",\"item\":\"https:\\\/\\\/bukiboek.nl\\\/\"},{\"@type\":\"ListItem\",\"position\":2,\"name\":\"Babam Bir \u00c7al\u0131ya D\u00f6n\u00fc\u015ft\u00fc\u011f\u00fcnde\"}]},{\"@type\":\"WebSite\",\"@id\":\"https:\\\/\\\/bukiboek.nl\\\/en\\\/#website\",\"url\":\"https:\\\/\\\/bukiboek.nl\\\/en\\\/\",\"name\":\"BukiBoek\",\"description\":\"Kinderboeken in verschillende talen\",\"publisher\":{\"@id\":\"https:\\\/\\\/bukiboek.nl\\\/en\\\/#organization\"},\"potentialAction\":[{\"@type\":\"SearchAction\",\"target\":{\"@type\":\"EntryPoint\",\"urlTemplate\":\"https:\\\/\\\/bukiboek.nl\\\/en\\\/?s={search_term_string}\"},\"query-input\":{\"@type\":\"PropertyValueSpecification\",\"valueRequired\":true,\"valueName\":\"search_term_string\"}}],\"inLanguage\":\"en-GB\"},{\"@type\":\"Organization\",\"@id\":\"https:\\\/\\\/bukiboek.nl\\\/en\\\/#organization\",\"name\":\"BukiBoek\",\"url\":\"https:\\\/\\\/bukiboek.nl\\\/en\\\/\",\"logo\":{\"@type\":\"ImageObject\",\"inLanguage\":\"en-GB\",\"@id\":\"https:\\\/\\\/bukiboek.nl\\\/en\\\/#\\\/schema\\\/logo\\\/image\\\/\",\"url\":\"https:\\\/\\\/bukiboek.nl\\\/wp-content\\\/uploads\\\/2023\\\/01\\\/cropped-cropped-Transparent-Logo-1-e1675407711486.png\",\"contentUrl\":\"https:\\\/\\\/bukiboek.nl\\\/wp-content\\\/uploads\\\/2023\\\/01\\\/cropped-cropped-Transparent-Logo-1-e1675407711486.png\",\"width\":600,\"height\":662,\"caption\":\"BukiBoek\"},\"image\":{\"@id\":\"https:\\\/\\\/bukiboek.nl\\\/en\\\/#\\\/schema\\\/logo\\\/image\\\/\"},\"sameAs\":[\"https:\\\/\\\/www.linkedin.com\\\/company\\\/74944248\\\/\"]}]}<\/script>\n<!-- \/ Yoast SEO plugin. -->","yoast_head_json":{"title":"Babam Bir \u00c7al\u0131ya D\u00f6n\u00fc\u015ft\u00fc\u011f\u00fcnde - BukiBoek","robots":{"index":"index","follow":"follow","max-snippet":"max-snippet:-1","max-image-preview":"max-image-preview:large","max-video-preview":"max-video-preview:-1"},"canonical":"https:\/\/bukiboek.nl\/en\/product\/babam-bir-caliya-donustugunde\/","og_locale":"en_GB","og_type":"article","og_title":"Babam Bir \u00c7al\u0131ya D\u00f6n\u00fc\u015ft\u00fc\u011f\u00fcnde - BukiBoek","og_description":"Op een dag verandert de vader van de hoofdpersoon plotseling in een struik. Terwijl het gezin probeert te begrijpen wat er gebeurt, bekijkt het kind de wereld vanuit dit nieuwe en absurde perspectief. Een origineel verhaal vol humor en verbeelding over familie en verandering.","og_url":"https:\/\/bukiboek.nl\/en\/product\/babam-bir-caliya-donustugunde\/","og_site_name":"BukiBoek","article_modified_time":"2026-05-02T00:58:07+00:00","og_image":[{"width":277,"height":400,"url":"https:\/\/bukiboek.nl\/wp-content\/uploads\/2025\/08\/0001761274001-1.jpg","type":"image\/jpeg"}],"twitter_card":"summary_large_image","twitter_misc":{"Estimated reading time":"1 minute"},"schema":{"@context":"https:\/\/schema.org","@graph":[{"@type":"WebPage","@id":"https:\/\/bukiboek.nl\/product\/babam-bir-caliya-donustugunde\/","url":"https:\/\/bukiboek.nl\/product\/babam-bir-caliya-donustugunde\/","name":"Babam Bir \u00c7al\u0131ya D\u00f6n\u00fc\u015ft\u00fc\u011f\u00fcnde - BukiBoek","isPartOf":{"@id":"https:\/\/bukiboek.nl\/en\/#website"},"primaryImageOfPage":{"@id":"https:\/\/bukiboek.nl\/product\/babam-bir-caliya-donustugunde\/#primaryimage"},"image":{"@id":"https:\/\/bukiboek.nl\/product\/babam-bir-caliya-donustugunde\/#primaryimage"},"thumbnailUrl":"https:\/\/bukiboek.nl\/wp-content\/uploads\/2025\/08\/0001761274001-1.jpg","datePublished":"2024-12-05T20:56:42+00:00","dateModified":"2026-05-02T00:58:07+00:00","breadcrumb":{"@id":"https:\/\/bukiboek.nl\/product\/babam-bir-caliya-donustugunde\/#breadcrumb"},"inLanguage":"en-GB","potentialAction":[{"@type":"ReadAction","target":["https:\/\/bukiboek.nl\/product\/babam-bir-caliya-donustugunde\/"]}]},{"@type":"ImageObject","inLanguage":"en-GB","@id":"https:\/\/bukiboek.nl\/product\/babam-bir-caliya-donustugunde\/#primaryimage","url":"https:\/\/bukiboek.nl\/wp-content\/uploads\/2025\/08\/0001761274001-1.jpg","contentUrl":"https:\/\/bukiboek.nl\/wp-content\/uploads\/2025\/08\/0001761274001-1.jpg","width":277,"height":400},{"@type":"BreadcrumbList","@id":"https:\/\/bukiboek.nl\/product\/babam-bir-caliya-donustugunde\/#breadcrumb","itemListElement":[{"@type":"ListItem","position":1,"name":"Home","item":"https:\/\/bukiboek.nl\/"},{"@type":"ListItem","position":2,"name":"Babam Bir \u00c7al\u0131ya D\u00f6n\u00fc\u015ft\u00fc\u011f\u00fcnde"}]},{"@type":"WebSite","@id":"https:\/\/bukiboek.nl\/en\/#website","url":"https:\/\/bukiboek.nl\/en\/","name":"BukiBook","description":"Children&#039;s books in different languages","publisher":{"@id":"https:\/\/bukiboek.nl\/en\/#organization"},"potentialAction":[{"@type":"SearchAction","target":{"@type":"EntryPoint","urlTemplate":"https:\/\/bukiboek.nl\/en\/?s={search_term_string}"},"query-input":{"@type":"PropertyValueSpecification","valueRequired":true,"valueName":"search_term_string"}}],"inLanguage":"en-GB"},{"@type":"Organization","@id":"https:\/\/bukiboek.nl\/en\/#organization","name":"BukiBook","url":"https:\/\/bukiboek.nl\/en\/","logo":{"@type":"ImageObject","inLanguage":"en-GB","@id":"https:\/\/bukiboek.nl\/en\/#\/schema\/logo\/image\/","url":"https:\/\/bukiboek.nl\/wp-content\/uploads\/2023\/01\/cropped-cropped-Transparent-Logo-1-e1675407711486.png","contentUrl":"https:\/\/bukiboek.nl\/wp-content\/uploads\/2023\/01\/cropped-cropped-Transparent-Logo-1-e1675407711486.png","width":600,"height":662,"caption":"BukiBoek"},"image":{"@id":"https:\/\/bukiboek.nl\/en\/#\/schema\/logo\/image\/"},"sameAs":["https:\/\/www.linkedin.com\/company\/74944248\/"]}]}},"_links":{"self":[{"href":"https:\/\/bukiboek.nl\/en\/wp-json\/wp\/v2\/product\/18375","targetHints":{"allow":["GET"]}}],"collection":[{"href":"https:\/\/bukiboek.nl\/en\/wp-json\/wp\/v2\/product"}],"about":[{"href":"https:\/\/bukiboek.nl\/en\/wp-json\/wp\/v2\/types\/product"}],"replies":[{"embeddable":true,"href":"https:\/\/bukiboek.nl\/en\/wp-json\/wp\/v2\/comments?post=18375"}],"wp:featuredmedia":[{"embeddable":true,"href":"https:\/\/bukiboek.nl\/en\/wp-json\/wp\/v2\/media\/20030"}],"wp:attachment":[{"href":"https:\/\/bukiboek.nl\/en\/wp-json\/wp\/v2\/media?parent=18375"}],"wp:term":[{"taxonomy":"product_brand","embeddable":true,"href":"https:\/\/bukiboek.nl\/en\/wp-json\/wp\/v2\/product_brand?post=18375"},{"taxonomy":"product_cat","embeddable":true,"href":"https:\/\/bukiboek.nl\/en\/wp-json\/wp\/v2\/product_cat?post=18375"},{"taxonomy":"product_tag","embeddable":true,"href":"https:\/\/bukiboek.nl\/en\/wp-json\/wp\/v2\/product_tag?post=18375"},{"taxonomy":"klant-ref","embeddable":true,"href":"https:\/\/bukiboek.nl\/en\/wp-json\/wp\/v2\/klant-ref?post=18375"}],"curies":[{"name":"wp","href":"https:\/\/api.w.org\/{rel}","templated":true}]}}